{"id":298,"date":"2021-12-16T11:50:18","date_gmt":"2021-12-16T14:50:18","guid":{"rendered":"https:\/\/3itserver.com.br\/site-de-desenvolvedor\/?page_id=298"},"modified":"2022-01-19T11:43:27","modified_gmt":"2022-01-19T14:43:27","slug":"conheca-o-rpps","status":"publish","type":"page","link":"https:\/\/3itserver.com.br\/site-de-desenvolvedor\/institucional\/conheca-o-rpps\/","title":{"rendered":"Conhe\u00e7a o RPPS"},"content":{"rendered":"\nRegime Pr\u00f3prio de Previd\u00eancia Social \u00e9 um sistema de previd\u00eancia, estabelecido no \u00e2mbito de cada ente federativo, que assegure, por lei, a todos os servidores titulares de cargo efetivo, pelo menos os benef\u00edcios de aposentadoria e pens\u00e3o por morte previstos no artigo 40 da Constitui\u00e7\u00e3o Federal.\n\nS\u00e3o intitulados de Regimes Pr\u00f3prios porque cada ente p\u00fablico da Federa\u00e7\u00e3o (Uni\u00e3o, Estados, Distrito Federal e Munic\u00edpios) pode ter o seu, cuja finalidade \u00e9 organizar a previd\u00eancia dos servidores p\u00fablicos titulares de cargo efetivo, tanto daqueles em atividade, como daqueles j\u00e1 aposentados e tamb\u00e9m dos pensionistas, cujos benef\u00edcios estejam sendo pagos pelo ente estatal.\n<br>\n<strong><em>(Fonte: Previd\u00eancia Social)<\/em><\/strong>\n<br>\n<table style=\"border: none !important; margin-bottom: 30px; margin-top: 50px;\" width=\"100%\">\n<thead>\n<tr>\n<th style=\"text-align: center; border: none; border-bottom: 1px solid #ccc;\" colspan=\"2\"><strong>Instituto de Previd\u00eancia XXXXXXXXXXXXXXXXXXX<\/strong><\/th>\n<\/tr>\n<\/thead>\n<tbody>\n<tr>\n<td style=\"text-align: center; border: none;\">Data de Cria\u00e7\u00e3o<\/td>\n<td style=\"text-align: center; border: none;\">XXXXXXXXX<\/td>\n<\/tr>\n<tr>\n<td style=\"text-align: center; border: none;\">Lei que institui o RPPS<\/td>\n<td style=\"text-align: center; border: none;\">Lei N\u00ba XXXX\/XXXX<\/td>\n<\/tr>\n<tr>\n<td style=\"text-align: center; border: none; border-bottom: 1px solid #ccc;\">Gestor Atual<\/td>\n<td style=\"text-align: center; border: none; border-bottom: 1px solid #ccc;\">XXXXXXXXXXXXX<\/td>\n<\/tr>\n<\/tbody>\n<\/table>\n","protected":false},"excerpt":{"rendered":"<p>Regime Pr\u00f3prio de Previd\u00eancia Social \u00e9 um sistema de previd\u00eancia, estabelecido no \u00e2mbito de cada ente federativo, que assegure, por lei, a todos os servidores titulares de cargo efetivo, pelo menos os benef\u00edcios de aposentadoria e pens\u00e3o por morte previstos no artigo 40 da Constitui\u00e7\u00e3o Federal. S\u00e3o intitulados de Regimes Pr\u00f3prios porque cada ente p\u00fablico [&hellip;]<\/p>\n","protected":false},"author":1,"featured_media":0,"parent":169,"menu_order":0,"comment_status":"closed","ping_status":"closed","template":"","meta":{"_et_pb_use_builder":"off","_et_pb_old_content":"<!-- wp:html -->\nRegime Pr\u00f3prio de Previd\u00eancia Social \u00e9 um sistema de previd\u00eancia, estabelecido no \u00e2mbito de cada ente federativo, que assegure, por lei, a todos os servidores titulares de cargo efetivo, pelo menos os benef\u00edcios de aposentadoria e pens\u00e3o por morte previstos no artigo 40 da Constitui\u00e7\u00e3o Federal.\n\nS\u00e3o intitulados de Regimes Pr\u00f3prios porque cada ente p\u00fablico da Federa\u00e7\u00e3o (Uni\u00e3o, Estados, Distrito Federal e Munic\u00edpios) pode ter o seu, cuja finalidade \u00e9 organizar a previd\u00eancia dos servidores p\u00fablicos titulares de cargo efetivo, tanto daqueles em atividade, como daqueles j\u00e1 aposentados e tamb\u00e9m dos pensionistas, cujos benef\u00edcios estejam sendo pagos pelo ente estatal.\n<br>\n<strong><em>(Fonte: Previd\u00eancia Social)<\/em><\/strong>\n<br>\n<table style=\"border: none !important; margin-bottom: 30px; margin-top: 50px;\" width=\"100%\">\n<thead>\n<tr>\n<th style=\"text-align: center; border: none; border-bottom: 1px solid #ccc;\" colspan=\"2\"><strong>Instituto de Previd\u00eancia XXXXXXXXXXXXXXXXXXX<\/strong><\/th>\n<\/tr>\n<\/thead>\n<tbody>\n<tr>\n<td style=\"text-align: center; border: none;\">Data de Cria\u00e7\u00e3o<\/td>\n<td style=\"text-align: center; border: none;\">XXXXXXXXX<\/td>\n<\/tr>\n<tr>\n<td style=\"text-align: center; border: none;\">Lei que institui o RPPS<\/td>\n<td style=\"text-align: center; border: none;\">Lei N\u00ba XXXX\/XXXX<\/td>\n<\/tr>\n<tr>\n<td style=\"text-align: center; border: none; border-bottom: 1px solid #ccc;\">Gestor Atual<\/td>\n<td style=\"text-align: center; border: none; border-bottom: 1px solid #ccc;\">XXXXXXXXXXXXX<\/td>\n<\/tr>\n<\/tbody>\n<\/table>\n<!-- \/wp:html -->","_et_gb_content_width":"","footnotes":""},"class_list":["post-298","page","type-page","status-publish","hentry"],"_links":{"self":[{"href":"https:\/\/3itserver.com.br\/site-de-desenvolvedor\/wp-json\/wp\/v2\/pages\/298","targetHints":{"allow":["GET"]}}],"collection":[{"href":"https:\/\/3itserver.com.br\/site-de-desenvolvedor\/wp-json\/wp\/v2\/pages"}],"about":[{"href":"https:\/\/3itserver.com.br\/site-de-desenvolvedor\/wp-json\/wp\/v2\/types\/page"}],"author":[{"embeddable":true,"href":"https:\/\/3itserver.com.br\/site-de-desenvolvedor\/wp-json\/wp\/v2\/users\/1"}],"replies":[{"embeddable":true,"href":"https:\/\/3itserver.com.br\/site-de-desenvolvedor\/wp-json\/wp\/v2\/comments?post=298"}],"version-history":[{"count":5,"href":"https:\/\/3itserver.com.br\/site-de-desenvolvedor\/wp-json\/wp\/v2\/pages\/298\/revisions"}],"predecessor-version":[{"id":862,"href":"https:\/\/3itserver.com.br\/site-de-desenvolvedor\/wp-json\/wp\/v2\/pages\/298\/revisions\/862"}],"up":[{"embeddable":true,"href":"https:\/\/3itserver.com.br\/site-de-desenvolvedor\/wp-json\/wp\/v2\/pages\/169"}],"wp:attachment":[{"href":"https:\/\/3itserver.com.br\/site-de-desenvolvedor\/wp-json\/wp\/v2\/media?parent=298"}],"curies":[{"name":"wp","href":"https:\/\/api.w.org\/{rel}","templated":true}]}}