{"id":169,"date":"2021-12-15T16:07:04","date_gmt":"2021-12-15T19:07:04","guid":{"rendered":"https:\/\/3itserver.com.br\/site-de-desenvolvedor\/?page_id=169"},"modified":"2023-12-28T16:34:38","modified_gmt":"2023-12-28T19:34:38","slug":"institucional","status":"publish","type":"page","link":"https:\/\/3itserver.com.br\/site-de-desenvolvedor\/institucional\/","title":{"rendered":"Institucional"},"content":{"rendered":"\n<blockquote class=\"wp-block-quote is-layout-flow wp-block-quote-is-layout-flow\"><p><a href=\"https:\/\/3itserver.com.br\/site-de-desenvolvedor\/institucional\/conheca-a-cidade\/\">Conhe\u00e7a a Cidade<\/a><\/p><\/blockquote>\n\n\n\n<blockquote class=\"wp-block-quote is-layout-flow wp-block-quote-is-layout-flow\"><p><a href=\"https:\/\/3itserver.com.br\/site-de-desenvolvedor\/institucional\/conheca-o-rpps\/\">Conhe\u00e7a o RPPS<\/a><\/p><\/blockquote>\n\n\n\n<blockquote class=\"wp-block-quote is-layout-flow wp-block-quote-is-layout-flow\"><p><a href=\"https:\/\/3itserver.com.br\/site-de-desenvolvedor\/institucional\/contato\/\">Contato<\/a><\/p><\/blockquote>\n\n\n\n<blockquote class=\"wp-block-quote is-layout-flow wp-block-quote-is-layout-flow\"><p><a href=\"https:\/\/3itserver.com.br\/site-de-desenvolvedor\/institucional\/noticias\/\">Not\u00edcias<\/a><\/p><\/blockquote>\n\n\n\n<p><\/p>\n","protected":false},"excerpt":{"rendered":"<p>Conhe\u00e7a a Cidade Conhe\u00e7a o RPPS Contato Not\u00edcias<\/p>\n","protected":false},"author":1,"featured_media":0,"parent":0,"menu_order":0,"comment_status":"closed","ping_status":"closed","template":"","meta":{"_et_pb_use_builder":"off","_et_pb_old_content":"","_et_gb_content_width":"","footnotes":""},"class_list":["post-169","page","type-page","status-publish","hentry"],"_links":{"self":[{"href":"https:\/\/3itserver.com.br\/site-de-desenvolvedor\/wp-json\/wp\/v2\/pages\/169","targetHints":{"allow":["GET"]}}],"collection":[{"href":"https:\/\/3itserver.com.br\/site-de-desenvolvedor\/wp-json\/wp\/v2\/pages"}],"about":[{"href":"https:\/\/3itserver.com.br\/site-de-desenvolvedor\/wp-json\/wp\/v2\/types\/page"}],"author":[{"embeddable":true,"href":"https:\/\/3itserver.com.br\/site-de-desenvolvedor\/wp-json\/wp\/v2\/users\/1"}],"replies":[{"embeddable":true,"href":"https:\/\/3itserver.com.br\/site-de-desenvolvedor\/wp-json\/wp\/v2\/comments?post=169"}],"version-history":[{"count":5,"href":"https:\/\/3itserver.com.br\/site-de-desenvolvedor\/wp-json\/wp\/v2\/pages\/169\/revisions"}],"predecessor-version":[{"id":978,"href":"https:\/\/3itserver.com.br\/site-de-desenvolvedor\/wp-json\/wp\/v2\/pages\/169\/revisions\/978"}],"wp:attachment":[{"href":"https:\/\/3itserver.com.br\/site-de-desenvolvedor\/wp-json\/wp\/v2\/media?parent=169"}],"curies":[{"name":"wp","href":"https:\/\/api.w.org\/{rel}","templated":true}]}}