{"id":869,"date":"2021-07-01T10:38:12","date_gmt":"2021-07-01T13:38:12","guid":{"rendered":"https:\/\/3itserver.com.br\/palmeiraprev\/?page_id=869"},"modified":"2025-05-05T11:53:34","modified_gmt":"2025-05-05T14:53:34","slug":"institucional","status":"publish","type":"page","link":"https:\/\/3itserver.com.br\/palmeiraprev\/institucional\/","title":{"rendered":"Institucional"},"content":{"rendered":"\n<blockquote class=\"wp-block-quote is-layout-flow wp-block-quote-is-layout-flow\">\n<p><a href=\"https:\/\/3itserver.com.br\/palmeiraprev\/conheca-a-cidade\/\" data-type=\"link\" data-id=\"https:\/\/3itserver.com.br\/palmeiraprev\/conheca-a-cidade\/\">Conhe\u00e7a a Cidade<\/a><\/p>\n<\/blockquote>\n\n\n\n<blockquote class=\"wp-block-quote is-layout-flow wp-block-quote-is-layout-flow\">\n<p><a href=\"https:\/\/3itserver.com.br\/palmeiraprev\/conheca-o-rpps\/\">Conhe\u00e7a o RPPS<\/a><\/p>\n<\/blockquote>\n\n\n\n<blockquote class=\"wp-block-quote is-layout-flow wp-block-quote-is-layout-flow\">\n<p><a href=\"https:\/\/3itserver.com.br\/palmeiraprev\/institucional\/contato\/\" data-type=\"link\" data-id=\"https:\/\/3itserver.com.br\/palmeiraprev\/institucional\/contato\/\">Contato<\/a><\/p>\n<\/blockquote>\n\n\n\n<blockquote class=\"wp-block-quote is-layout-flow wp-block-quote-is-layout-flow\">\n<p><a href=\"https:\/\/3itserver.com.br\/palmeiraprev\/institucional\/noticias\/\">Not\u00edcias<\/a><\/p>\n<\/blockquote>\n\n\n\n<blockquote class=\"wp-block-quote is-layout-flow wp-block-quote-is-layout-flow\">\n<p><a href=\"https:\/\/3itserver.com.br\/palmeiraprev\/institucional\/estrutura-administrativa\/\" data-type=\"link\" data-id=\"https:\/\/3itserver.com.br\/palmeiraprev\/institucional\/estrutura-administrativa\/\">Estrutura Administrativa<\/a><\/p>\n<\/blockquote>\n\n\n\n<blockquote class=\"wp-block-quote is-layout-flow wp-block-quote-is-layout-flow\">\n<p><a href=\"https:\/\/3itserver.com.br\/palmeiraprev\/institucional\/estatuto-dos-funcionarios-publicos-do-municipio-de-palmeira-dos-indios\/\" data-type=\"link\" data-id=\"https:\/\/3itserver.com.br\/palmeiraprev\/institucional\/estatuto-dos-funcionarios-publicos-do-municipio-de-palmeira-dos-indios\/\">Estatuto dos Funcion\u00e1rios P\u00fablicos do Munic\u00edpio de Palmeira dos \u00cdndios<\/a><\/p>\n<\/blockquote>\n","protected":false},"excerpt":{"rendered":"<p>Conhe\u00e7a a Cidade Conhe\u00e7a o RPPS Contato Not\u00edcias Estrutura Administrativa Estatuto dos Funcion\u00e1rios P\u00fablicos do Munic\u00edpio de Palmeira dos \u00cdndios<\/p>\n","protected":false},"author":1,"featured_media":0,"parent":0,"menu_order":0,"comment_status":"closed","ping_status":"closed","template":"","meta":{"_et_pb_use_builder":"","_et_pb_old_content":"","_et_gb_content_width":"","footnotes":""},"class_list":["post-869","page","type-page","status-publish","hentry"],"_links":{"self":[{"href":"https:\/\/3itserver.com.br\/palmeiraprev\/wp-json\/wp\/v2\/pages\/869","targetHints":{"allow":["GET"]}}],"collection":[{"href":"https:\/\/3itserver.com.br\/palmeiraprev\/wp-json\/wp\/v2\/pages"}],"about":[{"href":"https:\/\/3itserver.com.br\/palmeiraprev\/wp-json\/wp\/v2\/types\/page"}],"author":[{"embeddable":true,"href":"https:\/\/3itserver.com.br\/palmeiraprev\/wp-json\/wp\/v2\/users\/1"}],"replies":[{"embeddable":true,"href":"https:\/\/3itserver.com.br\/palmeiraprev\/wp-json\/wp\/v2\/comments?post=869"}],"version-history":[{"count":2,"href":"https:\/\/3itserver.com.br\/palmeiraprev\/wp-json\/wp\/v2\/pages\/869\/revisions"}],"predecessor-version":[{"id":2284,"href":"https:\/\/3itserver.com.br\/palmeiraprev\/wp-json\/wp\/v2\/pages\/869\/revisions\/2284"}],"wp:attachment":[{"href":"https:\/\/3itserver.com.br\/palmeiraprev\/wp-json\/wp\/v2\/media?parent=869"}],"curies":[{"name":"wp","href":"https:\/\/api.w.org\/{rel}","templated":true}]}}