{"id":865,"date":"2021-07-01T10:36:43","date_gmt":"2021-07-01T13:36:43","guid":{"rendered":"https:\/\/3itserver.com.br\/palmeiraprev\/?page_id=865"},"modified":"2022-02-03T15:38:46","modified_gmt":"2022-02-03T18:38:46","slug":"estrutura-administrativa","status":"publish","type":"page","link":"https:\/\/3itserver.com.br\/palmeiraprev\/institucional\/estrutura-administrativa\/","title":{"rendered":"Estrutura Administrativa"},"content":{"rendered":"<p><b><em>ESTRUTURA ADMINISTRATIVA &#8211; PALMEIRA PREV<\/em><\/b><\/p>\n<p><b>CONTATO GERAL:<\/b>\u00a0(82) 3421.3070<br \/>\n<b>E-MAIL:<\/b>\u00a0palmeiraprev@hotmail.com<\/p>\n<p><b>ADRAILTON BERNADO DA SILVA &#8211; (PRESIDENTE)<\/b><br \/>\nSERVIDOR P\u00daBLICO DO MUNIC\u00cdPIO DE PALMEIRA DOS \u00cdNDIOS<br \/>\n<b>ESCOLARIDADE:<\/b><br \/>\nGRADUADO EM LICENCIATURA EM QU\u00cdMICA<br \/>\nGRADUADO EM CI\u00caNCIAS CONT\u00c1BEIS<br \/>\nP\u00d3S-GRADUADO EM REGIME PR\u00d3PRIO DE PREVID\u00caNCIA<br \/>\nP\u00d3S-GRADUADO EM GEST\u00c3O P\u00daBLICA<\/p>\n<p><b>MILENE ARA\u00daJO DOS SANTOS &#8211; (DIRETORA FINANCEIRA \u2013 PORTADORA DO CGRPPS N\u00b0 2234 ADVOGADA (OAB\/AL 13.668))<\/b><br \/>\nSERVIDORA P\u00daBLICA DO MUNIC\u00cdPIO DE PALMEIRA DOS \u00cdNDIOS, DESDE 2010.<\/p>\n<p><b>JOS\u00c9 VIANA DA SILVA FILHO &#8211; (DIRETOR ADMINISTRATIVO)<\/b><br \/>\nSERVIDOR P\u00daBLICO<br \/>\nGRADUA\u00c7\u00c3O EM HIST\u00d3RIA<\/p>\n<p><b>JORIVAL FRAN\u00c7A DE OLIVEIRA JUNIO &#8211; (ASSESSOR T\u00c9CNICO JUR\u00cdDICO ADVOGADO)<\/b><br \/>\nFRAN\u00c7A E MADEIRA ADVOGADOS ASSOCIADOS<\/p>\n<p><b>CLEIDE FERREIRA DOS SANTOS &#8211; (AGENTE ADMINISTRATIVO)<\/b><br \/>\nSERVIDORA P\u00daBLICA<br \/>\nGRADUADA EM GEOGRAFIA<br \/>\nP\u00d3S-GRADUADA EM POL\u00cdTICAS P\u00daBLICAS<\/p>\n<p><b>YASMIN BARROS WANDERLEY OLIVEIRA &#8211; (AGENTE ADMINISTRATIVO)<\/b><br \/>\nFUNCION\u00c1RIA P\u00daBLICA<br \/>\nBACHARELA EM DIREITO<br \/>\nP\u00d3S-GRADUADA EM DIREITO PREVIDENCI\u00c1RIO<\/p>\n<p><b>LUCIANO FARIAS BEZERRA &#8211; (AGENTE ADMINISTRATIVO)<\/b><br \/>\nFUNCION\u00c1RIO P\u00daBLICO<\/p>\n<p><b>EVANDRO DA SILVA BELO &#8211; (AGENTE ADMINISTRATIVO)<\/b><br \/>\nFUNCION\u00c1RIO P\u00daBLICO<br \/>\nBACHAREL EM DIREITO<br \/>\nGRADUANDO EM LICENCIATURA EM HIST\u00d3RIA<br \/>\nP\u00d3S GRADUANDO EM DEIREITO PREVIDENCI\u00c1RIO<\/p>\n<p><b>ANA L\u00daCIA BEZERRA DA SILVA<\/b><br \/>\nSERVIDORA P\u00daBLICA<br \/>\nSERVI\u00c7AL<\/p>\n","protected":false},"excerpt":{"rendered":"<p>ESTRUTURA ADMINISTRATIVA &#8211; PALMEIRA PREV CONTATO GERAL:\u00a0(82) 3421.3070 E-MAIL:\u00a0palmeiraprev@hotmail.com ADRAILTON BERNADO DA SILVA &#8211; (PRESIDENTE) SERVIDOR P\u00daBLICO DO MUNIC\u00cdPIO DE PALMEIRA DOS \u00cdNDIOS ESCOLARIDADE: GRADUADO EM LICENCIATURA EM QU\u00cdMICA GRADUADO EM CI\u00caNCIAS CONT\u00c1BEIS P\u00d3S-GRADUADO EM REGIME PR\u00d3PRIO DE PREVID\u00caNCIA P\u00d3S-GRADUADO EM GEST\u00c3O P\u00daBLICA MILENE ARA\u00daJO DOS SANTOS &#8211; (DIRETORA FINANCEIRA \u2013 PORTADORA DO CGRPPS N\u00b0 [&hellip;]<\/p>\n","protected":false},"author":1,"featured_media":0,"parent":869,"menu_order":0,"comment_status":"closed","ping_status":"closed","template":"","meta":{"_et_pb_use_builder":"","_et_pb_old_content":"","_et_gb_content_width":"","footnotes":""},"class_list":["post-865","page","type-page","status-publish","hentry"],"_links":{"self":[{"href":"https:\/\/3itserver.com.br\/palmeiraprev\/wp-json\/wp\/v2\/pages\/865","targetHints":{"allow":["GET"]}}],"collection":[{"href":"https:\/\/3itserver.com.br\/palmeiraprev\/wp-json\/wp\/v2\/pages"}],"about":[{"href":"https:\/\/3itserver.com.br\/palmeiraprev\/wp-json\/wp\/v2\/types\/page"}],"author":[{"embeddable":true,"href":"https:\/\/3itserver.com.br\/palmeiraprev\/wp-json\/wp\/v2\/users\/1"}],"replies":[{"embeddable":true,"href":"https:\/\/3itserver.com.br\/palmeiraprev\/wp-json\/wp\/v2\/comments?post=865"}],"version-history":[{"count":4,"href":"https:\/\/3itserver.com.br\/palmeiraprev\/wp-json\/wp\/v2\/pages\/865\/revisions"}],"predecessor-version":[{"id":1203,"href":"https:\/\/3itserver.com.br\/palmeiraprev\/wp-json\/wp\/v2\/pages\/865\/revisions\/1203"}],"up":[{"embeddable":true,"href":"https:\/\/3itserver.com.br\/palmeiraprev\/wp-json\/wp\/v2\/pages\/869"}],"wp:attachment":[{"href":"https:\/\/3itserver.com.br\/palmeiraprev\/wp-json\/wp\/v2\/media?parent=865"}],"curies":[{"name":"wp","href":"https:\/\/api.w.org\/{rel}","templated":true}]}}