{"id":812,"date":"2021-06-24T13:26:24","date_gmt":"2021-06-24T16:26:24","guid":{"rendered":"https:\/\/3itserver.com.br\/palmeiraprev\/?page_id=812"},"modified":"2025-05-05T12:26:54","modified_gmt":"2025-05-05T15:26:54","slug":"parcelamentos","status":"publish","type":"page","link":"https:\/\/3itserver.com.br\/palmeiraprev\/transparencia\/parcelamentos\/","title":{"rendered":"Parcelamentos"},"content":{"rendered":"<div class=\"table-2\">\n<table id=\"data\" class=\"hover\" width=\"100%\">\n<thead>\n<tr>\n<th>Ano<\/th>\n<th>M\u00eas<\/th>\n<th>Descri\u00e7\u00e3o<\/th>\n<th>Visualizar<\/th>\n<\/tr>\n<\/thead>\n<tbody>\n<p><!-- Guias de Parcelamento 2019 -->\t<\/p>\n<tr>\n<td>2019<\/td>\n<td>05<\/td>\n<td>Guias de Parcelamento<\/td>\n<td><a href=\"https:\/\/3itserver.com.br\/palmeiraprev\/wp-content\/uploads\/2021\/06\/PARCELAMENTO-MAIO-2019.pdf\" target=\"_blank\" rel=\"noopener\"><i class=\"fa fa-file\"><\/i> Visualizar<\/a><\/td>\n<\/tr>\n<tr>\n<td>2019<\/td>\n<td>04<\/td>\n<td>Guias de Parcelamento<\/td>\n<td><a href=\"https:\/\/3itserver.com.br\/palmeiraprev\/wp-content\/uploads\/2021\/06\/PARCELAMENTO-ABRIL-2019.pdf\" target=\"_blank\" rel=\"noopener\"><i class=\"fa fa-file\"><\/i> Visualizar<\/a><\/td>\n<\/tr>\n<tr>\n<td>2019<\/td>\n<td>03<\/td>\n<td>Guias de Parcelamento<\/td>\n<td><a href=\"https:\/\/3itserver.com.br\/palmeiraprev\/wp-content\/uploads\/2021\/06\/PARCELAMENTO-MAR\u00c7O-2019.pdf\"><i class=\"fa fa-file\"><\/i> Visualizar<\/a><\/td>\n<\/tr>\n<tr>\n<td>2019<\/td>\n<td>02<\/td>\n<td>Guias de Parcelamento<\/td>\n<td><a href=\"https:\/\/3itserver.com.br\/palmeiraprev\/wp-content\/uploads\/2021\/06\/PARCELAMENTO-FEVEREIRO-2019.pdf\" target=\"_blank\" rel=\"noopener\"><i class=\"fa fa-file\"><\/i> Visualizar<\/a><\/td>\n<\/tr>\n<tr>\n<td>2019<\/td>\n<td>01<\/td>\n<td>Guias de Parcelamento<\/td>\n<td><a href=\"https:\/\/3itserver.com.br\/palmeiraprev\/wp-content\/uploads\/2021\/06\/PARCELAMENTO-JANEIRO-2019.pdf\"><i class=\"fa fa-file\"><\/i> Visualizar<\/a><\/td>\n<\/tr>\n<p><!-- Guias de Parcelamento 2018 --><\/p>\n<tr>\n<td>2018<\/td>\n<td>12<\/td>\n<td>Guias de Parcelamento<\/td>\n<td><a href=\"https:\/\/3itserver.com.br\/palmeiraprev\/wp-content\/uploads\/2021\/06\/PARCELAMENTO-DEZEMBRO-2018.pdf\" target=\"_blank\" rel=\"noopener\"><i class=\"fa fa-file\"><\/i> Visualizar<\/a><\/td>\n<\/tr>\n<tr>\n<td>2018<\/td>\n<td>11<\/td>\n<td>Guias de Parcelamento<\/td>\n<td><a href=\"https:\/\/3itserver.com.br\/palmeiraprev\/wp-content\/uploads\/2021\/06\/PARCELAMENTO-NOVEMBRO-2018.pdf\" target=\"_blank\" rel=\"noopener\"><i class=\"fa fa-file\"><\/i> Visualizar<\/a><\/td>\n<\/tr>\n<tr>\n<td>2018<\/td>\n<td>10<\/td>\n<td>Guias de Parcelamento<\/td>\n<td><a href=\"https:\/\/3itserver.com.br\/palmeiraprev\/wp-content\/uploads\/2021\/06\/PARCELAMENTO-OUTUBRO-2018.pdf\" target=\"_blank\" rel=\"noopener\"><i class=\"fa fa-file\"><\/i> Visualizar<\/a><\/td>\n<\/tr>\n<\/tr>\n<tr>\n<td>2018<\/td>\n<td>09<\/td>\n<td>Guias de Parcelamento<\/td>\n<td><a href=\"https:\/\/3itserver.com.br\/palmeiraprev\/wp-content\/uploads\/2021\/06\/PARCELAMENTO-SETEMBRO-2018.pdf\" target=\"_blank\" rel=\"noopener\"><i class=\"fa fa-file\"><\/i> Visualizar<\/a><\/td>\n<\/tr>\n<tr>\n<td>2018<\/td>\n<td>08<\/td>\n<td>Guias de Parcelamento<\/td>\n<td><a href=\"https:\/\/3itserver.com.br\/palmeiraprev\/wp-content\/uploads\/2021\/06\/PARCELAMENTO-AGOSTO-2018.pdf\" target=\"_blank\" rel=\"noopener\"><i class=\"fa fa-file\"><\/i> Visualizar<\/a><\/td>\n<\/tr>\n<tr>\n<td>2018<\/td>\n<td>07<\/td>\n<td>Guias de Parcelamento<\/td>\n<td><a href=\"https:\/\/3itserver.com.br\/palmeiraprev\/wp-content\/uploads\/2021\/06\/PARCELAMENTO-JULHO-2018.pdf\" target=\"_blank\" rel=\"noopener\"><i class=\"fa fa-file\"><\/i> Visualizar<\/a><\/td>\n<\/tr>\n<tr>\n<td>2018<\/td>\n<td>06<\/td>\n<td>Guias de Parcelamento<\/td>\n<td><a href=\"https:\/\/3itserver.com.br\/palmeiraprev\/wp-content\/uploads\/2021\/06\/PARCELAMENTO-JUNHO-2018.pdf\" target=\"_blank\" rel=\"noopener\"><i class=\"fa fa-file\"><\/i> Visualizar<\/a><\/td>\n<\/tr>\n<tr>\n<td>2018<\/td>\n<td>05<\/td>\n<td>Guias de Parcelamento<\/td>\n<td><a href=\"https:\/\/3itserver.com.br\/palmeiraprev\/wp-content\/uploads\/2021\/06\/PARCELAMENTO-MAIO-2018.pdf\" target=\"_blank\" rel=\"noopener\"><i class=\"fa fa-file\"><\/i> Visualizar<\/a><\/td>\n<\/tr>\n<tr>\n<td>2018<\/td>\n<td>04<\/td>\n<td>Guias de Parcelamento<\/td>\n<td><a href=\"https:\/\/3itserver.com.br\/palmeiraprev\/wp-content\/uploads\/2021\/06\/PARCELAMENTO-ABRIL-2018.pdf\" target=\"_blank\" rel=\"noopener\"><i class=\"fa fa-file\"><\/i> Visualizar<\/a><\/td>\n<\/tr>\n<tr>\n<td>2018<\/td>\n<td>03<\/td>\n<td>Guias de Parcelamento<\/td>\n<td><a href=\"https:\/\/3itserver.com.br\/palmeiraprev\/wp-content\/uploads\/2021\/06\/PARCELAMENTO-MAR\u00c7O-2018.pdf\" target=\"_blank\" rel=\"noopener\"><i class=\"fa fa-file\"><\/i> Visualizar<\/a><\/td>\n<\/tr>\n<tr>\n<td>2018<\/td>\n<td>02<\/td>\n<td>Guias de Parcelamento<\/td>\n<td><a href=\"https:\/\/3itserver.com.br\/palmeiraprev\/wp-content\/uploads\/2021\/06\/PARCELAMENTO-FEVEREIRO-2018.pdf\" target=\"_blank\" rel=\"noopener\"><i class=\"fa fa-file\"><\/i> Visualizar<\/a><\/td>\n<\/tr>\n<tr>\n<td>2018<\/td>\n<td>01<\/td>\n<td>Guias de Parcelamento<\/td>\n<td><a href=\"https:\/\/3itserver.com.br\/palmeiraprev\/wp-content\/uploads\/2021\/06\/PARCELAMENTO-JANEIRO-2018.pdf\" target=\"_blank\" rel=\"noopener\"><i class=\"fa fa-file\"><\/i> Visualizar<\/a><\/td>\n<\/tr>\n<p><!-- Guias de Parcelamento 2017 --><\/p>\n<tr>\n<td>2017<\/td>\n<td>12<\/td>\n<td>Guias de Parcelamento<\/td>\n<td><a href=\"https:\/\/3itserver.com.br\/palmeiraprev\/wp-content\/uploads\/2021\/06\/PARCELAMENTO-DEZEMBRO-2017.pdf\" target=\"_blank\" rel=\"noopener\"><i class=\"fa fa-file\"><\/i> Visualizar<\/a><\/td>\n<\/tr>\n<tr>\n<td>2017<\/td>\n<td>11<\/td>\n<td>Guias de Parcelamento<\/td>\n<td><a href=\"https:\/\/3itserver.com.br\/palmeiraprev\/wp-content\/uploads\/2021\/06\/PARCELAMENTO-NOVEMBRO-2017.pdf\" target=\"_blank\" rel=\"noopener\"><i class=\"fa fa-file\"><\/i> Visualizar<\/a><\/td>\n<\/tr>\n<tr>\n<td>2017<\/td>\n<td>10<\/td>\n<td>Guias de Parcelamento<\/td>\n<td><a href=\"https:\/\/3itserver.com.br\/palmeiraprev\/wp-content\/uploads\/2021\/06\/PARCELAMENTO-OUTUBRO-2017.pdf\" target=\"_blank\" rel=\"noopener\"><i class=\"fa fa-file\"><\/i> Visualizar<\/a><\/td>\n<\/tr>\n<\/tr>\n<tr>\n<td>2017<\/td>\n<td>09<\/td>\n<td>Guias de Parcelamento<\/td>\n<td><a href=\"https:\/\/3itserver.com.br\/palmeiraprev\/wp-content\/uploads\/2021\/06\/PARCELAMENTO-SETEMBRO-2017.pdf\" target=\"_blank\" rel=\"noopener\"><i class=\"fa fa-file\"><\/i> Visualizar<\/a><\/td>\n<\/tr>\n<tr>\n<td>2017<\/td>\n<td>08<\/td>\n<td>Guias de Parcelamento<\/td>\n<td><a href=\"https:\/\/3itserver.com.br\/palmeiraprev\/wp-content\/uploads\/2021\/06\/PARCELAMENTO-AGOSTO-2017.pdf\" target=\"_blank\" rel=\"noopener\"><i class=\"fa fa-file\"><\/i> Visualizar<\/a><\/td>\n<\/tr>\n<tr>\n<td>2017<\/td>\n<td>07<\/td>\n<td>Guias de Parcelamento<\/td>\n<td><a href=\"https:\/\/3itserver.com.br\/palmeiraprev\/wp-content\/uploads\/2021\/06\/PARCELAMENTO-JULHO-2017.pdf\" target=\"_blank\" rel=\"noopener\"><i class=\"fa fa-file\"><\/i> Visualizar<\/a><\/td>\n<\/tr>\n<tr>\n<td>2017<\/td>\n<td>06<\/td>\n<td>Guias de Parcelamento<\/td>\n<td><a href=\"https:\/\/3itserver.com.br\/palmeiraprev\/wp-content\/uploads\/2021\/06\/PARCELAMENTO-JUNHO-2017.pdf\" target=\"_blank\" rel=\"noopener\"><i class=\"fa fa-file\"><\/i> Visualizar<\/a><\/td>\n<\/tr>\n<tr>\n<td>2017<\/td>\n<td>05<\/td>\n<td>Guias de Parcelamento<\/td>\n<td><a href=\"https:\/\/3itserver.com.br\/palmeiraprev\/wp-content\/uploads\/2021\/06\/PARCELAMENTO-MAIO-2017.pdf\" target=\"_blank\" rel=\"noopener\"><i class=\"fa fa-file\"><\/i> Visualizar<\/a><\/td>\n<\/tr>\n<tr>\n<td>2017<\/td>\n<td>04<\/td>\n<td>Guias de Parcelamento<\/td>\n<td><a href=\"https:\/\/3itserver.com.br\/palmeiraprev\/wp-content\/uploads\/2021\/06\/PARCELAMENTO-ABRIL-2017.pdf\" target=\"_blank\" rel=\"noopener\"><i class=\"fa fa-file\"><\/i> Visualizar<\/a><\/td>\n<\/tr>\n<tr>\n<td>2017<\/td>\n<td>03<\/td>\n<td>Guias de Parcelamento<\/td>\n<td><a href=\"https:\/\/3itserver.com.br\/palmeiraprev\/wp-content\/uploads\/2021\/06\/PARCELAMENTO-MAR\u00c7O-2017.pdf\" target=\"_blank\" rel=\"noopener\"><i class=\"fa fa-file\"><\/i> Visualizar<\/a><\/td>\n<\/tr>\n<tr>\n<td>2017<\/td>\n<td>02<\/td>\n<td>Guias de Parcelamento<\/td>\n<td><a href=\"https:\/\/3itserver.com.br\/palmeiraprev\/wp-content\/uploads\/2021\/06\/PARCELAMENTO-FEVEREIRO-2017.pdf\" target=\"_blank\" rel=\"noopener\"><i class=\"fa fa-file\"><\/i> Visualizar<\/a><\/td>\n<\/tr>\n<tr>\n<td>2017<\/td>\n<td>01<\/td>\n<td>Guias de Parcelamento<\/td>\n<td><a href=\"https:\/\/3itserver.com.br\/palmeiraprev\/wp-content\/uploads\/2021\/06\/PARCELAMENTO-JANEIRO-2017.pdf\" target=\"_blank\" rel=\"noopener\"><i class=\"fa fa-file\"><\/i> Visualizar<\/a><\/td>\n<\/tr>\n<\/tbody>\n<\/table>\n<\/div>\n<div id=\"icpbravoaccess_loaded\"><\/div>\n<div id=\"icpbravoaccess_loaded\"><\/div>\n<div id=\"icpbravoaccess_loaded\"><\/div>\n","protected":false},"excerpt":{"rendered":"<p>Ano M\u00eas Descri\u00e7\u00e3o Visualizar 2019 05 Guias de Parcelamento Visualizar 2019 04 Guias de Parcelamento Visualizar 2019 03 Guias de Parcelamento Visualizar 2019 02 Guias de Parcelamento Visualizar 2019 01 Guias de Parcelamento Visualizar 2018 12 Guias de Parcelamento Visualizar 2018 11 Guias de Parcelamento Visualizar 2018 10 Guias de Parcelamento Visualizar 2018 09 Guias [&hellip;]<\/p>\n","protected":false},"author":1,"featured_media":0,"parent":2212,"menu_order":0,"comment_status":"closed","ping_status":"closed","template":"","meta":{"_et_pb_use_builder":"","_et_pb_old_content":"","_et_gb_content_width":"","footnotes":""},"class_list":["post-812","page","type-page","status-publish","hentry"],"_links":{"self":[{"href":"https:\/\/3itserver.com.br\/palmeiraprev\/wp-json\/wp\/v2\/pages\/812","targetHints":{"allow":["GET"]}}],"collection":[{"href":"https:\/\/3itserver.com.br\/palmeiraprev\/wp-json\/wp\/v2\/pages"}],"about":[{"href":"https:\/\/3itserver.com.br\/palmeiraprev\/wp-json\/wp\/v2\/types\/page"}],"author":[{"embeddable":true,"href":"https:\/\/3itserver.com.br\/palmeiraprev\/wp-json\/wp\/v2\/users\/1"}],"replies":[{"embeddable":true,"href":"https:\/\/3itserver.com.br\/palmeiraprev\/wp-json\/wp\/v2\/comments?post=812"}],"version-history":[{"count":2,"href":"https:\/\/3itserver.com.br\/palmeiraprev\/wp-json\/wp\/v2\/pages\/812\/revisions"}],"predecessor-version":[{"id":843,"href":"https:\/\/3itserver.com.br\/palmeiraprev\/wp-json\/wp\/v2\/pages\/812\/revisions\/843"}],"up":[{"embeddable":true,"href":"https:\/\/3itserver.com.br\/palmeiraprev\/wp-json\/wp\/v2\/pages\/2212"}],"wp:attachment":[{"href":"https:\/\/3itserver.com.br\/palmeiraprev\/wp-json\/wp\/v2\/media?parent=812"}],"curies":[{"name":"wp","href":"https:\/\/api.w.org\/{rel}","templated":true}]}}