{"id":30,"date":"2018-03-02T10:12:14","date_gmt":"2018-03-02T13:12:14","guid":{"rendered":"http:\/\/ipsemp.com.br\/?page_id=30"},"modified":"2021-06-08T11:12:27","modified_gmt":"2021-06-08T14:12:27","slug":"conheca-a-cidade","status":"publish","type":"page","link":"https:\/\/3itserver.com.br\/palmeiraprev\/conheca-a-cidade\/","title":{"rendered":"Conhe\u00e7a a Cidade"},"content":{"rendered":"<h3 class=\"hist__texto\"><strong>Hist\u00f3rico<\/strong><\/h3>\n<p class=\"hist__texto\">As terras ocupadas pelo munic\u00edpio de Palmeira dos \u00cdndios constitu\u00edam primitivamente um aldeamento dos \u00edndios Chucurus, que a\u00ed se estabeleceram em meados do s\u00e9culo XVII. Tinham esses ind\u00edgenas o seu habitat cercado de esbeltas palmeiras, bem pr\u00f3ximo ao sop\u00e9 da serra onde hoje se ergue a cidade de Palmeira dos \u00edndios. O nome do munic\u00edpio veio, pois, em conseq\u00fc\u00eancia dos seus primeiros habitantes e do fato da abund\u00e2ncia de palmeiras que ent\u00e3o havia em seus campos &#8211; Palmeira dos \u00cdndios.<\/p>\n<p><strong>Gent\u00edlico: palmeirense<\/strong><\/p>\n<p><strong>Forma\u00e7\u00e3o administrativa<\/strong><\/p>\n<p class=\"hist__texto\">Distrito criado com a denomina\u00e7\u00e3o de Palmeira dos \u00cdndios em 1798.<\/p>\n<p class=\"hist__texto\">Elevado \u00e0 categoria de vila com a denomina\u00e7\u00e3o de Palmeira dos \u00cdndios, pela Resolu\u00e7\u00e3o n.\u00ba 10, de 10-04-1835, desmembrada da Vila de Atalaia. Sede na povoa\u00e7\u00e3o de Palmeira dos \u00cdndios.<\/p>\n<p class=\"hist__texto\">Pela Lei Provincial n.\u00ba 43, de 04-05-1846, a vila \u00e9 extinta sendo seu territ\u00f3rio anexado ao munic\u00edpio de Anadia.<\/p>\n<p class=\"hist__texto\">Elevado novamente \u00e0 categoria de vila, com a denomina\u00e7\u00e3o de Palmeira dos \u00cdndios, pela Lei n.\u00ba 209, de 23-06-1853, sendo desmembrado do munic\u00edpio de Anadia.<\/p>\n<p class=\"hist__texto\">Elevado \u00e0 condi\u00e7\u00e3o de cidade, pela Lei Provincial n.\u00ba 1113, de 20-08-1889.<\/p>\n<p class=\"hist__texto\">Em divis\u00e3o administrativa referente ao ano de 1911, o munic\u00edpio \u00e9 constitu\u00eddo do distrito sede.<\/p>\n<p class=\"hist__texto\">Nos quadros do Recenseamento Geral de 1-IX-1920 o munic\u00edpio aparece constitu\u00eddo de 2 distritos: Palmeira dos \u00cdndios e Olho d\u2019\u00c1gua.<\/p>\n<p class=\"hist__texto\">Em divis\u00f5es territoriais de 31-XII-1936 e 31-XII-1937 o munic\u00edpio aparece constitu\u00eddo de 4 distritos: Palmeira dos \u00cdndios, Cacimbinhas, Caldeir\u00f5es de Cima e Olho d\u2019\u00c1gua Acioli. Assim permanecendo no quadro fixado para vigora no per\u00edodo de 1944 a 1948.<\/p>\n<p class=\"hist__texto\">Pela Lei n.\u00ba 1.473, de 17-09-1949, \u00e9 criado o distrito de Minador do Negr\u00e3o com terras desmembradas do distrito de Cacimbinha e anexado ao munic\u00edpio de Palmeira dos \u00cdndios. Sob a mesma Lei o distrito de Olho d\u2019\u00c1gua do Acioli passou a denominar-se Igaci.<\/p>\n<p class=\"hist__texto\">Em divis\u00e3o territorial datada de 1-VII-1950 o munic\u00edpio \u00e9 constitu\u00eddo de 5 distritos: Palmeira dos \u00cdndios, Cacimbinhas, Caldeir\u00f5es de Cima, Igaci e Minador do Negr\u00e3o.<\/p>\n<p class=\"hist__texto\">Pela Lei Municipal n.\u00ba 150, de 04-11-1952, \u00e9 criado distrito de Canafistula e anexado ao munic\u00edpio de Palmeira dos \u00cdndios.<\/p>\n<p class=\"hist__texto\">Em divis\u00e3o territorial datada de 1-VII-1955, o munic\u00edpio \u00e9 constitu\u00eddo de 6 distritos: Palmeira dos \u00cdndios, Cacimbinhas, Caldeir\u00f5es de Cima, Canafistula, Igaci e Minador do Negr\u00e3o.<\/p>\n<p class=\"hist__texto\">A Lei Estadual n.\u00ba 2.087, de 27-12-1957, desmembra do munic\u00edpio de Palmeira dos \u00cdndios o distrito de Igaci, elevado \u00e0 categoria de munic\u00edpio.<\/p>\n<p class=\"hist__texto\">A Lei Estadual n.\u00ba 2.108, de 19-09-1958, desmembra do munic\u00edpio de Palmeira dos \u00cdndios o distrito de Cacimbinhas, elevado \u00e0 categoria de munic\u00edpio.<\/p>\n<p class=\"hist__texto\">Em divis\u00e3o territorial datada de 1-VII-1960 o munic\u00edpio \u00e9 constitu\u00eddo de 4 distritos: Palmeira dos \u00cdndios, Caldeir\u00f5es de Cima, Canaf\u00edstula e Minador do Negr\u00e3o.<\/p>\n<p class=\"hist__texto\">A Lei Estadual n.\u00ba 2.470, de 27-08-1962, desmembra do munic\u00edpio de Palmeira dos \u00cdndios o distrito de Minador do Negr\u00e3o, elevado \u00e0 categoria de munic\u00edpio<\/p>\n<p class=\"hist__texto\">Em divis\u00e3o territorial datada de 31-XII-1963 o munic\u00edpio \u00e9 constitu\u00eddo de 3 distritos: Palmeira dos \u00cdndios, Caldeir\u00f5es de Cima e Canaf\u00edstula. Assim permanecendo em divis\u00e3o territorial datada de 2014.<\/p>\n<p><em>Fonte:\u00a0<a href=\"https:\/\/cidades.ibge.gov.br\/brasil\/al\/palmeira-dos-indios\/historico\">https:\/\/cidades.ibge.gov.br\/brasil\/al\/palmeira-dos-indios\/historico<\/a><\/em><\/p>\n<div id=\"icpbravoaccess_loaded\"><\/div>\n","protected":false},"excerpt":{"rendered":"<p>Hist\u00f3rico As terras ocupadas pelo munic\u00edpio de Palmeira dos \u00cdndios constitu\u00edam primitivamente um aldeamento dos \u00edndios Chucurus, que a\u00ed se estabeleceram em meados do s\u00e9culo XVII. Tinham esses ind\u00edgenas o seu habitat cercado de esbeltas palmeiras, bem pr\u00f3ximo ao sop\u00e9 da serra onde hoje se ergue a cidade de Palmeira dos \u00edndios. O nome do [&hellip;]<\/p>\n","protected":false},"author":1,"featured_media":0,"parent":0,"menu_order":0,"comment_status":"closed","ping_status":"closed","template":"","meta":{"_et_pb_use_builder":"","_et_pb_old_content":"","_et_gb_content_width":"","footnotes":""},"class_list":["post-30","page","type-page","status-publish","hentry"],"_links":{"self":[{"href":"https:\/\/3itserver.com.br\/palmeiraprev\/wp-json\/wp\/v2\/pages\/30","targetHints":{"allow":["GET"]}}],"collection":[{"href":"https:\/\/3itserver.com.br\/palmeiraprev\/wp-json\/wp\/v2\/pages"}],"about":[{"href":"https:\/\/3itserver.com.br\/palmeiraprev\/wp-json\/wp\/v2\/types\/page"}],"author":[{"embeddable":true,"href":"https:\/\/3itserver.com.br\/palmeiraprev\/wp-json\/wp\/v2\/users\/1"}],"replies":[{"embeddable":true,"href":"https:\/\/3itserver.com.br\/palmeiraprev\/wp-json\/wp\/v2\/comments?post=30"}],"version-history":[{"count":4,"href":"https:\/\/3itserver.com.br\/palmeiraprev\/wp-json\/wp\/v2\/pages\/30\/revisions"}],"predecessor-version":[{"id":386,"href":"https:\/\/3itserver.com.br\/palmeiraprev\/wp-json\/wp\/v2\/pages\/30\/revisions\/386"}],"wp:attachment":[{"href":"https:\/\/3itserver.com.br\/palmeiraprev\/wp-json\/wp\/v2\/media?parent=30"}],"curies":[{"name":"wp","href":"https:\/\/api.w.org\/{rel}","templated":true}]}}