{"id":2278,"date":"2025-05-05T11:47:42","date_gmt":"2025-05-05T14:47:42","guid":{"rendered":"https:\/\/3itserver.com.br\/palmeiraprev\/?page_id=2278"},"modified":"2025-05-05T11:47:43","modified_gmt":"2025-05-05T14:47:43","slug":"membros","status":"publish","type":"page","link":"https:\/\/3itserver.com.br\/palmeiraprev\/governanca-corporativa\/conselho-fiscal-e-de-administracao\/membros\/","title":{"rendered":"Membros"},"content":{"rendered":"\n<p><strong><em><ins>ESTRUTURA DOS MEMBROS DO CONSELHO ADMINISTRATIVO<\/ins><\/em><\/strong><\/p>\n\n\n\n<p><strong>CLEIDE FERREIRA DOS SANTOS \u2013 (MEMBRO DO CONSELHO ADMINISTRATIVO)<\/strong><br>ATO DE NOMEA\u00c7\u00c3O 05 DE JANEIRO DE 2022<br>SERVIDOR P\u00daBLICO<br>AGENTE ADMINISTRATIVO<br>GRADUADA EM GEOGRAFIA<br>P\u00d3S-GRADUADA EM POL\u00cdTICAS P\u00daBLICAS<\/p>\n\n\n\n<p><strong>MARCELA VIEIRA DA SILVA \u2013 (MEMBRO DO CONSELHO ADMINISTRATIVO)<\/strong><br>ATO DE NOMEA\u00c7\u00c3O 05 DE JANEIRO DE 2022<br>SERVIDOR P\u00daBLICO<br>GRADUADA EM SERVI\u00c7O SOCIAL<br>ESPECIALIZA\u00c7\u00c3O EM GEST\u00c3O DOS DIEREITOS SOCIAIS<\/p>\n\n\n\n<p><strong>K\u00c1TIA LUCIANA FERNANDES FERREIRA \u2013 (MEMBRO DO CONSELHO ADMINISTRATIVO)<\/strong><br>ATO DE NOMEA\u00c7\u00c3O 05 DE JANEIRO DE 2022<br>SERVIDOR P\u00daBLICO<br>GRADUADA EM PEDAG\u00d3GICA<br>ESPECIALIZA\u00c7\u00c3O EM ENSINO RELIGIOSO<\/p>\n\n\n\n<p><strong>JOS\u00c9 ELEUT\u00c9RIO DA SILVA \u2013 (MEMBRO DO CONSELHO ADMINISTRATIVO)<\/strong><br>ATO DE NOMEA\u00c7\u00c3O 05 DE JANEIRO DE 2022<br>SERVIDOR P\u00daBLICO<br>GRADUADO EM DIREITO<br>ESPECIALIAZA\u00c7\u00c3O EM DIREITO P\u00daBLICO<\/p>\n\n\n\n<p><strong>GIVANILDO MARQUES DA SILVA \u2013 (MEMBRO DO CONSELHO ADMINISTRATIVO)<\/strong><br>ATO DE NOMEA\u00c7\u00c3O 05 DE JANEIRO DE 2022<br>SERVIDOR P\u00daBLICO<br>GRADUADO EM D<br>ESPECIALIAZA\u00c7\u00c3O<\/p>\n\n\n\n<p><strong>\u00c2NGELA MARIA DA SILVA (MEMBRO DO CONSELHO ADMINISTRATIVO)<\/strong><br>ATO DE NOMEA\u00c7\u00c3O 05 DE JANEIRO DE 2022.<br>SERVIDOR P\u00daBLICO<br>GRADUA\u00c7\u00c3O: PEGAGOGIA<br>P\u00d3S GRADUA\u00c7\u00c3O EM PISICOPEDAGOGIA<\/p>\n\n\n\n<p><\/p>\n\n\n\n<p><strong><em><ins>ESTRUTURA DOS MEMBROS DO CONSELHO FISCAL<\/ins><\/em><\/strong><\/p>\n\n\n\n<p><strong>VANDEL\u00daCIA VIEIRA DOS SANTOS \u2013 (MEMBRO DO CONSELHO FISCAL)<\/strong><br>ATO DE NOMEA\u00c7\u00c3O 05 DE JANEIRO DE 2022<br>SERVIDOR P\u00daBLICO<br>GRADUADA EM PEDAGOGIA<br>P\u00d3S-GRADUADA EM METODOLOGIA DO ENSINO SUPERIOR<br>COORDENA\u00c7\u00c3O COM \u00caNFASE EM GEST\u00c3O PEDAG\u00d3GICA<\/p>\n\n\n\n<p><strong>JOS\u00c9 CARLOS DA SILVA SOUZA \u2013 (MEMBRO DO CONSELHO FISCAL)<\/strong><br>SERVIDOR P\u00daBLICO<br>ATO DE NOMEA\u00c7\u00c3O 05 DE JANEIRO DE 2022<br>GRADUADO EM FILOSOFIA<\/p>\n\n\n\n<p><strong>MARIA JOS\u00c9 PINTO DA SILVA \u2013 (MEMBRO DO CONSELHO FISCAL REPRESENTANTE DOS INATIVOS)<\/strong><br>ATO DE NOMEA\u00c7\u00c3O 05 DE JANEIRO DE 2022<br>SERVIDOR P\u00daBLICO<br>GRADUADA EM PEDAGOGIA<br>ESPECIALIZA\u00c7\u00c3O EM GEST\u00c3O DO TRABALHO PEDAGOGIA.<\/p>\n\n\n\n<p><strong>MARIA ELIS\u00c2NGELA NUNES DA SILVA \u2013 (MEMBRO DO CONSELHO FISCAL)<\/strong><br>ATO DE NOMEA\u00c7\u00c3O 05 DE JANEIRO DE 2022<br>SERVIDOR P\u00daBLICO<br>GRADUADA EM CI\u00caNCIAS CONT\u00c9BEIS<\/p>\n\n\n\n<h3 class=\"wp-block-heading has-text-align-center\"><strong>JUNTA DE RECURSOS<\/strong><\/h3>\n\n\n\n<p><\/p>\n\n\n\n<p><strong>MARIA APARECIDA DA SILVA (MEMBRO JUNTA DE RECURSOS REPRESENTANTE DOS ATIVO, INATICOS E PENSIONISTAS)<\/strong><br>ATO DE NOMEA\u00c7\u00c3O 13 DE JANEIRO DE 2022.<br>SERVIDOR P\u00daBLICO<br>GRADUA\u00c7\u00c3O: HIST\u00d3RIA<\/p>\n\n\n\n<p><strong>ROSELMA MARIA DA CONCEI\u00c7\u00c3O GREG\u00d3RIO (MEMBRO DA JUNTA DE RECURSOS)<\/strong><br>ATO DE NOMEA\u00c7\u00c3O 13 DE JANEIRO DE 2022.<br>SERVIDOR P\u00daBLICO<br>GRADUA\u00c7\u00c3O: HIST\u00d3RIA (ESPECIALIZA\u00c7\u00c3O EM DIRETO HUMANOS)<\/p>\n\n\n\n<p><strong>ANTONIO DE MELO TORRES \u2013 (MEMBRO DA JUNTA RECURSOS)<\/strong><br>ATO DE NOMEA\u00c7\u00c3O 13 DE JANEIRO DE 2022<br>SERVIDOR P\u00daBLICO<br>GRADUA\u00c7\u00c3O EM LICENCIATURA PLENA EM HIST\u00d3RIA<br>P\u00d3S-GRADUA\u00c7\u00c3O EM HIST\u00d3RIA DO NORDESTE BRASILEIRO<\/p>\n","protected":false},"excerpt":{"rendered":"<p>ESTRUTURA DOS MEMBROS DO CONSELHO ADMINISTRATIVO CLEIDE FERREIRA DOS SANTOS \u2013 (MEMBRO DO CONSELHO ADMINISTRATIVO)ATO DE NOMEA\u00c7\u00c3O 05 DE JANEIRO DE 2022SERVIDOR P\u00daBLICOAGENTE ADMINISTRATIVOGRADUADA EM GEOGRAFIAP\u00d3S-GRADUADA EM POL\u00cdTICAS P\u00daBLICAS MARCELA VIEIRA DA SILVA \u2013 (MEMBRO DO CONSELHO ADMINISTRATIVO)ATO DE NOMEA\u00c7\u00c3O 05 DE JANEIRO DE 2022SERVIDOR P\u00daBLICOGRADUADA EM SERVI\u00c7O SOCIALESPECIALIZA\u00c7\u00c3O EM GEST\u00c3O DOS DIEREITOS SOCIAIS K\u00c1TIA [&hellip;]<\/p>\n","protected":false},"author":1,"featured_media":0,"parent":2272,"menu_order":0,"comment_status":"closed","ping_status":"closed","template":"","meta":{"_et_pb_use_builder":"off","_et_pb_old_content":"","_et_gb_content_width":"","footnotes":""},"class_list":["post-2278","page","type-page","status-publish","hentry"],"_links":{"self":[{"href":"https:\/\/3itserver.com.br\/palmeiraprev\/wp-json\/wp\/v2\/pages\/2278","targetHints":{"allow":["GET"]}}],"collection":[{"href":"https:\/\/3itserver.com.br\/palmeiraprev\/wp-json\/wp\/v2\/pages"}],"about":[{"href":"https:\/\/3itserver.com.br\/palmeiraprev\/wp-json\/wp\/v2\/types\/page"}],"author":[{"embeddable":true,"href":"https:\/\/3itserver.com.br\/palmeiraprev\/wp-json\/wp\/v2\/users\/1"}],"replies":[{"embeddable":true,"href":"https:\/\/3itserver.com.br\/palmeiraprev\/wp-json\/wp\/v2\/comments?post=2278"}],"version-history":[{"count":3,"href":"https:\/\/3itserver.com.br\/palmeiraprev\/wp-json\/wp\/v2\/pages\/2278\/revisions"}],"predecessor-version":[{"id":2281,"href":"https:\/\/3itserver.com.br\/palmeiraprev\/wp-json\/wp\/v2\/pages\/2278\/revisions\/2281"}],"up":[{"embeddable":true,"href":"https:\/\/3itserver.com.br\/palmeiraprev\/wp-json\/wp\/v2\/pages\/2272"}],"wp:attachment":[{"href":"https:\/\/3itserver.com.br\/palmeiraprev\/wp-json\/wp\/v2\/media?parent=2278"}],"curies":[{"name":"wp","href":"https:\/\/api.w.org\/{rel}","templated":true}]}}