{"id":2266,"date":"2025-05-05T11:31:08","date_gmt":"2025-05-05T14:31:08","guid":{"rendered":"https:\/\/3itserver.com.br\/palmeiraprev\/?page_id=2266"},"modified":"2025-05-08T11:29:04","modified_gmt":"2025-05-08T14:29:04","slug":"atas-de-reunioes","status":"publish","type":"page","link":"https:\/\/3itserver.com.br\/palmeiraprev\/governanca-corporativa\/comite-de-investimentos\/atas-de-reunioes\/","title":{"rendered":"Atas de Reuni\u00f5es"},"content":{"rendered":"<table id=\"data\" class=\"hover responsive\" width=\"100%\">\n<thead>\n<tr>\n<th>M\u00eas<\/th>\n<th>Descri\u00e7\u00e3o<\/th>\n<th style=\"width: 85px;\">Visualizar<\/th>\n<\/tr>\n<\/thead>\n<tbody>\n<tr>\n<td align=\"center\"><span style=\"display: none;\">20240410<\/span>15\/05\/2024<\/td>\n<td align=\"center\">Ata de Reuni\u00e3o do Comit\u00ea de Investimentos<\/td>\n<td align=\"center\"><a href=\"https:\/\/3itserver.com.br\/palmeiraprev\/wp-content\/uploads\/2024\/11\/ATA-DE-REUNI\u00c3O-COMITE-DE-INVESTIMENTO-15.05.2024.pdf\" target=\"_blank\" rel=\"noopener\">Visualizar<\/a><\/td>\n<\/tr>\n<\/tbody>\n<\/table>\n<div id=\"icpbravoaccess_loaded\"><\/div>\n<div id=\"icpbravoaccess_loaded\"><\/div>\n","protected":false},"excerpt":{"rendered":"<p>M\u00eas Descri\u00e7\u00e3o Visualizar 2024041015\/05\/2024 Ata de Reuni\u00e3o do Comit\u00ea de Investimentos Visualizar<\/p>\n","protected":false},"author":1,"featured_media":0,"parent":2267,"menu_order":0,"comment_status":"closed","ping_status":"closed","template":"","meta":{"_et_pb_use_builder":"off","_et_pb_old_content":"","_et_gb_content_width":"","footnotes":""},"class_list":["post-2266","page","type-page","status-publish","hentry"],"_links":{"self":[{"href":"https:\/\/3itserver.com.br\/palmeiraprev\/wp-json\/wp\/v2\/pages\/2266","targetHints":{"allow":["GET"]}}],"collection":[{"href":"https:\/\/3itserver.com.br\/palmeiraprev\/wp-json\/wp\/v2\/pages"}],"about":[{"href":"https:\/\/3itserver.com.br\/palmeiraprev\/wp-json\/wp\/v2\/types\/page"}],"author":[{"embeddable":true,"href":"https:\/\/3itserver.com.br\/palmeiraprev\/wp-json\/wp\/v2\/users\/1"}],"replies":[{"embeddable":true,"href":"https:\/\/3itserver.com.br\/palmeiraprev\/wp-json\/wp\/v2\/comments?post=2266"}],"version-history":[{"count":2,"href":"https:\/\/3itserver.com.br\/palmeiraprev\/wp-json\/wp\/v2\/pages\/2266\/revisions"}],"predecessor-version":[{"id":2363,"href":"https:\/\/3itserver.com.br\/palmeiraprev\/wp-json\/wp\/v2\/pages\/2266\/revisions\/2363"}],"up":[{"embeddable":true,"href":"https:\/\/3itserver.com.br\/palmeiraprev\/wp-json\/wp\/v2\/pages\/2267"}],"wp:attachment":[{"href":"https:\/\/3itserver.com.br\/palmeiraprev\/wp-json\/wp\/v2\/media?parent=2266"}],"curies":[{"name":"wp","href":"https:\/\/api.w.org\/{rel}","templated":true}]}}