{"id":226,"date":"2019-09-05T15:37:33","date_gmt":"2019-09-05T18:37:33","guid":{"rendered":"https:\/\/3itserver.com.br\/palmeiraprev\/?page_id=226"},"modified":"2025-05-05T14:03:38","modified_gmt":"2025-05-05T17:03:38","slug":"legislacao","status":"publish","type":"page","link":"https:\/\/3itserver.com.br\/palmeiraprev\/governanca-corporativa\/legislacao\/","title":{"rendered":"Legisla\u00e7\u00e3o"},"content":{"rendered":"<table id=\"data\" class=\"hover responsive\" width=\"100%\">\n<thead>\n<tr>\n<th>Ano<\/th>\n<th>N\u00fam.<\/th>\n<th>Tipo<\/th>\n<th>Descri\u00e7\u00e3o<\/th>\n<th style=\"width: 85px;\">Visualizar<\/th>\n<\/tr>\n<\/thead>\n<tbody>\n<tr>\n<td>2015<\/td>\n<td>1940<\/td>\n<td>Lei<\/td>\n<td style=\"text-align: left;\">Disp\u00f5e sobre a al\u00edquota patronal de contribui\u00e7\u00e3o previdenci\u00e1ria e o financeiro de d\u00e9fcit atuarial.<\/td>\n<td><a href=\"https:\/\/3itserver.com.br\/palmeiraprev\/wp-content\/uploads\/2025\/05\/Lein1.9402015_1.pdf\" target=\"_blank\" rel=\"noopener\"> Visualizar<\/a><\/td>\n<\/tr>\n<tr>\n<td>2023<\/td>\n<td>2.538<\/td>\n<td>Lei<\/td>\n<td style=\"text-align: left;\">Altera a Lei Complementar N\u00ba 2.525\/2022, e d\u00e1 outras provid\u00eancias.<\/td>\n<td><a href=\"https:\/\/3itserver.com.br\/palmeiraprev\/wp-content\/uploads\/2023\/04\/LEI-2538-de-2023.pdf\" target=\"_blank\" rel=\"noopener\"> Visualizar<\/a><\/td>\n<\/tr>\n<tr>\n<td>2022<\/td>\n<td>2.525<\/td>\n<td>Lei<\/td>\n<td style=\"text-align: left;\">Reestrutura o Regime Pr\u00f3prio de Previd\u00eancia Social do Munic\u00edpio de Palmeira dos \u00cdndios \u2013 PALMEIRAPREV, e d\u00e1 outras provid\u00eancias.<\/td>\n<td><a href=\"https:\/\/3itserver.com.br\/palmeiraprev\/wp-content\/uploads\/2023\/01\/LEI-PALMEIRA-PREV-DEZEMBRO-2022-5-31-1-26.pdf\" target=\"_blank\" rel=\"noopener\"> Visualizar<\/a><\/td>\n<\/tr>\n<tr>\n<td>1991<\/td>\n<td>1.240<\/td>\n<td>Lei<\/td>\n<td style=\"text-align: left;\">Disp\u00f5e sobre o Estatuto dos Funcion\u00e1rios P\u00fablicos do Munic\u00edpio de Palmeira dos \u00cdndios, das Autarquias e das Funda\u00e7\u00f5es P\u00fablicas Municipais.<\/td>\n<td><a href=\"https:\/\/3itserver.com.br\/palmeiraprev\/wp-content\/uploads\/2022\/07\/Estatuto-dos-Servidores-de-Palmeira-dos-\u00cdndios-lei-1.240-Atualizado.pdf\" target=\"_blank\" rel=\"noopener\"> Visualizar<\/a><\/td>\n<\/tr>\n<tr>\n<td>2022<\/td>\n<td>2.434<\/td>\n<td>Lei<\/td>\n<td style=\"text-align: left;\">Institui o Regime de Previd\u00eancia Complementar no \u00e2mbito do Munic\u00edpio de Palmeira dos \u00cdndios; fixa o limite m\u00e1ximo para a concess\u00e3o de aposentadorias e pens\u00f5es pelo regime de previd\u00eancia de que trata o art. 40 da Constitui\u00e7\u00e3o Federal; autoriza a ades\u00e3o ao plano de benef\u00edcios de previd\u00eancia complementar; e d\u00e1 outras provid\u00eancias.<\/td>\n<td><a href=\"https:\/\/3itserver.com.br\/palmeiraprev\/wp-content\/uploads\/2022\/07\/lei-2434.pdf\" target=\"_blank\" rel=\"noopener\"> Visualizar<\/a><\/td>\n<\/tr>\n<tr>\n<td>2017<\/td>\n<td>&#8211;<\/td>\n<td>Lei Org\u00e2nica<\/td>\n<td style=\"text-align: left;\">Lei Org\u00e2nica do Munic\u00edpio de Palmeira dos \u00cdndios\/AL &#8211; Atualizada at\u00e9 a Emenda 22, de 20 de abril de 2017.<\/td>\n<td><a href=\"https:\/\/ipseja.com.br\/wp-content\/uploads\/2022\/02\/Lei-N\u00ba-2.431.2022.pdf\" target=\"_blank\" rel=\"noopener\"> Visualizar<\/a><\/td>\n<\/tr>\n<tr>\n<td align=\"center\">2019<\/td>\n<td align=\"center\">282<\/td>\n<td align=\"center\">Portaria<\/td>\n<td style=\"text-align: left;\">Nomear Francisca Maria Santos Ferro de Oliveira, para fazer a parte do Conselgo Fiscal.<\/td>\n<td align=\"center\"><a href=\"https:\/\/3itserver.com.br\/palmeiraprev\/wp-content\/uploads\/2021\/06\/Palmeira-do-Indios-Portaria-de-Nomea\u00e7\u00e3o-N\u00ba-282.2019-Conselho-Fiscal-Francisca-Maria.pdf\" target=\"_blank\" rel=\"noopener\">Visualizar<\/a><\/td>\n<\/tr>\n<tr>\n<td align=\"center\">2019<\/td>\n<td align=\"center\">279<\/td>\n<td align=\"center\">Portaria<\/td>\n<td style=\"text-align: left;\">Nomear Ant\u00f4nio de Melo Torres para fazer parte do Conselho Fiscal<\/td>\n<td align=\"center\"><a href=\"https:\/\/3itserver.com.br\/palmeiraprev\/wp-content\/uploads\/2021\/06\/Palmeira-do-Indios-Portaria-de-Nomea\u00e7\u00e3o-N\u00ba-279.2019-Conselho-Fiscal-Ant\u00f4nio-de-Melo-Torres.pdf\" target=\"_blank\" rel=\"noopener\">Visualizar<\/a><\/td>\n<\/tr>\n<tr>\n<td align=\"center\">2019<\/td>\n<td align=\"center\">278<\/td>\n<td align=\"center\">Portaria<\/td>\n<td style=\"text-align: left;\">Nomear Maria Elis\u00e2ngela da Silva, para fazer parte do Conselho Fiscal<\/td>\n<td align=\"center\"><a href=\"https:\/\/3itserver.com.br\/palmeiraprev\/wp-content\/uploads\/2021\/06\/Palmeira-do-Indios-Portaria-de-Nomea\u00e7\u00e3o-N\u00ba-278.2019-Conselho-Fiscal-Maria-Elis\u00e2ngela-da-Silva.pdf\" target=\"_blank\" rel=\"noopener\">Visualizar<\/a><\/td>\n<\/tr>\n<tr>\n<td align=\"center\">2019<\/td>\n<td align=\"center\">277<\/td>\n<td align=\"center\">Portaria<\/td>\n<td style=\"text-align: left;\">Nomear Jos\u00e9 Eleut\u00e9rio da Silva, para fazer parte do Conselho Fiscal<\/td>\n<td align=\"center\"><a href=\"https:\/\/3itserver.com.br\/palmeiraprev\/wp-content\/uploads\/2021\/06\/Palmeira-do-Indios-Portaria-de-Nomea\u00e7\u00e3o-N\u00ba-277.2019-Conselho-Fiscal-Jos\u00e9-Eleut\u00e9rio-da-Silva.pdf\" target=\"_blank\" rel=\"noopener\">Visualizar<\/a><\/td>\n<\/tr>\n<tr>\n<td align=\"center\">2019<\/td>\n<td align=\"center\">276<\/td>\n<td align=\"center\">Portaria<\/td>\n<td style=\"text-align: left;\">Nomear Maria Goretti Oliveira das Neves para fazer parte do Conselho Administrativo<\/td>\n<td align=\"center\"><a href=\"https:\/\/3itserver.com.br\/palmeiraprev\/wp-content\/uploads\/2021\/06\/Palmeira-do-Indios-Portaria-de-Nomea\u00e7\u00e3o-N\u00ba-276.2019-Conselho-Adm-Maria-Goretti-Olivieira-das-Neves.pdf\" target=\"_blank\" rel=\"noopener\">Visualizar<\/a><\/td>\n<\/tr>\n<tr>\n<td align=\"center\">2019<\/td>\n<td align=\"center\">275<\/td>\n<td align=\"center\">Portaria<\/td>\n<td style=\"text-align: left;\">Nomear Marcela Vieira da Silva, para fazer parte do Conselho Administrativo<\/td>\n<td align=\"center\"><a href=\"https:\/\/3itserver.com.br\/palmeiraprev\/wp-content\/uploads\/2021\/06\/Palmeira-do-Indios-Portaria-de-Nomea\u00e7\u00e3o-N\u00ba-275.2019-Conselho-Adm-Marcela-Vieira-da-Silva-Supen.pdf\" target=\"_blank\" rel=\"noopener\">Visualizar<\/a><\/td>\n<\/tr>\n<tr>\n<td align=\"center\">2019<\/td>\n<td align=\"center\">273<\/td>\n<td align=\"center\">Portaria<\/td>\n<td style=\"text-align: left;\">Nomear Emerson de Souza Jatob\u00e1, para fazer parte do Conselho Administrativo<\/td>\n<td align=\"center\"><a href=\"https:\/\/3itserver.com.br\/palmeiraprev\/wp-content\/uploads\/2021\/06\/Palmeira-do-Indios-Portaria-de-Nomea\u00e7\u00e3o-N\u00ba-273.2019-Conselho-Adm-Emereson-de-Souza-Jatob\u00e1-Suplen.pdf\" target=\"_blank\" rel=\"noopener\">Visualizar<\/a><\/td>\n<\/tr>\n<tr>\n<td align=\"center\">2019<\/td>\n<td align=\"center\">269<\/td>\n<td align=\"center\">Portaria<\/td>\n<td style=\"text-align: left;\">Nomear Jos\u00e9 Carlos da Silva Souza, para fazer parte do Conselho Administrativo<\/td>\n<td align=\"center\"><a href=\"https:\/\/3itserver.com.br\/palmeiraprev\/wp-content\/uploads\/2021\/06\/Palmeira-do-Indios-Portaria-de-Nomea\u00e7\u00e3o-N\u00ba-269.2019-Conselho-Adm-Jos\u00e9-Carlos-Silva-Souza-Titular.pdf\" target=\"_blank\" rel=\"noopener\">Visualizar<\/a><\/td>\n<\/tr>\n<tr>\n<td align=\"center\">2019<\/td>\n<td align=\"center\">268<\/td>\n<td align=\"center\">Portaria<\/td>\n<td style=\"text-align: left;\">Nomear Jos\u00e9 Gildo Vieira, para fazer parte do Conselho Administrativo<\/td>\n<td align=\"center\"><a href=\"https:\/\/3itserver.com.br\/palmeiraprev\/wp-content\/uploads\/2021\/06\/Palmeira-do-Indios-Portaria-de-Nomea\u00e7\u00e3o-N\u00ba-268.2019-Conselho-Adm-Jos\u00e9-Gildo-Vieira-Titular.pdf\" target=\"_blank\" rel=\"noopener\">Visualizar<\/a><\/td>\n<\/tr>\n<tr>\n<td align=\"center\">2019<\/td>\n<td align=\"center\">266<\/td>\n<td align=\"center\">Portaria<\/td>\n<td style=\"text-align: left;\">Nomear Cleide Ferreira dos Santos, para fazer parte do Conselho Administrativo<\/td>\n<td align=\"center\"><a href=\"https:\/\/3itserver.com.br\/palmeiraprev\/wp-content\/uploads\/2021\/06\/Palmeira-do-Indios-Portaria-de-Nomea\u00e7\u00e3o-N\u00ba-266.2019-Conselho-Adm-Cleide-Ferreira-dos-Santos-Titu.pdf\" target=\"_blank\" rel=\"noopener\">Visualizar<\/a><\/td>\n<\/tr>\n<tr>\n<td align=\"center\">2020<\/td>\n<td align=\"center\">2.335<\/td>\n<td align=\"center\">Lei<\/td>\n<td style=\"text-align: left;\">Altera a Lei Municipal n\u00ba 1.691\/2005, e d\u00e1 outras provid\u00eancias.<\/td>\n<td align=\"center\"><a href=\"https:\/\/3itserver.com.br\/palmeiraprev\/wp-content\/uploads\/2021\/06\/Lei-n\u00ba-2.335-2020_compressed.pdf\" target=\"_blank\" rel=\"noopener\">Visualizar<\/a><\/td>\n<\/tr>\n<tr>\n<td align=\"center\">2015<\/td>\n<td align=\"center\">1.940<\/td>\n<td align=\"center\">Decreto<\/td>\n<td style=\"text-align: left;\">Disp\u00f5e sobre a al\u00edquota patronal de contribui\u00e7\u00e3o previdenci\u00e1ria e o financiamento do d\u00e9ficit atuarial.<\/td>\n<td align=\"center\"><a href=\"https:\/\/3itserver.com.br\/palmeiraprev\/wp-content\/uploads\/2021\/06\/Lei-n\u00ba-1.940-2015.pdf\" target=\"_blank\" rel=\"noopener\">Visualizar<\/a><\/td>\n<\/tr>\n<tr>\n<td align=\"center\">2010<\/td>\n<td align=\"center\">1.840<\/td>\n<td align=\"center\">Lei<\/td>\n<td style=\"text-align: left;\">Altera o art. 19 da Lei N\u00ba 1.691\/2005 e determina outras provid\u00eancias.<\/td>\n<td align=\"center\"><a href=\"https:\/\/3itserver.com.br\/palmeiraprev\/wp-content\/uploads\/2021\/06\/Lei-N\u00b0-1840.2010.pdf\" target=\"_blank\" rel=\"noopener\">Visualizar<\/a><\/td>\n<\/tr>\n<tr>\n<td align=\"center\">2009<\/td>\n<td align=\"center\">1.804<\/td>\n<td align=\"center\">Lei<\/td>\n<td style=\"text-align: left;\">Disp\u00f5e sobre o parcelamento do Munic\u00edpio de Palmeira dos \u00cdndios com o PALMEIRA PREV e altera o inciso III do art. 42 da Lei N\u00ba 1.691\/2005.<\/td>\n<td align=\"center\"><a href=\"https:\/\/3itserver.com.br\/palmeiraprev\/wp-content\/uploads\/2021\/06\/Lei-N\u00b0-1804.2009.pdf\" target=\"_blank\" rel=\"noopener\">Visualizar<\/a><\/td>\n<\/tr>\n<tr>\n<td align=\"center\">2008<\/td>\n<td align=\"center\">1.776<\/td>\n<td align=\"center\">Lei<\/td>\n<td style=\"text-align: left;\">Autoriza o executivo a celebrar termo de confiss\u00e3o de d\u00e9bitos previdenci\u00e1rios e acordo de parcelamento com o PALMEIRA PREV e aprova a avalia\u00e7\u00e3o atuarial do plano de benef\u00edcios do PALMEIRA PREV.<\/td>\n<td align=\"center\"><a href=\"https:\/\/3itserver.com.br\/palmeiraprev\/wp-content\/uploads\/2021\/06\/Lei-N\u00b0-1776.2008.pdf\" target=\"_blank\" rel=\"noopener\">Visualizar<\/a><\/td>\n<\/tr>\n<tr>\n<td align=\"center\">2007<\/td>\n<td align=\"center\">1.737<\/td>\n<td align=\"center\">Lei<\/td>\n<td style=\"text-align: left;\">Autoriza o Munic\u00edpio a parcelar d\u00edvida junto a PALMEIRA PREV, como tamb\u00e9m requer aprova\u00e7\u00e3o do c\u00e1lculo atuarial para o exerc\u00edcio de 2007 e determina outras provid\u00eancias.<\/td>\n<td align=\"center\"><a href=\"https:\/\/3itserver.com.br\/palmeiraprev\/wp-content\/uploads\/2021\/06\/Lei-N\u00b0-1737.2007.pdf\" target=\"_blank\" rel=\"noopener\">Visualizar<\/a><\/td>\n<\/tr>\n<tr>\n<td align=\"center\">2007<\/td>\n<td align=\"center\">1.735<\/td>\n<td align=\"center\">Lei<\/td>\n<td style=\"text-align: left;\">Altera o par\u00e1grafo \u00fanico do art. 35, o caput do art. 38 e o caput do art. 41; acrescenta o par\u00e1grafo \u00fanico ao art. 36, todos da Lei N\u00ba 1.691\/2005, de 15 de dezembro de 2005, que reestrutura o RPPS de Palmeira dos \u00cdndios e d\u00e1 outras provid\u00eancias.<\/td>\n<td align=\"center\"><a href=\"https:\/\/3itserver.com.br\/palmeiraprev\/wp-content\/uploads\/2021\/06\/Lei-N\u00b0-1735.2007.pdf\" target=\"_blank\" rel=\"noopener\">Visualizar<\/a><\/td>\n<\/tr>\n<tr>\n<td align=\"center\">2005<\/td>\n<td align=\"center\">1.709<\/td>\n<td align=\"center\">Lei<\/td>\n<td style=\"text-align: left;\">Modifica o art. 64 da Lei N\u00ba 1.240\/1991, de 20 de novembro de 1991, e determina outras provid\u00eancias.<\/td>\n<td align=\"center\"><a href=\"https:\/\/3itserver.com.br\/palmeiraprev\/wp-content\/uploads\/2021\/06\/Lei-N\u00b0-1709.2005.pdf\" target=\"_blank\" rel=\"noopener\">Visualizar<\/a><\/td>\n<\/tr>\n<tr>\n<td align=\"center\">2005<\/td>\n<td align=\"center\">1.691<\/td>\n<td align=\"center\">Lei<\/td>\n<td style=\"text-align: left;\">Reestrutura o RPPS do Munic\u00edpio de Palmeira dos \u00cdndios\/AL &#8211; PALMEIRA PREV &#8211; com a legisla\u00e7\u00e3o federal, e d\u00e1 outras provid\u00eancias.<\/td>\n<td align=\"center\"><a href=\"https:\/\/3itserver.com.br\/palmeiraprev\/wp-content\/uploads\/2021\/06\/Lei-N\u00b0-1691.2005.pdf\" target=\"_blank\" rel=\"noopener\">Visualizar<\/a><\/td>\n<\/tr>\n<tr>\n<td align=\"center\">2003<\/td>\n<td align=\"center\">1.609<\/td>\n<td align=\"center\">Lei<\/td>\n<td style=\"text-align: left;\">Disp\u00f5e, nos termos do art. 99 da Lei Org\u00e2nica do Munic\u00edpio, sobre o Regime Pr\u00f3prio de Previd\u00eancia Social (RPPS) do Munic\u00edpio de Palmeira dos \u00cdndios\/AL e cria o Instituto de Previd\u00eancia Social do Munic\u00edpio Palmeira dos \u00cdndios &#8211; PALMEIRA PREV.<\/td>\n<td align=\"center\"><a href=\"https:\/\/3itserver.com.br\/palmeiraprev\/wp-content\/uploads\/2021\/06\/Lei-n\u00ba-1.609-2003_compressed.pdf\" target=\"_blank\" rel=\"noopener\">Visualizar<\/a><\/td>\n<\/tr>\n<\/tbody>\n<\/table>\n<div id=\"icpbravoaccess_loaded\"><\/div>\n<div id=\"icpbravoaccess_loaded\"><\/div>\n","protected":false},"excerpt":{"rendered":"<p>Ano N\u00fam. Tipo Descri\u00e7\u00e3o Visualizar 2015 1940 Lei Disp\u00f5e sobre a al\u00edquota patronal de contribui\u00e7\u00e3o previdenci\u00e1ria e o financeiro de d\u00e9fcit atuarial. Visualizar 2023 2.538 Lei Altera a Lei Complementar N\u00ba 2.525\/2022, e d\u00e1 outras provid\u00eancias. Visualizar 2022 2.525 Lei Reestrutura o Regime Pr\u00f3prio de Previd\u00eancia Social do Munic\u00edpio de Palmeira dos \u00cdndios \u2013 PALMEIRAPREV, [&hellip;]<\/p>\n","protected":false},"author":1,"featured_media":0,"parent":2210,"menu_order":0,"comment_status":"closed","ping_status":"closed","template":"","meta":{"_et_pb_use_builder":"","_et_pb_old_content":"","_et_gb_content_width":"","footnotes":""},"class_list":["post-226","page","type-page","status-publish","hentry"],"_links":{"self":[{"href":"https:\/\/3itserver.com.br\/palmeiraprev\/wp-json\/wp\/v2\/pages\/226","targetHints":{"allow":["GET"]}}],"collection":[{"href":"https:\/\/3itserver.com.br\/palmeiraprev\/wp-json\/wp\/v2\/pages"}],"about":[{"href":"https:\/\/3itserver.com.br\/palmeiraprev\/wp-json\/wp\/v2\/types\/page"}],"author":[{"embeddable":true,"href":"https:\/\/3itserver.com.br\/palmeiraprev\/wp-json\/wp\/v2\/users\/1"}],"replies":[{"embeddable":true,"href":"https:\/\/3itserver.com.br\/palmeiraprev\/wp-json\/wp\/v2\/comments?post=226"}],"version-history":[{"count":11,"href":"https:\/\/3itserver.com.br\/palmeiraprev\/wp-json\/wp\/v2\/pages\/226\/revisions"}],"predecessor-version":[{"id":2313,"href":"https:\/\/3itserver.com.br\/palmeiraprev\/wp-json\/wp\/v2\/pages\/226\/revisions\/2313"}],"up":[{"embeddable":true,"href":"https:\/\/3itserver.com.br\/palmeiraprev\/wp-json\/wp\/v2\/pages\/2210"}],"wp:attachment":[{"href":"https:\/\/3itserver.com.br\/palmeiraprev\/wp-json\/wp\/v2\/media?parent=226"}],"curies":[{"name":"wp","href":"https:\/\/api.w.org\/{rel}","templated":true}]}}