{"id":2216,"date":"2025-04-30T16:18:29","date_gmt":"2025-04-30T19:18:29","guid":{"rendered":"https:\/\/3itserver.com.br\/palmeiraprev\/?page_id=2216"},"modified":"2025-04-30T16:18:30","modified_gmt":"2025-04-30T19:18:30","slug":"educacao-previdenciaria-2","status":"publish","type":"page","link":"https:\/\/3itserver.com.br\/palmeiraprev\/educacao-previdenciaria-2\/","title":{"rendered":"Educa\u00e7\u00e3o Previdenci\u00e1ria"},"content":{"rendered":"\n<blockquote class=\"wp-block-quote is-layout-flow wp-block-quote-is-layout-flow\">\n<p>Plano de A\u00e7\u00e3o de Capacita\u00e7\u00e3o<\/p>\n<\/blockquote>\n\n\n\n<blockquote class=\"wp-block-quote is-layout-flow wp-block-quote-is-layout-flow\">\n<p>Cronograma das A\u00e7\u00f5es de Educa\u00e7\u00e3o Previdenci\u00e1ria<\/p>\n<\/blockquote>\n\n\n\n<blockquote class=\"wp-block-quote is-layout-flow wp-block-quote-is-layout-flow\">\n<p>A\u00e7\u00f5es de Di\u00e1logo com os Segurados e a Sociedade:\u2013 Cartilhas<br>\u2013 Semin\u00e1rios<br>\u2013 Audi\u00eancia P\u00fablica Anual do Relat\u00f3rio de Governan\u00e7a, dos Resultados da Pol\u00edtica de Investimentos e da Avalia\u00e7\u00e3o Atuarial<\/p>\n<\/blockquote>\n\n\n\n<blockquote class=\"wp-block-quote is-layout-flow wp-block-quote-is-layout-flow\">\n<p>A\u00e7\u00f5es de Pr\u00e9-Aposentadoria<\/p>\n<\/blockquote>\n\n\n\n<blockquote class=\"wp-block-quote is-layout-flow wp-block-quote-is-layout-flow\">\n<p>A\u00e7\u00f5es de P\u00f3s-Aposentadoria e Envelhecimento Ativo<\/p>\n<\/blockquote>\n","protected":false},"excerpt":{"rendered":"<p>Plano de A\u00e7\u00e3o de Capacita\u00e7\u00e3o Cronograma das A\u00e7\u00f5es de Educa\u00e7\u00e3o Previdenci\u00e1ria A\u00e7\u00f5es de Di\u00e1logo com os Segurados e a Sociedade:\u2013 Cartilhas\u2013 Semin\u00e1rios\u2013 Audi\u00eancia P\u00fablica Anual do Relat\u00f3rio de Governan\u00e7a, dos Resultados da Pol\u00edtica de Investimentos e da Avalia\u00e7\u00e3o Atuarial A\u00e7\u00f5es de Pr\u00e9-Aposentadoria A\u00e7\u00f5es de P\u00f3s-Aposentadoria e Envelhecimento Ativo<\/p>\n","protected":false},"author":1,"featured_media":0,"parent":0,"menu_order":0,"comment_status":"closed","ping_status":"closed","template":"","meta":{"_et_pb_use_builder":"off","_et_pb_old_content":"","_et_gb_content_width":"","footnotes":""},"class_list":["post-2216","page","type-page","status-publish","hentry"],"_links":{"self":[{"href":"https:\/\/3itserver.com.br\/palmeiraprev\/wp-json\/wp\/v2\/pages\/2216","targetHints":{"allow":["GET"]}}],"collection":[{"href":"https:\/\/3itserver.com.br\/palmeiraprev\/wp-json\/wp\/v2\/pages"}],"about":[{"href":"https:\/\/3itserver.com.br\/palmeiraprev\/wp-json\/wp\/v2\/types\/page"}],"author":[{"embeddable":true,"href":"https:\/\/3itserver.com.br\/palmeiraprev\/wp-json\/wp\/v2\/users\/1"}],"replies":[{"embeddable":true,"href":"https:\/\/3itserver.com.br\/palmeiraprev\/wp-json\/wp\/v2\/comments?post=2216"}],"version-history":[{"count":1,"href":"https:\/\/3itserver.com.br\/palmeiraprev\/wp-json\/wp\/v2\/pages\/2216\/revisions"}],"predecessor-version":[{"id":2217,"href":"https:\/\/3itserver.com.br\/palmeiraprev\/wp-json\/wp\/v2\/pages\/2216\/revisions\/2217"}],"wp:attachment":[{"href":"https:\/\/3itserver.com.br\/palmeiraprev\/wp-json\/wp\/v2\/media?parent=2216"}],"curies":[{"name":"wp","href":"https:\/\/api.w.org\/{rel}","templated":true}]}}