{"id":2214,"date":"2025-04-30T16:18:00","date_gmt":"2025-04-30T19:18:00","guid":{"rendered":"https:\/\/3itserver.com.br\/palmeiraprev\/?page_id=2214"},"modified":"2025-04-30T16:18:01","modified_gmt":"2025-04-30T19:18:01","slug":"controles-internos-2","status":"publish","type":"page","link":"https:\/\/3itserver.com.br\/palmeiraprev\/controles-internos-2\/","title":{"rendered":"Controles Internos"},"content":{"rendered":"\n<blockquote class=\"wp-block-quote is-layout-flow wp-block-quote-is-layout-flow\">\n<p>Capacita\u00e7\u00e3o e Certifica\u00e7\u00e3o dos Gestores e Servidores das \u00c1reas de Risco<\/p>\n<\/blockquote>\n\n\n\n<blockquote class=\"wp-block-quote is-layout-flow wp-block-quote-is-layout-flow\">\n<p>Estrutura de Controle Interno<\/p>\n<\/blockquote>\n\n\n\n<blockquote class=\"wp-block-quote is-layout-flow wp-block-quote-is-layout-flow\">\n<p>Gest\u00e3o e Controle da Base de Dados Cadastrais dos Servidores Ativos, Aposentados e Pensionistas<\/p>\n<\/blockquote>\n\n\n\n<blockquote class=\"wp-block-quote is-layout-flow wp-block-quote-is-layout-flow\">\n<p>Mapeamento\/Manualiza\u00e7\u00e3o<\/p>\n<\/blockquote>\n\n\n\n<blockquote class=\"wp-block-quote is-layout-flow wp-block-quote-is-layout-flow\">\n<p>Pol\u00edtica de Seguran\u00e7a da Informa\u00e7\u00e3o<\/p>\n<\/blockquote>\n\n\n\n<blockquote class=\"wp-block-quote is-layout-flow wp-block-quote-is-layout-flow\">\n<p>Pol\u00edticas e Relat\u00f3rios de Controle Interno<\/p>\n<\/blockquote>\n","protected":false},"excerpt":{"rendered":"<p>Capacita\u00e7\u00e3o e Certifica\u00e7\u00e3o dos Gestores e Servidores das \u00c1reas de Risco Estrutura de Controle Interno Gest\u00e3o e Controle da Base de Dados Cadastrais dos Servidores Ativos, Aposentados e Pensionistas Mapeamento\/Manualiza\u00e7\u00e3o Pol\u00edtica de Seguran\u00e7a da Informa\u00e7\u00e3o Pol\u00edticas e Relat\u00f3rios de Controle Interno<\/p>\n","protected":false},"author":1,"featured_media":0,"parent":0,"menu_order":0,"comment_status":"closed","ping_status":"closed","template":"","meta":{"_et_pb_use_builder":"off","_et_pb_old_content":"","_et_gb_content_width":"","footnotes":""},"class_list":["post-2214","page","type-page","status-publish","hentry"],"_links":{"self":[{"href":"https:\/\/3itserver.com.br\/palmeiraprev\/wp-json\/wp\/v2\/pages\/2214","targetHints":{"allow":["GET"]}}],"collection":[{"href":"https:\/\/3itserver.com.br\/palmeiraprev\/wp-json\/wp\/v2\/pages"}],"about":[{"href":"https:\/\/3itserver.com.br\/palmeiraprev\/wp-json\/wp\/v2\/types\/page"}],"author":[{"embeddable":true,"href":"https:\/\/3itserver.com.br\/palmeiraprev\/wp-json\/wp\/v2\/users\/1"}],"replies":[{"embeddable":true,"href":"https:\/\/3itserver.com.br\/palmeiraprev\/wp-json\/wp\/v2\/comments?post=2214"}],"version-history":[{"count":1,"href":"https:\/\/3itserver.com.br\/palmeiraprev\/wp-json\/wp\/v2\/pages\/2214\/revisions"}],"predecessor-version":[{"id":2215,"href":"https:\/\/3itserver.com.br\/palmeiraprev\/wp-json\/wp\/v2\/pages\/2214\/revisions\/2215"}],"wp:attachment":[{"href":"https:\/\/3itserver.com.br\/palmeiraprev\/wp-json\/wp\/v2\/media?parent=2214"}],"curies":[{"name":"wp","href":"https:\/\/api.w.org\/{rel}","templated":true}]}}