{"id":2212,"date":"2025-04-30T16:17:14","date_gmt":"2025-04-30T19:17:14","guid":{"rendered":"https:\/\/3itserver.com.br\/palmeiraprev\/?page_id=2212"},"modified":"2025-05-05T12:35:02","modified_gmt":"2025-05-05T15:35:02","slug":"transparencia","status":"publish","type":"page","link":"https:\/\/3itserver.com.br\/palmeiraprev\/transparencia\/","title":{"rendered":"Transpar\u00eancia"},"content":{"rendered":"\n<blockquote class=\"wp-block-quote is-layout-flow wp-block-quote-is-layout-flow\">\n<p>Ac\u00f3rd\u00e3os das Decis\u00f5es do Tribunal de Contas \u2013 Contas Anuais do RPPS e o Parecer Pr\u00e9vio das Contas de Governo<\/p>\n<\/blockquote>\n\n\n\n<blockquote class=\"wp-block-quote is-layout-flow wp-block-quote-is-layout-flow\">\n<p><a href=\"https:\/\/3itserver.com.br\/palmeiraprev\/transparencia\/apr\/\" data-type=\"link\" data-id=\"https:\/\/3itserver.com.br\/palmeiraprev\/transparencia\/apr\/\">APR<\/a><\/p>\n<\/blockquote>\n\n\n\n<blockquote class=\"wp-block-quote is-layout-flow wp-block-quote-is-layout-flow\">\n<p><a href=\"https:\/\/3itserver.com.br\/palmeiraprev\/transparencia\/avaliacao-atuarial\/\" data-type=\"link\" data-id=\"https:\/\/3itserver.com.br\/palmeiraprev\/transparencia\/avaliacao-atuarial\/\">Avalia\u00e7\u00e3o Atuarial<\/a><\/p>\n<\/blockquote>\n\n\n\n<blockquote class=\"wp-block-quote is-layout-flow wp-block-quote-is-layout-flow\">\n<p><a href=\"https:\/\/3itserver.com.br\/palmeiraprev\/transparencia\/balancetes\/\" data-type=\"link\" data-id=\"https:\/\/3itserver.com.br\/palmeiraprev\/transparencia\/balancetes\/\">Balancetes<\/a><\/p>\n<\/blockquote>\n\n\n\n<blockquote class=\"wp-block-quote is-layout-flow wp-block-quote-is-layout-flow\">\n<p>Certid\u00f5es Negativas de Tributos<\/p>\n<\/blockquote>\n\n\n\n<blockquote class=\"wp-block-quote is-layout-flow wp-block-quote-is-layout-flow\">\n<p>Composi\u00e7\u00e3o Mensal da Carteira de Investimentos<\/p>\n<\/blockquote>\n\n\n\n<blockquote class=\"wp-block-quote is-layout-flow wp-block-quote-is-layout-flow\">\n<p><a href=\"https:\/\/cadprev.previdencia.gov.br\/Cadprev\/pages\/index.xhtml\" target=\"_blank\" rel=\"noreferrer noopener\">CADPREV<\/a><\/p>\n<\/blockquote>\n\n\n\n<blockquote class=\"wp-block-quote is-layout-flow wp-block-quote-is-layout-flow\">\n<p><a href=\"https:\/\/cadprev.previdencia.gov.br\/Cadprev\/pages\/publico\/comprovanteRepasse\/pesquisarEnteComprovanteRepasse.xhtml\" data-type=\"link\" data-id=\"https:\/\/cadprev.previdencia.gov.br\/Cadprev\/pages\/publico\/comprovanteRepasse\/pesquisarEnteComprovanteRepasse.xhtml\">Comprovante de Repasse<\/a><\/p>\n<\/blockquote>\n\n\n\n<blockquote class=\"wp-block-quote is-layout-flow wp-block-quote-is-layout-flow\">\n<p><a href=\"https:\/\/cadprev.previdencia.gov.br\/Cadprev\/pages\/publico\/crp\/pesquisarEnteCrp.xhtml\" data-type=\"link\" data-id=\"https:\/\/cadprev.previdencia.gov.br\/Cadprev\/pages\/publico\/crp\/pesquisarEnteCrp.xhtml\">CRP<\/a><\/p>\n<\/blockquote>\n\n\n\n<blockquote class=\"wp-block-quote is-layout-flow wp-block-quote-is-layout-flow\">\n<p><a href=\"https:\/\/cadprev.previdencia.gov.br\/Cadprev\/pages\/modulos\/dair\/consultarDemonstrativos.xhtml\" data-type=\"link\" data-id=\"https:\/\/cadprev.previdencia.gov.br\/Cadprev\/pages\/modulos\/dair\/consultarDemonstrativos.xhtml\">DAIR<\/a><\/p>\n<\/blockquote>\n\n\n\n<blockquote class=\"wp-block-quote is-layout-flow wp-block-quote-is-layout-flow\">\n<p><a href=\"https:\/\/cadprev.previdencia.gov.br\/Cadprev\/pages\/modulos\/dipr\/consultarDemonstrativos.xhtml\" data-type=\"link\" data-id=\"https:\/\/cadprev.previdencia.gov.br\/Cadprev\/pages\/modulos\/dipr\/consultarDemonstrativos.xhtml\">DIPR<\/a><\/p>\n<\/blockquote>\n\n\n\n<blockquote class=\"wp-block-quote is-layout-flow wp-block-quote-is-layout-flow\">\n<p><a href=\"https:\/\/cadprev.previdencia.gov.br\/Cadprev\/pages\/modulos\/dpinV2\/consultarDemonstrativos.xhtml\" data-type=\"link\" data-id=\"https:\/\/cadprev.previdencia.gov.br\/Cadprev\/pages\/modulos\/dpinV2\/consultarDemonstrativos.xhtml\">DPIN<\/a><\/p>\n<\/blockquote>\n\n\n\n<blockquote class=\"wp-block-quote is-layout-flow wp-block-quote-is-layout-flow\">\n<p><a href=\"https:\/\/3itserver.com.br\/palmeiraprev\/transparencia\/demonstrativos-draa\/\">DRAA<\/a><\/p>\n<\/blockquote>\n\n\n\n<blockquote class=\"wp-block-quote is-layout-flow wp-block-quote-is-layout-flow\">\n<p><a href=\"https:\/\/cadprev.previdencia.gov.br\/Cadprev\/pages\/publico\/demonstrativoPrevidenciario\/pesquisarEnteDemonstrativoPrevidenciario.xhtml\" data-type=\"link\" data-id=\"https:\/\/cadprev.previdencia.gov.br\/Cadprev\/pages\/publico\/demonstrativoPrevidenciario\/pesquisarEnteDemonstrativoPrevidenciario.xhtml\">Demonstrativo Previdenci\u00e1rio<\/a><\/p>\n<\/blockquote>\n\n\n\n<blockquote class=\"wp-block-quote is-layout-flow wp-block-quote-is-layout-flow\">\n<p><a href=\"https:\/\/3itserver.com.br\/palmeiraprev\/transparencia\/extratos-mensais\/\" data-type=\"link\" data-id=\"https:\/\/3itserver.com.br\/palmeiraprev\/transparencia\/extratos-mensais\/\">Extratos Mensais<\/a><\/p>\n<\/blockquote>\n\n\n\n<blockquote class=\"wp-block-quote is-layout-flow wp-block-quote-is-layout-flow\">\n<p><a href=\"https:\/\/3itserver.com.br\/palmeiraprev\/transparencia\/folhas-de-pagamento\/\" data-type=\"link\" data-id=\"https:\/\/3itserver.com.br\/palmeiraprev\/transparencia\/folhas-de-pagamento\/\">Folhas de Pagamento<\/a><\/p>\n<\/blockquote>\n\n\n\n<blockquote class=\"wp-block-quote is-layout-flow wp-block-quote-is-layout-flow\">\n<p>Demonstra\u00e7\u00f5es Financeiras e Cont\u00e1beis<\/p>\n<\/blockquote>\n\n\n\n<blockquote class=\"wp-block-quote is-layout-flow wp-block-quote-is-layout-flow\">\n<p>Informa\u00e7\u00f5es Concernentes a Procedimentos Licitat\u00f3rios e Contratos Administrativos<\/p>\n<\/blockquote>\n\n\n\n<blockquote class=\"wp-block-quote is-layout-flow wp-block-quote-is-layout-flow\">\n<p>Plano de A\u00e7\u00e3o Anual<\/p>\n<\/blockquote>\n\n\n\n<blockquote class=\"wp-block-quote is-layout-flow wp-block-quote-is-layout-flow\">\n<p><a href=\"https:\/\/3itserver.com.br\/palmeiraprev\/transparencia\/parcelamentos\/\" data-type=\"link\" data-id=\"https:\/\/3itserver.com.br\/palmeiraprev\/transparencia\/parcelamentos\/\">Parcelamentos<\/a><\/p>\n<\/blockquote>\n\n\n\n<blockquote class=\"wp-block-quote is-layout-flow wp-block-quote-is-layout-flow\">\n<p><a href=\"https:\/\/3itserver.com.br\/palmeiraprev\/transparencia\/politica-de-investimento\/\" data-type=\"link\" data-id=\"https:\/\/3itserver.com.br\/palmeiraprev\/transparencia\/politica-de-investimento\/\">Pol\u00edtica de Investimentos<\/a><\/p>\n<\/blockquote>\n\n\n\n<blockquote class=\"wp-block-quote is-layout-flow wp-block-quote-is-layout-flow\">\n<p><a href=\"https:\/\/3itserver.com.br\/palmeiraprev\/transparencia\/prestacao-de-contas\/\" data-type=\"link\" data-id=\"https:\/\/3itserver.com.br\/palmeiraprev\/transparencia\/prestacao-de-contas\/\">Presta\u00e7\u00e3o de Contas<\/a><\/p>\n<\/blockquote>\n\n\n\n<blockquote class=\"wp-block-quote is-layout-flow wp-block-quote-is-layout-flow\">\n<p>Rela\u00e7\u00e3o de Entidades Credenciadas<\/p>\n<\/blockquote>\n\n\n\n<blockquote class=\"wp-block-quote is-layout-flow wp-block-quote-is-layout-flow\">\n<p>Relat\u00f3rio de Avalia\u00e7\u00e3o do Passivo Judicial<\/p>\n<\/blockquote>\n\n\n\n<blockquote class=\"wp-block-quote is-layout-flow wp-block-quote-is-layout-flow\">\n<p>Relat\u00f3rios Mensais e Anuais dos Investimentos<\/p>\n<\/blockquote>\n","protected":false},"excerpt":{"rendered":"<p>Ac\u00f3rd\u00e3os das Decis\u00f5es do Tribunal de Contas \u2013 Contas Anuais do RPPS e o Parecer Pr\u00e9vio das Contas de Governo APR Avalia\u00e7\u00e3o Atuarial Balancetes Certid\u00f5es Negativas de Tributos Composi\u00e7\u00e3o Mensal da Carteira de Investimentos CADPREV Comprovante de Repasse CRP DAIR DIPR DPIN DRAA Demonstrativo Previdenci\u00e1rio Extratos Mensais Folhas de Pagamento Demonstra\u00e7\u00f5es Financeiras e Cont\u00e1beis Informa\u00e7\u00f5es [&hellip;]<\/p>\n","protected":false},"author":1,"featured_media":0,"parent":0,"menu_order":0,"comment_status":"closed","ping_status":"closed","template":"","meta":{"_et_pb_use_builder":"off","_et_pb_old_content":"","_et_gb_content_width":"","footnotes":""},"class_list":["post-2212","page","type-page","status-publish","hentry"],"_links":{"self":[{"href":"https:\/\/3itserver.com.br\/palmeiraprev\/wp-json\/wp\/v2\/pages\/2212","targetHints":{"allow":["GET"]}}],"collection":[{"href":"https:\/\/3itserver.com.br\/palmeiraprev\/wp-json\/wp\/v2\/pages"}],"about":[{"href":"https:\/\/3itserver.com.br\/palmeiraprev\/wp-json\/wp\/v2\/types\/page"}],"author":[{"embeddable":true,"href":"https:\/\/3itserver.com.br\/palmeiraprev\/wp-json\/wp\/v2\/users\/1"}],"replies":[{"embeddable":true,"href":"https:\/\/3itserver.com.br\/palmeiraprev\/wp-json\/wp\/v2\/comments?post=2212"}],"version-history":[{"count":22,"href":"https:\/\/3itserver.com.br\/palmeiraprev\/wp-json\/wp\/v2\/pages\/2212\/revisions"}],"predecessor-version":[{"id":2301,"href":"https:\/\/3itserver.com.br\/palmeiraprev\/wp-json\/wp\/v2\/pages\/2212\/revisions\/2301"}],"wp:attachment":[{"href":"https:\/\/3itserver.com.br\/palmeiraprev\/wp-json\/wp\/v2\/media?parent=2212"}],"curies":[{"name":"wp","href":"https:\/\/api.w.org\/{rel}","templated":true}]}}