{"id":2210,"date":"2025-04-30T16:16:15","date_gmt":"2025-04-30T19:16:15","guid":{"rendered":"https:\/\/3itserver.com.br\/palmeiraprev\/?page_id=2210"},"modified":"2025-05-08T11:38:06","modified_gmt":"2025-05-08T14:38:06","slug":"governanca-corporativa","status":"publish","type":"page","link":"https:\/\/3itserver.com.br\/palmeiraprev\/governanca-corporativa\/","title":{"rendered":"Governan\u00e7a Corporativa"},"content":{"rendered":"\n<blockquote class=\"wp-block-quote is-layout-flow wp-block-quote-is-layout-flow\">\n<p><a href=\"https:\/\/3itserver.com.br\/palmeiraprev\/governanca-corporativa\/beneficios-concedidos\/\" data-type=\"link\" data-id=\"https:\/\/3itserver.com.br\/palmeiraprev\/governanca-corporativa\/beneficios-concedidos\/\">Benef\u00edcios Concedidos<\/a><\/p>\n<\/blockquote>\n\n\n\n<blockquote class=\"wp-block-quote is-layout-flow wp-block-quote-is-layout-flow\">\n<p>Comit\u00ea de Investimentos<\/p>\n\n\n\n<p>\u2013 <a href=\"https:\/\/3itserver.com.br\/palmeiraprev\/comite-de-investimentos\/atas-de-reunioes\/\" data-type=\"link\" data-id=\"https:\/\/3itserver.com.br\/palmeiraprev\/comite-de-investimentos\/atas-de-reunioes\/\">Atas de Reuni\u00f5es<\/a><br>\u2013 Calend\u00e1rio de Reuni\u00f5es<br>\u2013 Membros<br>\u2013 Portarias<br>\u2013 Regimento Interno<\/p>\n<\/blockquote>\n\n\n\n<blockquote class=\"wp-block-quote is-layout-flow wp-block-quote-is-layout-flow\">\n<p>Conselho Deliberativo<\/p>\n\n\n\n<p>\u2013 Atas de Reuni\u00f5es<br>\u2013 Calend\u00e1rio de Reuni\u00f5es<br>\u2013 Membros<br>\u2013 Portarias<br>\u2013 Regimento Interno<\/p>\n<\/blockquote>\n\n\n\n<blockquote class=\"wp-block-quote is-layout-flow wp-block-quote-is-layout-flow\">\n<p>Conselho Fiscal e de Administra\u00e7\u00e3o<\/p>\n\n\n\n<p>\u2013 <a href=\"https:\/\/3itserver.com.br\/palmeiraprev\/governanca-corporativa\/conselho-fiscal-e-de-administracao\/atas-de-reuniao\/\" data-type=\"link\" data-id=\"https:\/\/3itserver.com.br\/palmeiraprev\/governanca-corporativa\/atas-de-reuniao\/\">Atas de Reuni\u00f5es<\/a><a href=\"https:\/\/3itserver.com.br\/palmeiraprev\/governanca-corporativa\/atas-de-reuniao\/\" data-type=\"link\" data-id=\"https:\/\/3itserver.com.br\/palmeiraprev\/governanca-corporativa\/atas-de-reuniao\/\"><br><\/a>\u2013 Calend\u00e1rio de Reuni\u00f5es<br>\u2013 <a href=\"https:\/\/3itserver.com.br\/palmeiraprev\/governanca-corporativa\/conselho-fiscal-e-de-administracao\/membros\/\" data-type=\"link\" data-id=\"https:\/\/3itserver.com.br\/palmeiraprev\/governanca-corporativa\/conselho-fiscal-e-de-administracao\/membros\/\">Membros<\/a><br>\u2013 Portarias<br>\u2013 Regimento Interno<\/p>\n<\/blockquote>\n\n\n\n<blockquote class=\"wp-block-quote is-layout-flow wp-block-quote-is-layout-flow\">\n<p>Diretoria Executiva<\/p>\n\n\n\n<p>\u2013 Atas de Reuni\u00f5es<br>\u2013 Calend\u00e1rio de Reuni\u00f5es<br>\u2013 Membros<br>\u2013 Portarias<br>\u2013 Regimento Interno<\/p>\n<\/blockquote>\n\n\n\n<blockquote class=\"wp-block-quote is-layout-flow wp-block-quote-is-layout-flow\">\n<p>C\u00f3digo de \u00c9tica<\/p>\n<\/blockquote>\n\n\n\n<blockquote class=\"wp-block-quote is-layout-flow wp-block-quote-is-layout-flow\">\n<p><a href=\"https:\/\/3itserver.com.br\/palmeiraprev\/governanca-corporativa\/calendario-de-pagamento\/\" data-type=\"link\" data-id=\"https:\/\/3itserver.com.br\/palmeiraprev\/governanca-corporativa\/calendario-de-pagamento\/\">Calend\u00e1rio de Pagamento<\/a><\/p>\n<\/blockquote>\n\n\n\n<blockquote class=\"wp-block-quote is-layout-flow wp-block-quote-is-layout-flow\">\n<p>Defini\u00e7\u00e3o de Limites de Al\u00e7adas<\/p>\n<\/blockquote>\n\n\n\n<blockquote class=\"wp-block-quote is-layout-flow wp-block-quote-is-layout-flow\">\n<p><a href=\"https:\/\/3sic.app.br\/#\/982825\" data-type=\"link\" data-id=\"https:\/\/3sic.app.br\/#\/982825\">e-Sic<\/a><\/p>\n<\/blockquote>\n\n\n\n<blockquote class=\"wp-block-quote is-layout-flow wp-block-quote-is-layout-flow\">\n<p>Gest\u00e3o de Pessoas<\/p>\n<\/blockquote>\n\n\n\n<blockquote class=\"wp-block-quote is-layout-flow wp-block-quote-is-layout-flow\">\n<p><a href=\"https:\/\/3itserver.com.br\/palmeiraprev\/governanca-corporativa\/legislacao\/\" data-type=\"link\" data-id=\"https:\/\/3itserver.com.br\/palmeiraprev\/governanca-corporativa\/legislacao\/\">Legisla\u00e7\u00e3o<\/a><\/p>\n<\/blockquote>\n\n\n\n<blockquote class=\"wp-block-quote is-layout-flow wp-block-quote-is-layout-flow\">\n<p>Mandato, Representa\u00e7\u00e3o e Recondu\u00e7\u00e3o (Conselhos)<\/p>\n<\/blockquote>\n\n\n\n<blockquote class=\"wp-block-quote is-layout-flow wp-block-quote-is-layout-flow\">\n<p><a href=\"https:\/\/3sic.app.br\/#\/982825\/ouvidoria\" data-type=\"link\" data-id=\"https:\/\/3sic.app.br\/#\/982825\/ouvidoria\">Ouvidoria<\/a><\/p>\n<\/blockquote>\n\n\n\n<blockquote class=\"wp-block-quote is-layout-flow wp-block-quote-is-layout-flow\">\n<p><a href=\"https:\/\/3itserver.com.br\/palmeiraprev\/pesquisa-de-satisfacao\/\" data-type=\"link\" data-id=\"https:\/\/3itserver.com.br\/palmeiraprev\/pesquisa-de-satisfacao\/\">Pesquisa de Satisfa\u00e7\u00e3o<\/a><\/p>\n<\/blockquote>\n\n\n\n<blockquote class=\"wp-block-quote is-layout-flow wp-block-quote-is-layout-flow\">\n<p>Planejamento Estrat\u00e9gico<\/p>\n<\/blockquote>\n\n\n\n<blockquote class=\"wp-block-quote is-layout-flow wp-block-quote-is-layout-flow\">\n<p>Pol\u00edticas Previdenci\u00e1rias de Sa\u00fade e Seguran\u00e7a do Servidor<\/p>\n<\/blockquote>\n\n\n\n<blockquote class=\"wp-block-quote is-layout-flow wp-block-quote-is-layout-flow\">\n<p>Relat\u00f3rio de Gest\u00e3o Atuarial<\/p>\n<\/blockquote>\n\n\n\n<blockquote class=\"wp-block-quote is-layout-flow wp-block-quote-is-layout-flow\">\n<p>Relat\u00f3rio de Governan\u00e7a Corporativa<\/p>\n<\/blockquote>\n\n\n\n<blockquote class=\"wp-block-quote is-layout-flow wp-block-quote-is-layout-flow\">\n<p>Segrega\u00e7\u00e3o das Atividades<\/p>\n<\/blockquote>\n","protected":false},"excerpt":{"rendered":"<p>Benef\u00edcios Concedidos Comit\u00ea de Investimentos \u2013 Atas de Reuni\u00f5es\u2013 Calend\u00e1rio de Reuni\u00f5es\u2013 Membros\u2013 Portarias\u2013 Regimento Interno Conselho Deliberativo \u2013 Atas de Reuni\u00f5es\u2013 Calend\u00e1rio de Reuni\u00f5es\u2013 Membros\u2013 Portarias\u2013 Regimento Interno Conselho Fiscal e de Administra\u00e7\u00e3o \u2013 Atas de Reuni\u00f5es\u2013 Calend\u00e1rio de Reuni\u00f5es\u2013 Membros\u2013 Portarias\u2013 Regimento Interno Diretoria Executiva \u2013 Atas de Reuni\u00f5es\u2013 Calend\u00e1rio de Reuni\u00f5es\u2013 Membros\u2013 [&hellip;]<\/p>\n","protected":false},"author":1,"featured_media":0,"parent":0,"menu_order":0,"comment_status":"closed","ping_status":"closed","template":"","meta":{"_et_pb_use_builder":"off","_et_pb_old_content":"","_et_gb_content_width":"","footnotes":""},"class_list":["post-2210","page","type-page","status-publish","hentry"],"_links":{"self":[{"href":"https:\/\/3itserver.com.br\/palmeiraprev\/wp-json\/wp\/v2\/pages\/2210","targetHints":{"allow":["GET"]}}],"collection":[{"href":"https:\/\/3itserver.com.br\/palmeiraprev\/wp-json\/wp\/v2\/pages"}],"about":[{"href":"https:\/\/3itserver.com.br\/palmeiraprev\/wp-json\/wp\/v2\/types\/page"}],"author":[{"embeddable":true,"href":"https:\/\/3itserver.com.br\/palmeiraprev\/wp-json\/wp\/v2\/users\/1"}],"replies":[{"embeddable":true,"href":"https:\/\/3itserver.com.br\/palmeiraprev\/wp-json\/wp\/v2\/comments?post=2210"}],"version-history":[{"count":15,"href":"https:\/\/3itserver.com.br\/palmeiraprev\/wp-json\/wp\/v2\/pages\/2210\/revisions"}],"predecessor-version":[{"id":2369,"href":"https:\/\/3itserver.com.br\/palmeiraprev\/wp-json\/wp\/v2\/pages\/2210\/revisions\/2369"}],"wp:attachment":[{"href":"https:\/\/3itserver.com.br\/palmeiraprev\/wp-json\/wp\/v2\/media?parent=2210"}],"curies":[{"name":"wp","href":"https:\/\/api.w.org\/{rel}","templated":true}]}}