{"id":195,"date":"2019-09-05T10:16:33","date_gmt":"2019-09-05T13:16:33","guid":{"rendered":"https:\/\/3itserver.com.br\/palmeiraprev\/?page_id=195"},"modified":"2024-05-15T15:16:07","modified_gmt":"2024-05-15T18:16:07","slug":"conheca-o-rpps","status":"publish","type":"page","link":"https:\/\/3itserver.com.br\/palmeiraprev\/conheca-o-rpps\/","title":{"rendered":"Conhe\u00e7a o RPPS"},"content":{"rendered":"<p>Regime Pr\u00f3prio de Previd\u00eancia Social \u00e9 um sistema de previd\u00eancia, estabelecido no \u00e2mbito de cada ente federativo, que assegure, por lei, a todos os servidores titulares de cargo efetivo, pelo menos os benef\u00edcios de aposentadoria e pens\u00e3o por morte previstos no artigo 40 da Constitui\u00e7\u00e3o Federal.<\/p>\n<p>S\u00e3o intitulados de Regimes Pr\u00f3prios porque cada ente p\u00fablico da Federa\u00e7\u00e3o (Uni\u00e3o, Estados, Distrito Federal e Munic\u00edpios) pode ter o seu, cuja finalidade \u00e9 organizar a previd\u00eancia dos servidores p\u00fablicos titulares de cargo efetivo, tanto daqueles em atividade, como daqueles j\u00e1 aposentados e tamb\u00e9m dos pensionistas, cujos benef\u00edcios estejam sendo pagos pelo ente estatal.<\/p>\n<p><strong><em>(Fonte: Previd\u00eancia Social)<\/em><\/strong><\/p>\n<table style=\"border: none !important; margin-bottom: 30px; margin-top: 50px;\" width=\"100%\">\n<thead>\n<tr>\n<th style=\"text-align: center; border: none; border-bottom: 1px solid #ccc;\" colspan=\"2\">Instituto de Previd\u00eancia Social do Munic\u00edpio de Palmeira dos \u00cdndios<\/th>\n<\/tr>\n<\/thead>\n<tbody>\n<tr>\n<td style=\"text-align: center; border: none;\">Data de Cria\u00e7\u00e3o<\/td>\n<td style=\"text-align: center; border: none;\">\u00a011 de julho de 2003<\/td>\n<\/tr>\n<tr>\n<td style=\"text-align: center; border: none;\">Lei que cria o RPPS<\/td>\n<td style=\"text-align: center; border: none;\">Lei N\u00b0 1.609\/2003<\/td>\n<\/tr>\n<tr>\n<td style=\"text-align: center; border: none;\">Lei de Reforma<\/td>\n<td style=\"text-align: center; border: none;\">Lei complementar N\u00b0 2525\/2022<\/td>\n<\/tr>\n<tr>\n<td style=\"text-align: center; border: none; border-bottom: 1px solid #ccc;\">Gestor Atual<\/td>\n<td style=\"text-align: center; border: none; border-bottom: 1px solid #ccc;\">Adrailton Bernardo da Silva<br \/>\nCertifica\u00e7\u00e3o Apimec<br \/>\n<strong data-renderer-mark=\"true\">CGRPPS &#8211; 2136<\/strong><\/td>\n<\/tr>\n<\/tbody>\n<\/table>\n<div id=\"icpbravoaccess_loaded\"><\/div>\n<div id=\"icpbravoaccess_loaded\"><\/div>\n","protected":false},"excerpt":{"rendered":"<p>Regime Pr\u00f3prio de Previd\u00eancia Social \u00e9 um sistema de previd\u00eancia, estabelecido no \u00e2mbito de cada ente federativo, que assegure, por lei, a todos os servidores titulares de cargo efetivo, pelo menos os benef\u00edcios de aposentadoria e pens\u00e3o por morte previstos no artigo 40 da Constitui\u00e7\u00e3o Federal. S\u00e3o intitulados de Regimes Pr\u00f3prios porque cada ente p\u00fablico [&hellip;]<\/p>\n","protected":false},"author":1,"featured_media":0,"parent":0,"menu_order":0,"comment_status":"closed","ping_status":"closed","template":"","meta":{"_et_pb_use_builder":"","_et_pb_old_content":"","_et_gb_content_width":"","footnotes":""},"class_list":["post-195","page","type-page","status-publish","hentry"],"_links":{"self":[{"href":"https:\/\/3itserver.com.br\/palmeiraprev\/wp-json\/wp\/v2\/pages\/195","targetHints":{"allow":["GET"]}}],"collection":[{"href":"https:\/\/3itserver.com.br\/palmeiraprev\/wp-json\/wp\/v2\/pages"}],"about":[{"href":"https:\/\/3itserver.com.br\/palmeiraprev\/wp-json\/wp\/v2\/types\/page"}],"author":[{"embeddable":true,"href":"https:\/\/3itserver.com.br\/palmeiraprev\/wp-json\/wp\/v2\/users\/1"}],"replies":[{"embeddable":true,"href":"https:\/\/3itserver.com.br\/palmeiraprev\/wp-json\/wp\/v2\/comments?post=195"}],"version-history":[{"count":7,"href":"https:\/\/3itserver.com.br\/palmeiraprev\/wp-json\/wp\/v2\/pages\/195\/revisions"}],"predecessor-version":[{"id":1704,"href":"https:\/\/3itserver.com.br\/palmeiraprev\/wp-json\/wp\/v2\/pages\/195\/revisions\/1704"}],"wp:attachment":[{"href":"https:\/\/3itserver.com.br\/palmeiraprev\/wp-json\/wp\/v2\/media?parent=195"}],"curies":[{"name":"wp","href":"https:\/\/api.w.org\/{rel}","templated":true}]}}