{"id":1707,"date":"2024-05-15T15:19:26","date_gmt":"2024-05-15T18:19:26","guid":{"rendered":"https:\/\/3itserver.com.br\/palmeiraprev\/?page_id=1707"},"modified":"2024-05-15T15:19:26","modified_gmt":"2024-05-15T18:19:26","slug":"termos-de-uso-e-privacidade","status":"publish","type":"page","link":"https:\/\/3itserver.com.br\/palmeiraprev\/termos-de-uso-e-privacidade\/","title":{"rendered":"Termos de Uso e Privacidade"},"content":{"rendered":"<h2 style=\"text-align: center;\"><strong>TERMOS DE USO E PRIVACIDADE<\/strong><\/h2>\n<p>Ol\u00e1, seja bem-vindo!<\/p>\n<p>Esses s\u00e3o os Termos de Uso e Privacidade que regulam a utiliza\u00e7\u00e3o do website do Instituto de Previd\u00eancia Social do Munic\u00edpio de Palmeira dos \u00cdndios, uma solu\u00e7\u00e3o tecnol\u00f3gica desenvolvida e operacionalizada (suporte) pela 3IT Consultoria.<\/p>\n<p>Al\u00e9m de evidenciar o respeito \u00e0 privacidade como um de nossos valores, esse documento reflete o nosso compromisso com tratamento \u00e9tico e legal de dados pessoais. Por isso, recomendamos que o leia atentamente, pois nele voc\u00ea encontrar\u00e1 as informa\u00e7\u00f5es elementares a respeito do funcionamento de nosso site e das opera\u00e7\u00f5es de tratamento de dados pessoais que realizamos quando voc\u00ea acessa ou interage com ele.<\/p>\n<p><strong>(I) USO DO SITE<\/strong><\/p>\n<p><strong>A) Da fun\u00e7\u00e3o do site<\/strong><\/p>\n<p>Este site foi criado e desenvolvido com a fun\u00e7\u00e3o de trazer conte\u00fado informativo de alta qualidade a respeito das a\u00e7\u00f5es deste Regime Pr\u00f3prio.<\/p>\n<p>Todo o conte\u00fado presente neste site foi desenvolvido buscando fontes e materiais de confiabilidade, assim como s\u00e3o baseados em estudos s\u00e9rios e respeitados.<\/p>\n<p>\u00c9 de responsabilidade do usu\u00e1rio usar todas as informa\u00e7\u00f5es presentes no site com senso cr\u00edtico, utilizando apenas como fonte de informa\u00e7\u00e3o.<\/p>\n<p><strong>B) Ades\u00e3o e aceite<\/strong><\/p>\n<p>Pelo presente instrumento, o usu\u00e1rio fica ciente e concorda que, ao utilizar a plataforma, automaticamente, adere ao disposto nos presentes Termos de Uso.<\/p>\n<p>O usu\u00e1rio aceita todo o risco decorrente da utiliza\u00e7\u00e3o do site.<\/p>\n<p><strong>C) Acesso a links externos<\/strong><\/p>\n<p>Alguns servi\u00e7os oferecidos pela plataforma podem conter links que direcionam a sites externos. Nesse caso, n\u00e3o podemos assumir qualquer responsabilidade quanto ao seu conte\u00fado. Assim, recomendamos que, ao ser redirecionado para sites externos, voc\u00ea consulte as respectivas pol\u00edticas de privacidade da institui\u00e7\u00e3o respons\u00e1vel antes de fornecer dados pessoais ou informa\u00e7\u00f5es.<\/p>\n<p><strong>D) Dados<\/strong><\/p>\n<p>\u00c9 do usu\u00e1rio a responsabilidade por todos os dados (pessoais ou n\u00e3o) inseridos em nossa plataforma mediante o preenchimento de campos ou constantes de documentos eventualmente anexado (upload). Portanto, a 3IT Consultoria n\u00e3o se responsabiliza pela incorre\u00e7\u00e3o ou incompletude dos dados fornecidos pelo usu\u00e1rio.<\/p>\n<p>E) Modifica\u00e7\u00f5es da plataforma<\/p>\n<p>\u00c0 3IT Consultoria reserva-se o direito de, a qualquer momento, modificar os termos de uso, ou mesmo alterar ou modificar a apar\u00eancia ou o funcionamento da plataforma. Sempre que isso ocorrer, iremos comunicar em nossa plataforma um aviso de modifica\u00e7\u00e3o.<\/p>\n<p><strong>F) Obriga\u00e7\u00f5es dos usu\u00e1rios<\/strong><\/p>\n<p>Os <em><strong>usu\u00e1rios<\/strong> <\/em>se obrigam a:<\/p>\n<p>(i) respeitar as condi\u00e7\u00f5es e regras de utiliza\u00e7\u00e3o da plataforma;<br \/>(ii) cumprir com as obriga\u00e7\u00f5es que lhes s\u00e3o atribu\u00eddas no presente termo ou decorrentes da legisla\u00e7\u00e3o em vigor;<br \/>(iii) utilizar a plataforma exclusivamente para os fins a que se destina;<br \/>(iv) fornecer informa\u00e7\u00f5es cadastrais exatas e verdadeiras, responsabilizando-se exclusiva e integralmente por todo o conte\u00fado informado no cadastro.<\/p>\n<p><strong>G) Obriga\u00e7\u00f5es da 3IT Consultoria<\/strong><\/p>\n<p>\u00c0 3IT Consultoria compete:<\/p>\n<p>(i) assegurar o correto fluxo das funcionalidades da plataforma definidas nestes termos; (ii) adotar medidas t\u00e9cnicas e organizacionais adequadas, respeitada a sua capacidade econ\u00f4mica, para proteger a confidencialidade, integridade e disponibilidade dos dados dos usu\u00e1rios.<\/p>\n<p><strong>H) Restri\u00e7\u00f5es<\/strong><\/p>\n<p>N\u00e3o \u00e9 permitido:<\/p>\n<p>(i) acessar as \u00e1reas de programa\u00e7\u00e3o da plataforma, seu banco de dados ou qualquer outro conjunto de informa\u00e7\u00f5es que fa\u00e7a parte da atividade de webmastering;<br \/>(ii) realizar qualquer tipo de descompila\u00e7\u00e3o da plataforma;<br \/><span style=\"font-size: revert;\">(iii) modifica\u00e7\u00e3o da estrutura da plataforma;<br \/><\/span>(iv) reprodu\u00e7\u00e3o da plataforma;<br \/>(v) qualquer t\u00e9cnica de obten\u00e7\u00e3o de dados contidos na plataforma, de forma isolada ou recorrente;<br \/>(vi) usar o nome ou violar direitos de propriedade intelectual assegurados \u00e0 3IT Consultoria.<\/p>\n<p><strong>I) Limita\u00e7\u00e3o de responsabilidade<\/strong><\/p>\n<p>A 3IT Consultoria responder\u00e1 exclusiva e limitadamente pelo adequado funcionamento da plataforma, conforme descrito nestes termos.<\/p>\n<p>A 3IT Consultoria n\u00e3o ser\u00e1 respons\u00e1vel por quaisquer perdas ou danos sofridos, resultantes de:<\/p>\n<p>(i) informa\u00e7\u00e3o errada ou incompleta inserida na plataforma;<br \/>(ii) orienta\u00e7\u00e3o prestada por profissionais direta ou indiretamente relacionados aos RPPS;<br \/>(iii) viola\u00e7\u00e3o das regras previstas neste termo;<br \/>(iv) falhas nas conex\u00f5es;<br \/>(v) problemas no processamento de dados por culpa de terceiros;<br \/>(vi) condutas de terceiros;<br \/>(vii) caso fortuito ou for\u00e7a maior.<\/p>\n<p><strong>(II) PRIVACIDADE E PROTE\u00c7\u00c3O DE DADOS PESSOAIS<\/strong><\/p>\n<p>Em rela\u00e7\u00e3o ao tratamento de dados pessoais (conforme definidos pela Lei Geral de Prote\u00e7\u00e3o de Dados Pessoais \u2013 L13709\/18), a 3IT Consultoria atua, em rela\u00e7\u00e3o ao Instituto de Previd\u00eancia Social do Munic\u00edpio de Palmeira dos \u00cdndios, como operadora dos dados tratados no \u00e2mbito da plataforma. Para voc\u00ea conhecer a pol\u00edtica de privacidade da Instituto de Previd\u00eancia Social do Munic\u00edpio de Palmeira dos \u00cdndios, acesse: <a href=\"https:\/\/3itserver.com.br\/palmeiraprev\/politicas-de-privacidade\/\"> https:\/\/3itserver.com.br\/palmeiraprev\/politicas-de-privacidade\/<\/a>.<\/p>\n<p><strong>A) Conceitos importantes<\/strong><\/p>\n<p>Considerando que esse texto cont\u00e9m algumas express\u00f5es t\u00e9cnicas, apresentamos abaixo algumas defini\u00e7\u00f5es importantes:<\/p>\n<ul>\n<li>\n<p><strong>Dados pessoais:<\/strong> Informa\u00e7\u00f5es relacionadas a pessoas f\u00edsicas que podem ser identificadas direta ou indiretamente, por meio de um conjunto de informa\u00e7\u00f5es.<\/p>\n<\/li>\n<li>\n<p><strong>Dados pessoais sens\u00edveis:<\/strong> Dentro da categoria de dados pessoais, os dados pessoais sens\u00edveis s\u00e3o exclusivamente as informa\u00e7\u00f5es relacionadas a origem racial ou \u00e9tnica; convic\u00e7\u00e3o religiosa; opini\u00e3o pol\u00edtica; filia\u00e7\u00e3o a sindicato ou a organiza\u00e7\u00e3o de car\u00e1ter religioso, filos\u00f3fico ou pol\u00edtico; dado referente \u00e0 sa\u00fade ou \u00e0 vida sexual; dado gen\u00e9tico ou biom\u00e9trico quando vinculadas a uma pessoa f\u00edsica.<\/p>\n<\/li>\n<li>\n<p><strong>Dados anonimizados:<\/strong> Informa\u00e7\u00f5es que se referem a pessoas f\u00edsicas, mas que n\u00e3o podem ser ligados a nenhuma pessoa f\u00edsica espec\u00edfica nem direta nem indiretamente, considerando-se os meios t\u00e9cnicos dispon\u00edveis.<\/p>\n<\/li>\n<li>\n<p><strong>Tratamento:<\/strong> Toda e qualquer opera\u00e7\u00e3o com dados pessoais. Alguns exemplos: coleta, produ\u00e7\u00e3o, recep\u00e7\u00e3o, classifica\u00e7\u00e3o, utiliza\u00e7\u00e3o, acesso, reprodu\u00e7\u00e3o, transmiss\u00e3o, distribui\u00e7\u00e3o, processamento, arquivamento, armazenamento, elimina\u00e7\u00e3o, avalia\u00e7\u00e3o ou controle da informa\u00e7\u00e3o, modifica\u00e7\u00e3o, comunica\u00e7\u00e3o, transfer\u00eancia, difus\u00e3o ou extra\u00e7\u00e3o.<\/p>\n<\/li>\n<li>\n<p><strong>Titular de dados:<\/strong> Pessoa f\u00edsica a quem os dados se referem.<\/p>\n<\/li>\n<li>\n<p><strong>Autoridade Nacional:<\/strong> \u00d3rg\u00e3o da administra\u00e7\u00e3o p\u00fablica respons\u00e1vel por fiscalizar o cumprimento da LGPD no territ\u00f3rio brasileiro.<\/p>\n<\/li>\n<li>\n<p><strong>Controlador:<\/strong> Pessoa f\u00edsica ou entidade do setor p\u00fablico ou privado que determina a finalidade e a forma de tratamento dos dados pessoais, dentre outros fatores relacionados ao tratamento.<\/p>\n<\/li>\n<li>\n<p><strong>Operador:<\/strong> Pessoa f\u00edsica ou entidade do setor p\u00fablico ou privado que realiza o tratamento dos dados pessoais em nome do Controlador.<\/p>\n<\/li>\n<li>\n<p><strong>Encarregado de Prote\u00e7\u00e3o de Dados:<\/strong> Tamb\u00e9m chamado de Data Protection Officer (DPO), \u00e9 uma pessoa indicada pelo Controlador\/Operador para agir como canal de comunica\u00e7\u00e3o entre o Controlador e os titulares de dados, e entre o Controlador e a Autoridade Nacional de Prote\u00e7\u00e3o de Dados (ANPD).<\/p>\n<\/li>\n<\/ul>\n<p><strong>B) PRINC\u00cdPIOS<\/strong><\/p>\n<p>Ao tratar seus dados pessoais, a 3IT Consultoria observa os seguintes princ\u00edpios, todos previstos pela LGPD:<\/p>\n<ul>\n<li><strong>Adequa\u00e7\u00e3o:<\/strong> Tratar os dados pessoais de forma compat\u00edvel com as finalidades informadas ao titular dos dados.<\/li>\n<li><strong>Finalidade:<\/strong> Tratar os dados pessoais para objetivos leg\u00edtimos, espec\u00edficos, expl\u00edcitos e informados ao titular.<\/li>\n<li><strong>Livre acesso:<\/strong> Garantir ao titular dos dados a consulta gratuita e facilitada aos seus dados pessoais tratados, bem como \u00e0 forma e \u00e0 dura\u00e7\u00e3o do tratamento.<\/li>\n<li><strong>N\u00e3o discrimina\u00e7\u00e3o:<\/strong> N\u00e3o utilizar o tratamento para fins discriminat\u00f3rios il\u00edcitos ou abusivos.<\/li>\n<li><strong>Necessidade:<\/strong> Tratar somente os dados necess\u00e1rios &#8211; tanto em quest\u00e3o de categorias de dados, como em propor\u00e7\u00e3o, o m\u00ednimo poss\u00edvel para atingir as finalidades.<\/li>\n<li><strong>Preven\u00e7\u00e3o:<\/strong> Adotar todas as medidas poss\u00edveis para evitar danos ao (ou em decorr\u00eancia do) tratamento de dados pessoais.<\/li>\n<li><strong>Qualidade de dados:<\/strong> Garantir exatid\u00e3o, clareza, relev\u00e2ncia e atualiza\u00e7\u00e3o dos dados.<\/li>\n<li>Responsabiliza\u00e7\u00e3o e presta\u00e7\u00e3o de contas: Demonstrar a ado\u00e7\u00e3o de medidas eficazes para comprovar a observ\u00e2ncia e o cumprimento das normas de prote\u00e7\u00e3o de dados.<\/li>\n<li><strong>Seguran\u00e7a:<\/strong> Utilizar medidas t\u00e9cnicas e administrativas\/organizacionais para proteger os dados pessoais de tratamento n\u00e3o autorizado, seja intencional ou acidental.<\/li>\n<li><strong>Transpar\u00eancia:<\/strong> Dar acesso aos titulares a informa\u00e7\u00f5es claras, precisas e facilmente acess\u00edveis sobre o tratamento de seus dados pessoais, resguardados os segredos comercial e industrial.<\/li>\n<\/ul>\n<p>\u00a0<\/p>\n<p><strong>C) BASES LEGAIS PARA O TRATAMENTO DE DADOS PESSOAIS<\/strong><\/p>\n<p>A LGPD autoriza o tratamento de dados pessoais com base em:<\/p>\n<ul>\n<li>Consentimento do titular;<\/li>\n<li>Cumprimento de obriga\u00e7\u00e3o legal ou regulat\u00f3ria;<\/li>\n<li>Execu\u00e7\u00e3o de pol\u00edticas p\u00fablicas pela administra\u00e7\u00e3o p\u00fablica;<\/li>\n<li>Realiza\u00e7\u00e3o de estudos por \u00f3rg\u00e3o de pesquisa;<\/li>\n<li>Execu\u00e7\u00e3o de contrato ou procedimentos preliminares com o titular e a pedido do titular;<\/li>\n<li>Exerc\u00edcio de direito em processo judicial, administrativo ou arbitral;<\/li>\n<li>Prote\u00e7\u00e3o da vida e incolumidade f\u00edsica;<\/li>\n<li>Tutela da sa\u00fade em procedimento feito por profissionais ou servi\u00e7os de sa\u00fade, ou autoridade sanit\u00e1ria;<\/li>\n<li>Interesse leg\u00edtimo;<\/li>\n<li>Prote\u00e7\u00e3o do cr\u00e9dito;<\/li>\n<li>Preven\u00e7\u00e3o \u00e0 fraude e \u00e0 seguran\u00e7a do titular.<\/li>\n<\/ul>\n<p>Avisos de privacidade s\u00e3o regularmente mantidos pela 3IT Consultoria. O que, geralmente, se d\u00e1 antes ou durante o cumprimento de alguma atividade de tratamento de dados pessoais.<\/p>\n<p>Assim, a 3IT Consultoria cumpre com o dever de informa\u00e7\u00e3o, inerente ao princ\u00edpio da transpar\u00eancia.<\/p>\n<p><strong>D) QUAIS S\u00c3O OS DADOS COLETADOS<\/strong><\/p>\n<p>Algumas categorias de dados pessoais podem ser coletadas durante sua experi\u00eancia em nossa plataforma, o que pode variar de acordo com a funcionalidade acessada.<\/p>\n<p><strong>E) COOKIES<\/strong><\/p>\n<p>Cookies s\u00e3o pequenos arquivos de texto enviados pelo site ao computador do usu\u00e1rio e que nele armazenam informa\u00e7\u00f5es relacionadas \u00e0 navega\u00e7\u00e3o do site.<\/p>\n<p>Atualmente a plataforma coleta cookies essenciais para o funcionamento correto dos servi\u00e7os. Estes cookies geralmente s\u00e3o utilizados em resposta \u00e0s a\u00e7\u00f5es realizadas pelo usu\u00e1rio, como defini\u00e7\u00e3o de prefer\u00eancias, logins ou preenchimento de formul\u00e1rios.<\/p>\n<p>Os cookies utilizados no site s\u00e3o os seguintes:<\/p>\n<p>\u2013 Cookies de Sess\u00e3o: os cookies de sess\u00e3o s\u00e3o tempor\u00e1rios e permanecer\u00e3o no dispositivo do usu\u00e1rio at\u00e9 que este saia do site.<\/p>\n<p>\u2013 Cookies Persistentes: os cookies persistentes ficam residentes no seu dispositivo de acesso \u00e0 internet at\u00e9 o seu prazo de expira\u00e7\u00e3o ou at\u00e9 o usu\u00e1rio limpar seus dados no navegador.<\/p>\n<p><strong>F) COM QUEM SEUS DADOS PODEM SER COMPARTILHADOS<\/strong><\/p>\n<p>Qualquer compartilhamento de dados pessoais somente \u00e9 realizado nos limites previstos na Lei Geral de Prote\u00e7\u00e3o de Dados. Por isso, todo compartilhamento somente ocorre com a permiss\u00e3o do usu\u00e1rio, por for\u00e7a da lei, por ordem de autoridade competente ou judicialmente ou quando necess\u00e1rio para o adequado fornecimento dos nossos servi\u00e7os.<\/p>\n<p>Nos casos em que a permiss\u00e3o do usu\u00e1rio \u00e9 necess\u00e1ria, o compartilhamento \u00e9 precedido da celebra\u00e7\u00e3o de acordos de tratamento de dados pessoais, por via dos quais s\u00e3o estabelecidos seus limites e finalidades, al\u00e9m das responsabilidades das institui\u00e7\u00f5es envolvidas.<\/p>\n<p><strong>G) COMO GARANTIMOS A SEGURAN\u00c7A DOS DADOS PESSOAIS QUE TRATAMOS<\/strong><\/p>\n<p>A 3IT Consultoria implementa medidas de seguran\u00e7a, t\u00e9cnicas e administrativas aptas a proteger os dados pessoais de acessos n\u00e3o autorizados e de situa\u00e7\u00f5es acidentais ou il\u00edcitas de destrui\u00e7\u00e3o, perda, altera\u00e7\u00e3o, comunica\u00e7\u00e3o ou outra forma de tratamento irregular. Isso \u00e9 feito, por exemplo, por meio de:<\/p>\n<ul>\n<li>\n<p>Sistemas, ferramentas e servi\u00e7os aptos a proteger e monitorar o tratamento de dados pessoais; e<\/p>\n<\/li>\n<li>\n<p>Pol\u00edticas, normas e procedimentos internos que orientam a atua\u00e7\u00e3o dos colaboradores em prol da prote\u00e7\u00e3o de dados pessoais.<\/p>\n<\/li>\n<li>\n<p>Controle de acessos l\u00f3gicos para que apenas pessoas autorizadas tenham acesso a seus dados pessoais.<\/p>\n<\/li>\n<\/ul>\n<p><strong>H) DIREITOS DO TITULAR DE DADOS<\/strong><\/p>\n<p>De um modo geral, a legisla\u00e7\u00e3o garante a voc\u00ea os seguintes direitos:<\/p>\n<ul>\n<li>Confirma\u00e7\u00e3o da exist\u00eancia de tratamento de seus dados pessoais, ou seja, o titular tem direito a saber se seus dados pessoais s\u00e3o tratados ou n\u00e3o;<\/li>\n<li>Acesso aos dados pessoais que s\u00e3o tratados;<\/li>\n<li>Corre\u00e7\u00e3o de dados pessoais incompletos, inexatos ou desatualizados;<\/li>\n<li>Anonimiza\u00e7\u00e3o, bloqueio ou elimina\u00e7\u00e3o, caso perceba que existem dados pessoais desnecess\u00e1rios, excessivos ou tratados em desconformidade com a LGPD;<\/li>\n<li>Portabilidade dos dados pessoais para o novo fornecedor ou prestador; nos casos de mudan\u00e7a de fornecedor ou prestador servi\u00e7o;<\/li>\n<li>Anonimiza\u00e7\u00e3o, bloqueio ou elimina\u00e7\u00e3o dos dados pessoais, uma vez encerrado o motivo legal que autorizou o tratamento ou cancelado o consentimento;<\/li>\n<li>Informa\u00e7\u00f5es sobre quais dados e com quem estes foram compartilhados;<\/li>\n<li>Revoga\u00e7\u00e3o do consentimento para o tratamento dos dados pessoais;<\/li>\n<li>Oposi\u00e7\u00e3o ao tratamento realizado com fundamento em uma das hip\u00f3teses de dispensa de consentimento, em caso de descumprimento ao disposto na LGPD;<\/li>\n<li>Revis\u00e3o de decis\u00f5es tomadas unicamente com base em tratamento automatizado de dados pessoais que afetem seus interesses, inclu\u00eddas as decis\u00f5es destinadas a definir o seu perfil pessoal, profissional, de consumo e de cr\u00e9dito ou os aspectos de sua personalidade.<\/li>\n<\/ul>\n<p>Caso voc\u00ea pretenda tratar de quaisquer assuntos relacionados a privacidade e prote\u00e7\u00e3o de dados, inclusive exercer quaisquer direitos relacionados ao assunto, dever\u00e1 entrar em contato com nosso Encarregado de Prote\u00e7\u00e3o de Dados Pessoais, a fim de que possamos avaliar especificamente a situa\u00e7\u00e3o apresentada. Seguem as informa\u00e7\u00f5es:<\/p>\n<ul>\n<li>Encarregado(a): Carvalho, Monteiro e Silva Advogados<\/li>\n<li>E-mail: cms@cmslaw.com.br<\/li>\n<\/ul>\n<p>Se voc\u00ea n\u00e3o estiver satisfeito com nosso uso de seus dados pessoais ou nossa resposta a qualquer exerc\u00edcio destes direitos, voc\u00ea tem o direito de reclamar junto \u00e0 Autoridade Brasileira de Prote\u00e7\u00e3o de Dados (ANPD) no endere\u00e7o: https:\/\/www.gov.br\/anpd\/pt-br\/canais_atendimento\/cidadao-titular-de-dados\/peticao-de-titular-contra-controlador-de-dados.<\/p>\n<p><strong>(III) ATUALIZA\u00c7\u00d5ES<\/strong><\/p>\n<p>Caso esses termos venham a ser atualizados para atender a normas e regulamentos sobre privacidade e prote\u00e7\u00e3o de dados, sua vers\u00e3o atualizada ser\u00e1 imediatamente disponibilizada, mantendo-se registradas as vers\u00f5es anteriores para fins de consulta.<\/p>\n<p><strong>(IV) LEGISLA\u00c7\u00c3O APLIC\u00c1VEL E JURISDI\u00c7\u00c3O<\/strong><\/p>\n<p>O presente termo de uso \u00e9 regido pelas leis brasileiras e fica definido o foro da comarca Fortaleza\/CE, como competente para dirimir eventuais controv\u00e9rsias oriundas destes, em preju\u00edzo de qualquer outro, por mais privilegiado que seja ou venha a ser.<\/p>\n","protected":false},"excerpt":{"rendered":"<p>TERMOS DE USO E PRIVACIDADE Ol\u00e1, seja bem-vindo! Esses s\u00e3o os Termos de Uso e Privacidade que regulam a utiliza\u00e7\u00e3o do website do Instituto de Previd\u00eancia Social do Munic\u00edpio de Palmeira dos \u00cdndios, uma solu\u00e7\u00e3o tecnol\u00f3gica desenvolvida e operacionalizada (suporte) pela 3IT Consultoria. Al\u00e9m de evidenciar o respeito \u00e0 privacidade como um de nossos valores, [&hellip;]<\/p>\n","protected":false},"author":1,"featured_media":0,"parent":0,"menu_order":0,"comment_status":"closed","ping_status":"closed","template":"","meta":{"_et_pb_use_builder":"","_et_pb_old_content":"","_et_gb_content_width":"","footnotes":""},"class_list":["post-1707","page","type-page","status-publish","hentry"],"_links":{"self":[{"href":"https:\/\/3itserver.com.br\/palmeiraprev\/wp-json\/wp\/v2\/pages\/1707","targetHints":{"allow":["GET"]}}],"collection":[{"href":"https:\/\/3itserver.com.br\/palmeiraprev\/wp-json\/wp\/v2\/pages"}],"about":[{"href":"https:\/\/3itserver.com.br\/palmeiraprev\/wp-json\/wp\/v2\/types\/page"}],"author":[{"embeddable":true,"href":"https:\/\/3itserver.com.br\/palmeiraprev\/wp-json\/wp\/v2\/users\/1"}],"replies":[{"embeddable":true,"href":"https:\/\/3itserver.com.br\/palmeiraprev\/wp-json\/wp\/v2\/comments?post=1707"}],"version-history":[{"count":1,"href":"https:\/\/3itserver.com.br\/palmeiraprev\/wp-json\/wp\/v2\/pages\/1707\/revisions"}],"predecessor-version":[{"id":1708,"href":"https:\/\/3itserver.com.br\/palmeiraprev\/wp-json\/wp\/v2\/pages\/1707\/revisions\/1708"}],"wp:attachment":[{"href":"https:\/\/3itserver.com.br\/palmeiraprev\/wp-json\/wp\/v2\/media?parent=1707"}],"curies":[{"name":"wp","href":"https:\/\/api.w.org\/{rel}","templated":true}]}}