{"id":1550,"date":"2023-07-25T12:24:50","date_gmt":"2023-07-25T15:24:50","guid":{"rendered":"https:\/\/3itserver.com.br\/palmeiraprev\/?page_id=1550"},"modified":"2025-05-05T11:08:40","modified_gmt":"2025-05-05T14:08:40","slug":"politica-de-investimento","status":"publish","type":"page","link":"https:\/\/3itserver.com.br\/palmeiraprev\/transparencia\/politica-de-investimento\/","title":{"rendered":"Pol\u00edtica de Investimento"},"content":{"rendered":"<p>&nbsp;<\/p>\n<table id=\"data\" class=\"hover responsive\" width=\"100%\">\n<thead>\n<tr>\n<th>Ano<\/th>\n<th>Descri\u00e7\u00e3o<\/th>\n<th style=\"width: 85px;\">Visualizar<\/th>\n<\/tr>\n<\/thead>\n<tbody>\n<tr>\n<td align=\"center\">2024<\/td>\n<td style=\"text-align: left;\">Pol\u00edtica de Investimentos<\/td>\n<td align=\"center\"><a href=\"https:\/\/3itserver.com.br\/palmeiraprev\/wp-content\/uploads\/2024\/11\/POLITICA-DE-INVESTIMENTO-2024.pdf\" target=\"_blank\" rel=\"noopener\">Visualizar<\/a><\/td>\n<\/tr>\n<tr>\n<td align=\"center\">2023<\/td>\n<td style=\"text-align: left;\">Pol\u00edtica de Investimentos<\/td>\n<td align=\"center\"><a href=\"https:\/\/3itserver.com.br\/palmeiraprev\/wp-content\/uploads\/2023\/07\/Politica-de-Investimentos-2023-PalmeiraPrev.pdf\" target=\"_blank\" rel=\"noopener\">Visualizar<\/a><\/td>\n<\/tr>\n<tr>\n<td align=\"center\">2022<\/td>\n<td style=\"text-align: left;\">Pol\u00edtica de Investimentos<\/td>\n<td align=\"center\"><a href=\"https:\/\/3itserver.com.br\/palmeiraprev\/wp-content\/uploads\/2024\/11\/POLITICA-DE-INVESTIMENTOS-2022.pdf\" target=\"_blank\" rel=\"noopener\">Visualizar<\/a><\/td>\n<\/tr>\n<tr>\n<td align=\"center\">2021<\/td>\n<td style=\"text-align: left;\">Pol\u00edtica de Investimentos<\/td>\n<td align=\"center\"><a href=\"https:\/\/3itserver.com.br\/palmeiraprev\/wp-content\/uploads\/2024\/11\/POLITICA-DE-INVESTIMENTOS-2021.pdf\" target=\"_blank\" rel=\"noopener\">Visualizar<\/a><\/td>\n<\/tr>\n<tr>\n<td align=\"center\">2020<\/td>\n<td style=\"text-align: left;\">Pol\u00edtica de Investimentos<\/td>\n<td align=\"center\"><a href=\"https:\/\/3itserver.com.br\/palmeiraprev\/wp-content\/uploads\/2024\/11\/POLITICA-DE-INVESTIMENTOS-2020.pdf\" target=\"_blank\" rel=\"noopener\">Visualizar<\/a><\/td>\n<\/tr>\n<tr>\n<td align=\"center\">2019<\/td>\n<td style=\"text-align: left;\">Pol\u00edtica de Investimentos<\/td>\n<td align=\"center\"><a href=\"https:\/\/3itserver.com.br\/palmeiraprev\/wp-content\/uploads\/2024\/11\/POLITICA-DE-INVESTIMENTOS-2019.pdf\" target=\"_blank\" rel=\"noopener\">Visualizar<\/a><\/td>\n<\/tr>\n<tr>\n<td align=\"center\">2018<\/td>\n<td style=\"text-align: left;\">Pol\u00edtica de Investimentos<\/td>\n<td align=\"center\"><a href=\"https:\/\/3itserver.com.br\/palmeiraprev\/wp-content\/uploads\/2024\/11\/POLITICA-DE-INSVESTIMENTOS-2018.pdf\" target=\"_blank\" rel=\"noopener\">Visualizar<\/a><\/td>\n<\/tr>\n<tr>\n<td align=\"center\">2017<\/td>\n<td style=\"text-align: left;\">Pol\u00edtica de Investimentos<\/td>\n<td align=\"center\"><a href=\"https:\/\/3itserver.com.br\/palmeiraprev\/wp-content\/uploads\/2024\/11\/POLITICA-DE-INSVESTIMENTOS-2017.pdf\" target=\"_blank\" rel=\"noopener\">Visualizar<\/a><\/td>\n<\/tr>\n<\/tbody>\n<\/table>\n<div id=\"icpbravoaccess_loaded\"><\/div>\n<div id=\"icpbravoaccess_loaded\"><\/div>\n","protected":false},"excerpt":{"rendered":"<p>&nbsp; Ano Descri\u00e7\u00e3o Visualizar 2024 Pol\u00edtica de Investimentos Visualizar 2023 Pol\u00edtica de Investimentos Visualizar 2022 Pol\u00edtica de Investimentos Visualizar 2021 Pol\u00edtica de Investimentos Visualizar 2020 Pol\u00edtica de Investimentos Visualizar 2019 Pol\u00edtica de Investimentos Visualizar 2018 Pol\u00edtica de Investimentos Visualizar 2017 Pol\u00edtica de Investimentos Visualizar<\/p>\n","protected":false},"author":1,"featured_media":0,"parent":2212,"menu_order":0,"comment_status":"closed","ping_status":"closed","template":"","meta":{"_et_pb_use_builder":"","_et_pb_old_content":"","_et_gb_content_width":"","footnotes":""},"class_list":["post-1550","page","type-page","status-publish","hentry"],"_links":{"self":[{"href":"https:\/\/3itserver.com.br\/palmeiraprev\/wp-json\/wp\/v2\/pages\/1550","targetHints":{"allow":["GET"]}}],"collection":[{"href":"https:\/\/3itserver.com.br\/palmeiraprev\/wp-json\/wp\/v2\/pages"}],"about":[{"href":"https:\/\/3itserver.com.br\/palmeiraprev\/wp-json\/wp\/v2\/types\/page"}],"author":[{"embeddable":true,"href":"https:\/\/3itserver.com.br\/palmeiraprev\/wp-json\/wp\/v2\/users\/1"}],"replies":[{"embeddable":true,"href":"https:\/\/3itserver.com.br\/palmeiraprev\/wp-json\/wp\/v2\/comments?post=1550"}],"version-history":[{"count":4,"href":"https:\/\/3itserver.com.br\/palmeiraprev\/wp-json\/wp\/v2\/pages\/1550\/revisions"}],"predecessor-version":[{"id":1832,"href":"https:\/\/3itserver.com.br\/palmeiraprev\/wp-json\/wp\/v2\/pages\/1550\/revisions\/1832"}],"up":[{"embeddable":true,"href":"https:\/\/3itserver.com.br\/palmeiraprev\/wp-json\/wp\/v2\/pages\/2212"}],"wp:attachment":[{"href":"https:\/\/3itserver.com.br\/palmeiraprev\/wp-json\/wp\/v2\/media?parent=1550"}],"curies":[{"name":"wp","href":"https:\/\/api.w.org\/{rel}","templated":true}]}}