{"id":1528,"date":"2023-07-13T10:25:12","date_gmt":"2023-07-13T13:25:12","guid":{"rendered":"https:\/\/3itserver.com.br\/palmeiraprev\/?page_id=1528"},"modified":"2025-05-05T12:15:19","modified_gmt":"2025-05-05T15:15:19","slug":"prestacao-de-contas","status":"publish","type":"page","link":"https:\/\/3itserver.com.br\/palmeiraprev\/transparencia\/prestacao-de-contas\/","title":{"rendered":"Presta\u00e7\u00e3o de Contas"},"content":{"rendered":"<p>&nbsp;<\/p>\n<table id=\"data\" class=\"hover responsive\" width=\"100%\">\n<thead>\n<tr>\n<th>Ano<\/th>\n<th>N\u00fam.<\/th>\n<th>Tipo<\/th>\n<th>Descri\u00e7\u00e3o<\/th>\n<th style=\"width: 85px;\">Visualizar<\/th>\n<\/tr>\n<\/thead>\n<tbody>\n<tr>\n<td>2021<\/td>\n<td>&#8211;<\/td>\n<td>Oficio<\/td>\n<td style=\"text-align: left;\">Presta\u00e7\u00e3o de Contas &#8211; 2021<\/td>\n<td><a href=\"https:\/\/3itserver.com.br\/palmeiraprev\/wp-content\/uploads\/2025\/03\/Balan\u00e7o-Anual-presta\u00e7\u00e3o-de-contas-2021.pdf\" target=\"_blank\" rel=\"noopener\"> Visualizar<\/a><\/td>\n<\/tr>\n<tr>\n<td>2024<\/td>\n<td>079<\/td>\n<td>Oficio<\/td>\n<td style=\"text-align: left;\">Presta\u00e7\u00e3o de Contas &#8211; 2023<\/td>\n<td><a href=\"https:\/\/3itserver.com.br\/palmeiraprev\/wp-content\/uploads\/2024\/05\/PRESTA\u00c7\u00c3O-DE-CONTAS-2023.pdf\" target=\"_blank\" rel=\"noopener\"> Visualizar<\/a><\/td>\n<\/tr>\n<tr>\n<td>2023<\/td>\n<td>056<\/td>\n<td>Oficio<\/td>\n<td style=\"text-align: left;\">Presta\u00e7\u00e3o de Contas &#8211; 2022<\/td>\n<td><a href=\"https:\/\/3itserver.com.br\/palmeiraprev\/wp-content\/uploads\/2023\/07\/PRESTA\u00c7\u00c3O-DE-CONTAS-2022.pdf\" target=\"_blank\" rel=\"noopener\"> Visualizar<\/a><\/td>\n<\/tr>\n<tr>\n<td>2021<\/td>\n<td>061<\/td>\n<td>Oficio<\/td>\n<td style=\"text-align: left;\">Presta\u00e7\u00e3o de Contas &#8211; 2020<\/td>\n<td><a href=\"https:\/\/3itserver.com.br\/palmeiraprev\/wp-content\/uploads\/2025\/02\/PRESTA\u00c7\u00c3O-DE-CONTAS-2020.pdf\" target=\"_blank\" rel=\"noopener\"> Visualizar<\/a><\/td>\n<\/tr>\n<tr>\n<td>2020<\/td>\n<td>061<\/td>\n<td>Oficio<\/td>\n<td style=\"text-align: left;\">Presta\u00e7\u00e3o de Contas &#8211; 2019<\/td>\n<td><a href=\"https:\/\/3itserver.com.br\/palmeiraprev\/wp-content\/uploads\/2025\/02\/PRESTA\u00c7\u00c3O-DE-CONTAS-2019.pdf\" target=\"_blank\" rel=\"noopener\"> Visualizar<\/a><\/td>\n<\/tr>\n<tr>\n<td>2019<\/td>\n<td>132<\/td>\n<td>Oficio<\/td>\n<td style=\"text-align: left;\">Presta\u00e7\u00e3o de Contas &#8211; 2018<\/td>\n<td><a href=\"https:\/\/3itserver.com.br\/palmeiraprev\/wp-content\/uploads\/2025\/02\/PRESTA\u00c7\u00c3O-DE-CONTAS-2018.pdf\" target=\"_blank\" rel=\"noopener\"> Visualizar<\/a><\/td>\n<\/tr>\n<tr>\n<td>2017<\/td>\n<td>097<\/td>\n<td>Oficio<\/td>\n<td style=\"text-align: left;\">Presta\u00e7\u00e3o de Contas &#8211; 2017<\/td>\n<td><a href=\"https:\/\/3itserver.com.br\/palmeiraprev\/wp-content\/uploads\/2025\/02\/PRESTA\u00c7\u00c3O-DE-CONTAS-2017..pdf\" target=\"_blank\" rel=\"noopener\"> Visualizar<\/a><\/td>\n<\/tr>\n<\/tbody>\n<\/table>\n<div id=\"icpbravoaccess_loaded\"><\/div>\n<div id=\"icpbravoaccess_loaded\"><\/div>\n","protected":false},"excerpt":{"rendered":"<p>&nbsp; Ano N\u00fam. Tipo Descri\u00e7\u00e3o Visualizar 2021 &#8211; Oficio Presta\u00e7\u00e3o de Contas &#8211; 2021 Visualizar 2024 079 Oficio Presta\u00e7\u00e3o de Contas &#8211; 2023 Visualizar 2023 056 Oficio Presta\u00e7\u00e3o de Contas &#8211; 2022 Visualizar 2021 061 Oficio Presta\u00e7\u00e3o de Contas &#8211; 2020 Visualizar 2020 061 Oficio Presta\u00e7\u00e3o de Contas &#8211; 2019 Visualizar 2019 132 Oficio Presta\u00e7\u00e3o [&hellip;]<\/p>\n","protected":false},"author":1,"featured_media":0,"parent":2212,"menu_order":0,"comment_status":"closed","ping_status":"closed","template":"","meta":{"_et_pb_use_builder":"","_et_pb_old_content":"","_et_gb_content_width":"","footnotes":""},"class_list":["post-1528","page","type-page","status-publish","hentry"],"_links":{"self":[{"href":"https:\/\/3itserver.com.br\/palmeiraprev\/wp-json\/wp\/v2\/pages\/1528","targetHints":{"allow":["GET"]}}],"collection":[{"href":"https:\/\/3itserver.com.br\/palmeiraprev\/wp-json\/wp\/v2\/pages"}],"about":[{"href":"https:\/\/3itserver.com.br\/palmeiraprev\/wp-json\/wp\/v2\/types\/page"}],"author":[{"embeddable":true,"href":"https:\/\/3itserver.com.br\/palmeiraprev\/wp-json\/wp\/v2\/users\/1"}],"replies":[{"embeddable":true,"href":"https:\/\/3itserver.com.br\/palmeiraprev\/wp-json\/wp\/v2\/comments?post=1528"}],"version-history":[{"count":6,"href":"https:\/\/3itserver.com.br\/palmeiraprev\/wp-json\/wp\/v2\/pages\/1528\/revisions"}],"predecessor-version":[{"id":2057,"href":"https:\/\/3itserver.com.br\/palmeiraprev\/wp-json\/wp\/v2\/pages\/1528\/revisions\/2057"}],"up":[{"embeddable":true,"href":"https:\/\/3itserver.com.br\/palmeiraprev\/wp-json\/wp\/v2\/pages\/2212"}],"wp:attachment":[{"href":"https:\/\/3itserver.com.br\/palmeiraprev\/wp-json\/wp\/v2\/media?parent=1528"}],"curies":[{"name":"wp","href":"https:\/\/api.w.org\/{rel}","templated":true}]}}