{"id":299,"date":"2021-12-16T11:50:25","date_gmt":"2021-12-16T14:50:25","guid":{"rendered":"https:\/\/3itserver.com.br\/modelo2022_ProGestao\/?page_id=299"},"modified":"2026-03-19T14:52:31","modified_gmt":"2026-03-19T17:52:31","slug":"conheca-a-cidade","status":"publish","type":"page","link":"https:\/\/3itserver.com.br\/modelo2022_ProGestao\/institucional\/conheca-a-cidade\/","title":{"rendered":"Conhe\u00e7a a Cidade"},"content":{"rendered":"<p>[et_pb_section fb_built=&#8221;1&#8243; admin_label=&#8221;section&#8221; _builder_version=&#8221;4.16&#8243; global_colors_info=&#8221;{}&#8221; theme_builder_area=&#8221;post_content&#8221;][et_pb_row _builder_version=&#8221;4.27.6&#8243; _module_preset=&#8221;default&#8221; theme_builder_area=&#8221;post_content&#8221; module_alignment=&#8221;center&#8221; hover_enabled=&#8221;0&#8243; sticky_enabled=&#8221;0&#8243;][et_pb_column _builder_version=&#8221;4.27.6&#8243; _module_preset=&#8221;default&#8221; type=&#8221;4_4&#8243; theme_builder_area=&#8221;post_content&#8221;][et_pb_code _builder_version=&#8221;4.27.6&#8243; _module_preset=&#8221;default&#8221; theme_builder_area=&#8221;post_content&#8221; hover_enabled=&#8221;0&#8243; sticky_enabled=&#8221;0&#8243;]<\/p>\n<div class=\"rpps-box\"><!-- [et_pb_line_break_holder] --><!-- [et_pb_line_break_holder] -->  <\/p>\n<h3 class=\"rpps-title\">Hist\u00f3rico<\/h3>\n<p><!-- [et_pb_line_break_holder] -->  <pee><!-- [et_pb_line_break_holder] -->    Lorem ipsum dolor sit amet, consectetur adipiscing elit. Maecenas quis nisl dui. In ante justo, dignissim nec risus eget, convallis luctus metus. Phasellus tincidunt, enim non sagittis auctor, dolor lacus iaculis metus, id euismod dui nisi in ex. Class aptent taciti sociosqu ad litora torquent per conubia nostra, per inceptos himenaeos. Vivamus pellentesque congue est, sed consectetur eros aliquam a. In eget tincidunt felis, non finibus odio. Aenean blandit viverra leo, a gravida magna. Phasellus sit amet mauris viverra, auctor dolor sed, dignissim lorem. Proin non enim eget purus bibendum ornare. Ut scelerisque ipsum nec pretium tempus.<!-- [et_pb_line_break_holder] -->  <\/pee><!-- [et_pb_line_break_holder] --><!-- [et_pb_line_break_holder] -->  <\/p>\n<h3 class=\"rpps-title\">Forma\u00e7\u00e3o Administrativa<\/h3>\n<p><!-- [et_pb_line_break_holder] -->  <pee><!-- [et_pb_line_break_holder] -->    Lorem ipsum dolor sit amet, consectetur adipiscing elit. Maecenas quis nisl dui. In ante justo, dignissim nec risus eget, convallis luctus metus. Phasellus tincidunt, enim non sagittis auctor, dolor lacus iaculis metus, id euismod dui nisi in ex. Class aptent taciti sociosqu ad litora torquent per conubia nostra, per inceptos himenaeos. Vivamus pellentesque congue est, sed consectetur eros aliquam a. In eget tincidunt felis, non finibus odio. Aenean blandit viverra leo, a gravida magna. Phasellus sit amet mauris viverra, auctor dolor sed, dignissim lorem. Proin non enim eget purus bibendum ornare. Ut scelerisque ipsum nec pretium tempus.<!-- [et_pb_line_break_holder] -->  <\/pee><!-- [et_pb_line_break_holder] --><!-- [et_pb_line_break_holder] -->  <pee>Fonte: <a href=\"https:\/\/cidades.ibge.gov.br\/brasil\/pb\/lucena\/historico\" target=\"_blank\" rel=\"noopener\">IBGE<\/a><\/pee><!-- [et_pb_line_break_holder] --><!-- [et_pb_line_break_holder] -->  <\/p>\n<div class=\"rpps-accordion\"><!-- [et_pb_line_break_holder] -->    <button class=\"rpps-item\" type=\"button\" aria-expanded=\"false\"><!-- [et_pb_line_break_holder] -->      <span class=\"rpps-icon\" aria-hidden=\"true\">+<\/span><!-- [et_pb_line_break_holder] -->      <span class=\"rpps-label\">Fotos<\/span><!-- [et_pb_line_break_holder] -->    <\/button><!-- [et_pb_line_break_holder] --><!-- [et_pb_line_break_holder] -->    <\/p>\n<div class=\"rpps-panel\"><!-- [et_pb_line_break_holder] -->      <\/p>\n<div class=\"rpps-gallery\"><!-- [et_pb_line_break_holder] -->        <!-- [et_pb_line_break_holder] --> <!-- GALERIA DE IMAGENS (DESCOMENTAR QUANDO HOUVER FOTOS)<!-- [et_pb_line_break_holder] --><a href=\"https:\/\/ipmlucena.com.br\/wp-content\/uploads\/2026\/03\/image.jpg\"><!-- [et_pb_line_break_holder] --><img decoding=\"async\" src=\"https:\/\/ipmlucena.com.br\/wp-content\/uploads\/2026\/03\/image.jpg\" alt=\"Foto do munic\u00edpio\"><!-- [et_pb_line_break_holder] --><\/a><!-- [et_pb_line_break_holder] --><!-- [et_pb_line_break_holder] --><a href=\"https:\/\/ipmlucena.com.br\/wp-content\/uploads\/2026\/03\/image-6.jpg\"><!-- [et_pb_line_break_holder] --><img decoding=\"async\" src=\"https:\/\/ipmlucena.com.br\/wp-content\/uploads\/2026\/03\/image-6.jpg\" alt=\"Foto do munic\u00edpio\"><!-- [et_pb_line_break_holder] --><\/a> &#8211;><!-- [et_pb_line_break_holder] --><!-- [et_pb_line_break_holder] --><pee class=\"rpps-empty\">N\u00e3o h\u00e1 imagens dispon\u00edveis.<\/pee><!-- [et_pb_line_break_holder] --><!-- [et_pb_line_break_holder] --><\/div>\n<p><!-- [et_pb_line_break_holder] -->    <\/div>\n<p><!-- [et_pb_line_break_holder] -->  <\/div>\n<p><!-- [et_pb_line_break_holder] --><!-- [et_pb_line_break_holder] --><\/div>\n<p><!-- [et_pb_line_break_holder] --><!-- [et_pb_line_break_holder] --><\/p>\n<style><!-- [et_pb_line_break_holder] -->.rpps-box button{<!-- [et_pb_line_break_holder] -->  all: unset;<!-- [et_pb_line_break_holder] -->}<!-- [et_pb_line_break_holder] --><!-- [et_pb_line_break_holder] -->.rpps-box{<!-- [et_pb_line_break_holder] -->  width: 100%;<!-- [et_pb_line_break_holder] -->  max-width: 900px;<!-- [et_pb_line_break_holder] -->  margin: 0 !important;<!-- [et_pb_line_break_holder] -->  padding: 0 !important;<!-- [et_pb_line_break_holder] -->  text-align: left !important;<!-- [et_pb_line_break_holder] -->}<!-- [et_pb_line_break_holder] --><!-- [et_pb_line_break_holder] -->.rpps-box,<!-- [et_pb_line_break_holder] -->.rpps-box h3,<!-- [et_pb_line_break_holder] -->.rpps-box p,<!-- [et_pb_line_break_holder] -->.rpps-box div,<!-- [et_pb_line_break_holder] -->.rpps-box a{<!-- [et_pb_line_break_holder] -->  text-align: left !important;<!-- [et_pb_line_break_holder] -->}<!-- [et_pb_line_break_holder] --><!-- [et_pb_line_break_holder] -->.rpps-title{<!-- [et_pb_line_break_holder] -->  margin: 18px 0 10px;<!-- [et_pb_line_break_holder] -->  font-size: 18px;<!-- [et_pb_line_break_holder] -->  font-weight: 700;<!-- [et_pb_line_break_holder] -->}<!-- [et_pb_line_break_holder] --><!-- [et_pb_line_break_holder] -->.rpps-accordion{<!-- [et_pb_line_break_holder] -->  border-top: none !important;<!-- [et_pb_line_break_holder] -->}<!-- [et_pb_line_break_holder] --><!-- [et_pb_line_break_holder] -->.rpps-item{<!-- [et_pb_line_break_holder] -->  width: 100% !important;<!-- [et_pb_line_break_holder] -->  display: flex !important;<!-- [et_pb_line_break_holder] -->  align-items: center !important;<!-- [et_pb_line_break_holder] -->  justify-content: flex-start !important;<!-- [et_pb_line_break_holder] -->  gap: 14px !important;<!-- [et_pb_line_break_holder] -->  padding: 16px 0 !important;<!-- [et_pb_line_break_holder] -->  border-bottom: 1px solid #e6e6e6 !important;<!-- [et_pb_line_break_holder] -->  cursor: pointer !important;<!-- [et_pb_line_break_holder] -->  background: #fff !important;<!-- [et_pb_line_break_holder] -->  text-align: left !important;<!-- [et_pb_line_break_holder] -->}<!-- [et_pb_line_break_holder] --><!-- [et_pb_line_break_holder] -->.rpps-icon{<!-- [et_pb_line_break_holder] -->  width: 26px;<!-- [et_pb_line_break_holder] -->  height: 26px;<!-- [et_pb_line_break_holder] -->  display: inline-flex;<!-- [et_pb_line_break_holder] -->  align-items: center;<!-- [et_pb_line_break_holder] -->  justify-content: center;<!-- [et_pb_line_break_holder] -->  background: #1f1f1f;<!-- [et_pb_line_break_holder] -->  color: #fff;<!-- [et_pb_line_break_holder] -->  font-weight: 800;<!-- [et_pb_line_break_holder] -->  border-radius: 2px;<!-- [et_pb_line_break_holder] -->  flex: 0 0 26px;<!-- [et_pb_line_break_holder] -->  line-height: 1;<!-- [et_pb_line_break_holder] -->}<!-- [et_pb_line_break_holder] --><!-- [et_pb_line_break_holder] -->.rpps-label{<!-- [et_pb_line_break_holder] -->  font-size: 14px;<!-- [et_pb_line_break_holder] -->  font-weight: 500;<!-- [et_pb_line_break_holder] -->  color: #222;<!-- [et_pb_line_break_holder] -->}<!-- [et_pb_line_break_holder] --><!-- [et_pb_line_break_holder] -->.rpps-panel{<!-- [et_pb_line_break_holder] -->  display: none;<!-- [et_pb_line_break_holder] -->  padding: 12px 0 18px 0 !important;<!-- [et_pb_line_break_holder] -->  margin: 0 !important;<!-- [et_pb_line_break_holder] -->  border-bottom: 1px solid #e6e6e6;<!-- [et_pb_line_break_holder] -->  text-align: left !important;<!-- [et_pb_line_break_holder] -->}<!-- [et_pb_line_break_holder] --><!-- [et_pb_line_break_holder] -->.rpps-gallery{<!-- [et_pb_line_break_holder] -->  display: grid;<!-- [et_pb_line_break_holder] -->  grid-template-columns: repeat(3, 1fr);<!-- [et_pb_line_break_holder] -->  gap: 8px;<!-- [et_pb_line_break_holder] -->  width: 100%;<!-- [et_pb_line_break_holder] -->  margin: 0 !important;<!-- [et_pb_line_break_holder] -->  justify-content: start !important;<!-- [et_pb_line_break_holder] -->}<!-- [et_pb_line_break_holder] --><!-- [et_pb_line_break_holder] -->.rpps-gallery a{<!-- [et_pb_line_break_holder] -->  display: block;<!-- [et_pb_line_break_holder] -->  margin: 0 !important;<!-- [et_pb_line_break_holder] -->}<!-- [et_pb_line_break_holder] --><!-- [et_pb_line_break_holder] -->.rpps-gallery img{<!-- [et_pb_line_break_holder] -->  width: 100%;<!-- [et_pb_line_break_holder] -->  height: 140px;<!-- [et_pb_line_break_holder] -->  object-fit: cover;<!-- [et_pb_line_break_holder] -->  display: block;<!-- [et_pb_line_break_holder] -->}<!-- [et_pb_line_break_holder] --><!-- [et_pb_line_break_holder] -->@media (max-width: 767px){<!-- [et_pb_line_break_holder] -->  .rpps-gallery{<!-- [et_pb_line_break_holder] -->    grid-template-columns: 1fr;<!-- [et_pb_line_break_holder] -->  }<!-- [et_pb_line_break_holder] --><!-- [et_pb_line_break_holder] -->  .rpps-gallery img{<!-- [et_pb_line_break_holder] -->    height: auto;<!-- [et_pb_line_break_holder] -->  }<!-- [et_pb_line_break_holder] -->}<!-- [et_pb_line_break_holder] --><\/style>\n<p><!-- [et_pb_line_break_holder] --><!-- [et_pb_line_break_holder] --><script><!-- [et_pb_line_break_holder] -->document.addEventListener(\"DOMContentLoaded\", function () {<!-- [et_pb_line_break_holder] -->  document.querySelectorAll(\".rpps-box .rpps-item\").forEach(function(btn){<!-- [et_pb_line_break_holder] -->    btn.addEventListener(\"click\", function(){<!-- [et_pb_line_break_holder] -->      var panel = btn.nextElementSibling;<!-- [et_pb_line_break_holder] -->      var expanded = btn.getAttribute(\"aria-expanded\") === \"true\";<!-- [et_pb_line_break_holder] --><!-- [et_pb_line_break_holder] -->      btn.setAttribute(\"aria-expanded\", expanded ? \"false\" : \"true\");<!-- [et_pb_line_break_holder] --><!-- [et_pb_line_break_holder] -->      var icon = btn.querySelector(\".rpps-icon\");<!-- [et_pb_line_break_holder] -->      if (icon) icon.textContent = expanded ? \"+\" : \"\u2212\";<!-- [et_pb_line_break_holder] --><!-- [et_pb_line_break_holder] -->      if (panel) {<!-- [et_pb_line_break_holder] -->        panel.style.display = expanded ? \"none\" : \"block\";<!-- [et_pb_line_break_holder] -->      }<!-- [et_pb_line_break_holder] -->    });<!-- [et_pb_line_break_holder] -->  });<!-- [et_pb_line_break_holder] -->});<!-- [et_pb_line_break_holder] --><\/script>[\/et_pb_code][\/et_pb_column][\/et_pb_row][\/et_pb_section]<\/p>\n","protected":false},"excerpt":{"rendered":"","protected":false},"author":1,"featured_media":0,"parent":169,"menu_order":0,"comment_status":"closed","ping_status":"closed","template":"","meta":{"_et_pb_use_builder":"on","_et_pb_old_content":"<!-- wp:paragraph -->\n<p>Lorem ipsum dolor sit amet, consectetur adipiscing elit. Maecenas quis nisl dui. In ante justo, dignissim nec risus eget, convallis luctus metus. Phasellus tincidunt, enim non sagittis auctor, dolor lacus iaculis metus, id euismod dui nisi in ex. Class aptent taciti sociosqu ad litora torquent per conubia nostra, per inceptos himenaeos. Vivamus pellentesque congue est, sed consectetur eros aliquam a. In eget tincidunt felis, non finibus odio. Aenean blandit viverra leo, a gravida magna. Phasellus sit amet mauris viverra, auctor dolor sed, dignissim lorem. Proin non enim eget purus bibendum ornare. Ut scelerisque ipsum nec pretium tempus.<\/p>\n<!-- \/wp:paragraph -->","_et_gb_content_width":"","footnotes":""},"class_list":["post-299","page","type-page","status-publish","hentry"],"_links":{"self":[{"href":"https:\/\/3itserver.com.br\/modelo2022_ProGestao\/wp-json\/wp\/v2\/pages\/299","targetHints":{"allow":["GET"]}}],"collection":[{"href":"https:\/\/3itserver.com.br\/modelo2022_ProGestao\/wp-json\/wp\/v2\/pages"}],"about":[{"href":"https:\/\/3itserver.com.br\/modelo2022_ProGestao\/wp-json\/wp\/v2\/types\/page"}],"author":[{"embeddable":true,"href":"https:\/\/3itserver.com.br\/modelo2022_ProGestao\/wp-json\/wp\/v2\/users\/1"}],"replies":[{"embeddable":true,"href":"https:\/\/3itserver.com.br\/modelo2022_ProGestao\/wp-json\/wp\/v2\/comments?post=299"}],"version-history":[{"count":20,"href":"https:\/\/3itserver.com.br\/modelo2022_ProGestao\/wp-json\/wp\/v2\/pages\/299\/revisions"}],"predecessor-version":[{"id":1315,"href":"https:\/\/3itserver.com.br\/modelo2022_ProGestao\/wp-json\/wp\/v2\/pages\/299\/revisions\/1315"}],"up":[{"embeddable":true,"href":"https:\/\/3itserver.com.br\/modelo2022_ProGestao\/wp-json\/wp\/v2\/pages\/169"}],"wp:attachment":[{"href":"https:\/\/3itserver.com.br\/modelo2022_ProGestao\/wp-json\/wp\/v2\/media?parent=299"}],"curies":[{"name":"wp","href":"https:\/\/api.w.org\/{rel}","templated":true}]}}