{"id":692,"date":"2021-12-16T20:40:10","date_gmt":"2021-12-16T23:40:10","guid":{"rendered":"https:\/\/3itserver.com.br\/modelo2022\/?page_id=692"},"modified":"2023-12-13T09:36:33","modified_gmt":"2023-12-13T12:36:33","slug":"legislacao","status":"publish","type":"page","link":"https:\/\/3itserver.com.br\/modelo2022\/publicacoes-oficiais\/legislacao\/","title":{"rendered":"Legisla\u00e7\u00e3o"},"content":{"rendered":"\n<div class=\"table-2\">\n<table id=\"data\" class=\"display nowrap\" style=\"width: 100%;\">\n<thead>\n<tr>\n<th>Ano<\/th>\n<th>N\u00fam.<\/th>\n<th>Tipo<\/th>\n<th>Descri\u00e7\u00e3o<\/th>\n<th>Visualizar<\/th>\n<\/tr>\n<\/thead>\n<tbody>\n<tr>\n<td>&#8211;<\/td>\n<td>&#8211;<\/td>\n<td>&#8211;<\/td>\n<td style=\"text-align: justify;\">&#8211;<\/td>\n<td><a href=\"#\" data-raofz=\"13\"><i class=\"fa fa-file\" data-raofz=\"13\"><\/i> Visualizar<\/a><\/td>\n<\/tr>\n<\/tbody>\n<\/table>\n<\/div>\n","protected":false},"excerpt":{"rendered":"<p>Ano N\u00fam. Tipo Descri\u00e7\u00e3o Visualizar &#8211; &#8211; &#8211; &#8211; Visualizar<\/p>\n","protected":false},"author":1,"featured_media":0,"parent":701,"menu_order":0,"comment_status":"closed","ping_status":"closed","template":"","meta":{"_et_pb_use_builder":"off","_et_pb_old_content":"<!-- wp:html -->\n<div class=\"table-2\">\n<table id=\"data\" class=\"display nowrap\" style=\"width: 100%;\">\n<thead>\n<tr>\n<th>Ano<\/th>\n<th>N\u00fam.<\/th>\n<th>Tipo<\/th>\n<th>Descri\u00e7\u00e3o<\/th>\n<th>Visualizar<\/th>\n<\/tr>\n<\/thead>\n<tbody>\n<tr>\n<td>-<\/td>\n<td>-<\/td>\n<td>-<\/td>\n<td style=\"text-align: justify;\">-<\/td>\n<td><a href=\"#\" data-raofz=\"13\"><i class=\"fa fa-file\" data-raofz=\"13\"><\/i> Visualizar<\/a><\/td>\n<\/tr>\n<\/tbody>\n<\/table>\n<\/div>\n<br>\n<!-- \/wp:html -->","_et_gb_content_width":""},"_links":{"self":[{"href":"https:\/\/3itserver.com.br\/modelo2022\/wp-json\/wp\/v2\/pages\/692"}],"collection":[{"href":"https:\/\/3itserver.com.br\/modelo2022\/wp-json\/wp\/v2\/pages"}],"about":[{"href":"https:\/\/3itserver.com.br\/modelo2022\/wp-json\/wp\/v2\/types\/page"}],"author":[{"embeddable":true,"href":"https:\/\/3itserver.com.br\/modelo2022\/wp-json\/wp\/v2\/users\/1"}],"replies":[{"embeddable":true,"href":"https:\/\/3itserver.com.br\/modelo2022\/wp-json\/wp\/v2\/comments?post=692"}],"version-history":[{"count":11,"href":"https:\/\/3itserver.com.br\/modelo2022\/wp-json\/wp\/v2\/pages\/692\/revisions"}],"predecessor-version":[{"id":980,"href":"https:\/\/3itserver.com.br\/modelo2022\/wp-json\/wp\/v2\/pages\/692\/revisions\/980"}],"up":[{"embeddable":true,"href":"https:\/\/3itserver.com.br\/modelo2022\/wp-json\/wp\/v2\/pages\/701"}],"wp:attachment":[{"href":"https:\/\/3itserver.com.br\/modelo2022\/wp-json\/wp\/v2\/media?parent=692"}],"curies":[{"name":"wp","href":"https:\/\/api.w.org\/{rel}","templated":true}]}}