{"id":1018,"date":"2024-01-23T16:06:54","date_gmt":"2024-01-23T19:06:54","guid":{"rendered":"https:\/\/3itserver.com.br\/modelo2022\/?page_id=1018"},"modified":"2024-01-23T16:06:55","modified_gmt":"2024-01-23T19:06:55","slug":"pesquisa-de-satisfacao","status":"publish","type":"page","link":"https:\/\/3itserver.com.br\/modelo2022\/institucional\/pesquisa-de-satisfacao\/","title":{"rendered":"Pesquisa de Satisfa\u00e7\u00e3o"},"content":{"rendered":"<h2 class=\"et_pb_module_header\" style=\"text-align: center; background-color: #cb2727; color: #fff; padding: 30px;\" data-cy=\"info-pesquisa\" data-raofz=\"26\">DELETE ESSE BLOCO SE VOC\u00ca CONFIGUROU INFORMA\u00c7\u00d5ES<\/h2>\n<div data-raofz=\"14\">\u00a0<\/div>\n\n                    <script type=\"text\/javascript\">\r\n                        if ( window.history.replaceState ) {\r\n                            window.history.replaceState( null, null, window.location.href );\r\n                        }\r\n                    <\/script>\r\n                    <div class=\"main\">\r\n                                                \r\n                        <div class=\"row\">\r\n                            <div class=\"form-pesquisa\">\r\n                                <h3 class=\"p-0\">Na perspectiva de melhoria cont\u00ednua, o INSERIR_NOME_DO_RPPS gostaria de um retorno sobre a sua experi\u00eancia conosco. Por gentileza, nos deixe saber o que voc\u00ea pensa de n\u00f3s!<\/h3>\r\n                                <form class=\"row needs-validation\" action=\"\" method=\"post\" novalidate>\r\n                                    <div class=\"form-group p-0\">\r\n                                        <label class=\"label-inline required\"><strong>SOBRE VOC\u00ca:<\/strong><\/label>\r\n                                        <div class=\"radio-group\">\r\n                                            <div class=\"form-check\">\r\n                                                <input class=\"form-check-input\" id=\"pergunta_um_input_um\" type=\"radio\" name=\"pergunta_um\" value=\"Segurado Ativo\" required>\r\n                                                <label class=\"form-check-label\" for=\"pergunta_um_input_um\">Segurado Ativo<\/label>\r\n                                            <\/div>\r\n                                            <div class=\"form-check\">\r\n                                                <input class=\"form-check-input\" id=\"pergunta_um_input_dois\" type=\"radio\" name=\"pergunta_um\" value=\"Aposentado\" required>\r\n                                                <label class=\"form-check-label\" for=\"pergunta_um_input_dois\">Aposentado<\/label>\r\n                                            <\/div>\r\n                                            <div class=\"form-check\">\r\n                                                <input class=\"form-check-input\" id=\"pergunta_um_input_tres\" type=\"radio\" name=\"pergunta_um\" value=\"Pensionista\" required>\r\n                                                <label class=\"form-check-label\" for=\"pergunta_um_input_tres\">Pensionista<\/label>\r\n                                            <\/div>\r\n                                        <\/div>\r\n                                    <\/div>\r\n                                    <div class=\"form-group p-0\">\r\n                                        <label class=\"label-inline required\"><strong>VOC\u00ca FOI BEM ATENDIDO NO INSERIR_SIGLA_DO_RPPS?<\/strong><\/label>\r\n                                        <div class=\"radio-group\">\r\n                                            <div class=\"form-check\">\r\n                                                <input class=\"form-check-input\" id=\"pergunta_dois_input_um\" type=\"radio\" name=\"pergunta_dois\" value=\"Sim\" required>\r\n                                                <label class=\"form-check-label\" for=\"pergunta_dois_input_um\">Sim<\/label>\r\n                                            <\/div>\r\n                                            <div class=\"form-check\">\r\n                                                <input class=\"form-check-input\" id=\"pergunta_dois_input_dois\" type=\"radio\" name=\"pergunta_dois\" value=\"N\u00e3o\" required>\r\n                                                <label class=\"form-check-label\" for=\"pergunta_dois_input_dois\">N\u00e3o<\/label>\r\n                                            <\/div>\r\n                                        <\/div>\r\n                                    <\/div>\r\n                                    <div class=\"form-group p-0\">\r\n                                        <label class=\"label-inline required\"><strong>VOC\u00ca FOI BEM ATENDIDO NO SETOR FINANCEIRO?<\/strong><\/label>\r\n                                        <div class=\"radio-group\">\r\n                                            <div class=\"form-check\">\r\n                                                <input class=\"form-check-input\" id=\"pergunta_tres_input_um\" type=\"radio\" name=\"pergunta_tres\" value=\"Sim\" required>\r\n                                                <label class=\"form-check-label\" for=\"pergunta_tres_input_um\">Sim<\/label>\r\n                                            <\/div>\r\n                                            <div class=\"form-check\">\r\n                                                <input class=\"form-check-input\" id=\"pergunta_tres_input_dois\" type=\"radio\" name=\"pergunta_tres\" value=\"N\u00e3o\" required>\r\n                                                <label class=\"form-check-label\" for=\"pergunta_tres_input_dois\">N\u00e3o<\/label>\r\n                                            <\/div>\r\n                                        <\/div>\r\n                                    <\/div>\r\n                                    <div class=\"form-group p-0\">\r\n                                        <label class=\"label-inline required\"><strong>VOC\u00ca FOI BEM ATENDIDO NO SETOR DE BENEF\u00cdCIOS?<\/strong><\/label>\r\n                                        <div class=\"radio-group\">\r\n                                            <div class=\"form-check\">\r\n                                                <input class=\"form-check-input\" id=\"pergunta_quatro_input_um\" type=\"radio\" name=\"pergunta_quatro\" value=\"Sim\" required>\r\n                                                <label class=\"form-check-label\" for=\"pergunta_quatro_input_um\">Sim<\/label>\r\n                                            <\/div>\r\n                                            <div class=\"form-check\">\r\n                                                <input class=\"form-check-input\" id=\"pergunta_quatro_input_dois\" type=\"radio\" name=\"pergunta_quatro\" value=\"N\u00e3o\" required>\r\n                                                <label class=\"form-check-label\" for=\"pergunta_quatro_input_dois\">N\u00e3o<\/label>\r\n                                            <\/div>\r\n                                        <\/div>\r\n                                    <\/div>\r\n                                    <div class=\"form-group p-0\">\r\n                                        <label class=\"label-inline required\"><strong>COMO VOC\u00ca CLASSIFICARIA O ATENDIMENTO RECEBIDO?<\/strong><\/label>\r\n                                        <div class=\"radio-group\">\r\n                                            <div class=\"form-check\">\r\n                                                <input class=\"form-check-input\" id=\"pergunta_cinco_input_um\" type=\"radio\" name=\"pergunta_cinco\" value=\"Excelente\" required>\r\n                                                <label class=\"form-check-label\" for=\"pergunta_cinco_input_um\">Excelente<\/label>\r\n                                            <\/div>\r\n                                            <div class=\"form-check\">\r\n                                                <input class=\"form-check-input\" id=\"pergunta_cinco_input_dois\" type=\"radio\" name=\"pergunta_cinco\" value=\"Bom\" required>\r\n                                                <label class=\"form-check-label\" for=\"pergunta_cinco_input_dois\">Bom<\/label>\r\n                                            <\/div>\r\n                                            <div class=\"form-check\">\r\n                                                <input class=\"form-check-input\" id=\"pergunta_cinco_input_tres\" type=\"radio\" name=\"pergunta_cinco\" value=\"Ruim\" required>\r\n                                                <label class=\"form-check-label\" for=\"pergunta_cinco_input_tres\">Ruim<\/label>\r\n                                            <\/div>\r\n                                            <div class=\"form-check\">\r\n                                                <input class=\"form-check-input\" id=\"pergunta_cinco_input_quatro\" type=\"radio\" name=\"pergunta_cinco\" value=\"P\u00e9ssimo\" required>\r\n                                                <label class=\"form-check-label\" for=\"pergunta_cinco_input_quatro\">P\u00e9ssimo<\/label>\r\n                                            <\/div>\r\n                                        <\/div>\r\n                                    <\/div>\r\n                                    <div class=\"form-group p-0\">\r\n                                        <label class=\"label-inline required\"><strong>O ATENDIMENTO ATINGIU \u00c0S SUAS NECESSIDADES?<\/strong><\/label>\r\n                                        <div class=\"radio-group\">\r\n                                            <div class=\"form-check\">\r\n                                                <input class=\"form-check-input\" id=\"pergunta_seis_input_um\" type=\"radio\" name=\"pergunta_seis\" value=\"Sim\" required>\r\n                                                <label class=\"form-check-label\" for=\"pergunta_seis_input_um\">Sim<\/label>\r\n                                            <\/div>\r\n                                            <div class=\"form-check\">\r\n                                                <input class=\"form-check-input\" id=\"pergunta_seis_input_dois\" type=\"radio\" name=\"pergunta_seis\" value=\"N\u00e3o\" required>\r\n                                                <label class=\"form-check-label\" for=\"pergunta_seis_input_dois\">N\u00e3o<\/label>\r\n                                            <\/div>\r\n                                        <\/div>\r\n                                    <\/div>\r\n                                    <div class=\"form-group p-0\">\r\n                                        <label class=\"label-inline required\"><strong>COMO VOC\u00ca CLASSIFICARIA O AMBIENTE F\u00cdSICO?<\/strong><\/label>\r\n                                        <div class=\"radio-group\">\r\n                                            <div class=\"form-check\">\r\n                                                <input class=\"form-check-input\" id=\"pergunta_sete_input_um\" type=\"radio\" name=\"pergunta_sete\" value=\"Excelente\" required>\r\n                                                <label class=\"form-check-label\" for=\"pergunta_sete_input_um\">Excelente<\/label>\r\n                                            <\/div>\r\n                                            <div class=\"form-check\">\r\n                                                <input class=\"form-check-input\" id=\"pergunta_sete_input_dois\" type=\"radio\" name=\"pergunta_sete\" value=\"Bom\" required>\r\n                                                <label class=\"form-check-label\" for=\"pergunta_sete_input_dois\">Bom<\/label>\r\n                                            <\/div>\r\n                                            <div class=\"form-check\">\r\n                                                <input class=\"form-check-input\" id=\"pergunta_sete_input_tres\" type=\"radio\" name=\"pergunta_sete\" value=\"Ruim\" required>\r\n                                                <label class=\"form-check-label\" for=\"pergunta_sete_input_tres\">Ruim<\/label>\r\n                                            <\/div>\r\n                                            <div class=\"form-check\">\r\n                                                <input class=\"form-check-input\" id=\"pergunta_sete_input_quatro\" type=\"radio\" name=\"pergunta_sete\" value=\"P\u00e9ssimo\" required>\r\n                                                <label class=\"form-check-label\" for=\"pergunta_sete_input_quatro\">P\u00e9ssimo<\/label>\r\n                                            <\/div>\r\n                                        <\/div>\r\n                                    <\/div>\r\n                                    <div class=\"form-group p-0\">\r\n                                        <label class=\"label-inline required\"><strong>VOC\u00ca TINHA CONHECIMENTO DO NOSSO SITE?<\/strong><\/label>\r\n                                        <div class=\"radio-group\">\r\n                                            <div class=\"form-check\">\r\n                                                <input class=\"form-check-input\" id=\"pergunta_oito_input_um\" type=\"radio\" name=\"pergunta_oito\" value=\"Sim\" required>\r\n                                                <label class=\"form-check-label\" for=\"pergunta_oito_input_um\">Sim<\/label>\r\n                                            <\/div>\r\n                                            <div class=\"form-check\">\r\n                                                <input class=\"form-check-input\" id=\"pergunta_oito_input_dois\" type=\"radio\" name=\"pergunta_oito\" value=\"N\u00e3o\" required>\r\n                                                <label class=\"form-check-label\" for=\"pergunta_oito_input_dois\">N\u00e3o<\/label>\r\n                                            <\/div>\r\n                                        <\/div>\r\n                                    <\/div>\r\n                                    <div class=\"form-group p-0\">\r\n                                        <label class=\"label-inline required\"><strong>COMO VOC\u00ca CLASSIFICARIA O NOSSO SITE?<\/strong><\/label>\r\n                                        <div class=\"radio-group\">\r\n                                            <div class=\"form-check\">\r\n                                                <input class=\"form-check-input\" id=\"pergunta_nove_input_um\" type=\"radio\" name=\"pergunta_nove\" value=\"Excelente\" required>\r\n                                                <label class=\"form-check-label\" for=\"pergunta_nove_input_um\">Excelente<\/label>\r\n                                            <\/div>\r\n                                            <div class=\"form-check\">\r\n                                                <input class=\"form-check-input\" id=\"pergunta_nove_input_dois\" type=\"radio\" name=\"pergunta_nove\" value=\"Bom\" required>\r\n                                                <label class=\"form-check-label\" for=\"pergunta_nove_input_dois\">Bom<\/label>\r\n                                            <\/div>\r\n                                            <div class=\"form-check\">\r\n                                                <input class=\"form-check-input\" id=\"pergunta_nove_input_tres\" type=\"radio\" name=\"pergunta_nove\" value=\"Ruim\" required>\r\n                                                <label class=\"form-check-label\" for=\"pergunta_nove_input_tres\">Ruim<\/label>\r\n                                            <\/div>\r\n                                            <div class=\"form-check\">\r\n                                                <input class=\"form-check-input\" id=\"pergunta_nove_input_quatro\" type=\"radio\" name=\"pergunta_nove\" value=\"P\u00e9ssimo\" required>\r\n                                                <label class=\"form-check-label\" for=\"pergunta_nove_input_quatro\">P\u00e9ssimo<\/label>\r\n                                            <\/div>\r\n                                        <\/div>\r\n                                    <\/div>\r\n                                    <div class=\"form-group p-0\">\r\n                                        <div class=\"mb-3\">\r\n                                            <label for=\"pergunta_dez\" class=\"form-label\">Caso possua alguma sugest\u00e3o, coment\u00e1rio, reclama\u00e7\u00e3o ou elogio, por gentiliza, utilize desse espa\u00e7o para nos escrever.<\/label>\r\n                                            <textarea class=\"form-control\" id=\"pergunta_dez\" name=\"pergunta_dez\"  type=\"text\" maxlength=\"300\" rows=\"4\"><\/textarea>\r\n                                            <span class=\"pull-right label label-default\" id=\"count_message\"><\/span>\r\n                                        <\/div>\r\n                                    <\/div> \r\n                                    <div class=\"form-group p-0\">\r\n                                        <div class=\"col-sm-2\">\r\n                                            <label for=\"quiz\" class=\"required\">                \r\n                                                14+8?\r\n                                            <\/label>                \r\n                                            <input type=\"text\" class=\"form-control quiz-control\" id=\"quiz\">\r\n                                        <\/div>\r\n                                    <\/div>\r\n                                    <div class=\"form-group p-0\">\r\n                                        <button id=\"button-submit\" data-res=\"22\" type=\"submit\" name=\"submit\" value=\"submit\" class=\"btn btn-primary\" disabled>Enviar resposta<\/button>            \r\n                                    <\/div>\r\n                                <\/form>\r\n                            <\/div>                            \r\n                        <\/div>\r\n                    <\/div>    \r\n                \n\n\n                <div class=\"main\">\r\n                    <div class=\"row\">\r\n                      <h5 class=\"p-0 mb-15\">Rel\u00e1torio gr\u00e1fico de pesquisas respondidas<\/h5>\r\n                    <\/div>\r\n                    <div class=\"row\">\r\n                        <form class=\"p-0\" action=\"\" method=\"post\">\r\n                            <div class=\"form-row\">\r\n                                <div class=\"form-group col-md-12\">\r\n                                    <label for=\"data_inicial\">Data Inicial:<\/label>\r\n                                    <input id=\"data_inicial\" class=\"form-control\" type=\"date\" name=\"data_inicial\" value=\"\">\r\n                                <\/div>\r\n                                <div class=\"form-group col-md-12\">\r\n                                    <label for=\"data_final\">Data Final:<\/label>\r\n                                    <input id=\"data_final\" class=\"form-control\" type=\"date\" name=\"data_final\" value=\"\">\r\n                                <\/div>\r\n                            <\/div>            \r\n                            <div class=\"form-group\">\r\n                                <button id=\"button-submit\" type=\"submit\" name=\"submit_relatorio\" value=\"submit_relatorio\" class=\"btn btn-primary\">Buscar<\/button>            \r\n                            <\/div>\r\n                        <\/form> \r\n                    <\/div>\r\n                    <hr>        \r\n                    <div class=\"row mt-15\">\r\n                        N\u00famero de pesquisa respondidas: 1                    <\/div>\r\n                                          <div class=\"row mt-15\">\r\n                          <button id=\"exportButton\" type=\"button\" class=\"btn btn-success\">Exportar (PNG)<\/button>\r\n                      <\/div>                       \r\n                      <div class=\"row mt-15\">\r\n                          <div id=\"graph\">\r\n                              <div id=\"chartContainer\" class=\"graph\" style=\"height: 300px; width: 100%;\"><\/div>\r\n                              <div id=\"chartContainer2\" class=\"graph\" style=\"height: 300px; width: 100%;\"><\/div>\r\n                              <div id=\"chartContainer3\" class=\"graph\" style=\"height: 300px; width: 100%;\"><\/div>\r\n                              <div id=\"chartContainer4\" class=\"graph\" style=\"height: 300px; width: 100%;\"><\/div>\r\n                              <div id=\"chartContainer5\" class=\"graph\" style=\"height: 300px; width: 100%;\"><\/div>\r\n                              <div id=\"chartContainer6\" class=\"graph\" style=\"height: 300px; width: 100%;\"><\/div>\r\n                              <div id=\"chartContainer7\" class=\"graph\" style=\"height: 300px; width: 100%;\"><\/div>\r\n                              <div id=\"chartContainer8\" class=\"graph\" style=\"height: 300px; width: 100%;\"><\/div>\r\n                              <div id=\"chartContainer9\" class=\"graph\" style=\"height: 300px; width: 100%;\"><\/div> \r\n                              \r\n                      <table class=\"table table-resposta\">\r\n                        <thead>\r\n                          <tr>\r\n                            <th class=\"table-respostas-th\" scope=\"col\">Sugest\u00e3o, coment\u00e1rio, reclama\u00e7\u00e3o ou elogio:<\/th>\r\n                          <\/tr>\r\n                        <\/thead>\r\n                        <tbody><tr><td>A ICAPREV \u00e9 um atraso para a vida do servidor p\u00fablico municipal, pagar 14% e sem perspectiva de aposentadoria. E ainda querem aprovar um PCCR querendo tirar direitos e vantagens, os \u00fanicos benefici\u00e1rios s\u00e3o os professores. O presidente tamb\u00e9m \u00e9 muito incompetente.<\/td><\/tr><\/tbody>\r\n                <\/table>     \r\n                          <\/div>\r\n                      <\/div>\r\n                    \r\n                <\/div>                \r\n              \n","protected":false},"excerpt":{"rendered":"<p>DELETE ESSE BLOCO SE VOC\u00ca CONFIGUROU INFORMA\u00c7\u00d5ES \u00a0<\/p>\n","protected":false},"author":1,"featured_media":0,"parent":169,"menu_order":0,"comment_status":"closed","ping_status":"closed","template":"","meta":{"_et_pb_use_builder":"off","_et_pb_old_content":"","_et_gb_content_width":""},"_links":{"self":[{"href":"https:\/\/3itserver.com.br\/modelo2022\/wp-json\/wp\/v2\/pages\/1018"}],"collection":[{"href":"https:\/\/3itserver.com.br\/modelo2022\/wp-json\/wp\/v2\/pages"}],"about":[{"href":"https:\/\/3itserver.com.br\/modelo2022\/wp-json\/wp\/v2\/types\/page"}],"author":[{"embeddable":true,"href":"https:\/\/3itserver.com.br\/modelo2022\/wp-json\/wp\/v2\/users\/1"}],"replies":[{"embeddable":true,"href":"https:\/\/3itserver.com.br\/modelo2022\/wp-json\/wp\/v2\/comments?post=1018"}],"version-history":[{"count":1,"href":"https:\/\/3itserver.com.br\/modelo2022\/wp-json\/wp\/v2\/pages\/1018\/revisions"}],"predecessor-version":[{"id":1019,"href":"https:\/\/3itserver.com.br\/modelo2022\/wp-json\/wp\/v2\/pages\/1018\/revisions\/1019"}],"up":[{"embeddable":true,"href":"https:\/\/3itserver.com.br\/modelo2022\/wp-json\/wp\/v2\/pages\/169"}],"wp:attachment":[{"href":"https:\/\/3itserver.com.br\/modelo2022\/wp-json\/wp\/v2\/media?parent=1018"}],"curies":[{"name":"wp","href":"https:\/\/api.w.org\/{rel}","templated":true}]}}