{"id":923,"date":"2022-07-21T11:24:59","date_gmt":"2022-07-21T14:24:59","guid":{"rendered":"https:\/\/3itserver.com.br\/capoeiras\/?page_id=923"},"modified":"2025-05-26T22:43:30","modified_gmt":"2025-05-27T01:43:30","slug":"calendario-de-reunioes","status":"publish","type":"page","link":"https:\/\/3itserver.com.br\/capoeiras\/governanca-corporativa\/conselho-deliberativo\/calendario-de-reunioes\/","title":{"rendered":"Calendario de Reuni\u00f5es"},"content":{"rendered":"<div class=\"table-2\">\n<table id=\"datatables\" class=\"hover\" width=\"100%\">\n<thead>\n<tr>\n<th>Ano<\/th>\n<th>Descri\u00e7\u00e3o<\/th>\n<th>Visualizar<\/th>\n<\/tr>\n<\/thead>\n<tbody>\n<tr>\n<td>2023<\/td>\n<td>Calend\u00e1rio de Reuni\u00f5es dos Conselhos do IPSEC<\/td>\n<td><a href=\"https:\/\/3itserver.com.br\/capoeiras\/wp-content\/uploads\/2023\/02\/3-Calendario-das-reuni\u00f5es.pdf\" target=\"_blank\" rel=\"noopener\"><i class=\"fa fa-file\" data-raofz=\"13\"><\/i> Visualizar<\/a><\/td>\n<\/tr>\n<tr>\n<td>2022<\/td>\n<td>Calend\u00e1rio de Reuni\u00f5es dos Conselhos do IPSEC<\/td>\n<td><a href=\"https:\/\/3itserver.com.br\/capoeiras\/wp-content\/uploads\/2022\/07\/CALEND\u00c1RIO-DE-REUNI\u00d5ES-DOS.pdf\" target=\"_blank\" rel=\"noopener\"><i class=\"fa fa-file\" data-raofz=\"13\"><\/i> Visualizar<\/a><\/td>\n<\/tr>\n<\/tr>\n<\/tbody>\n<\/table>\n<\/div>\n","protected":false},"excerpt":{"rendered":"<p>Ano Descri\u00e7\u00e3o Visualizar 2023 Calend\u00e1rio de Reuni\u00f5es dos Conselhos do IPSEC Visualizar 2022 Calend\u00e1rio de Reuni\u00f5es dos Conselhos do IPSEC Visualizar<\/p>\n","protected":false},"author":1,"featured_media":0,"parent":1863,"menu_order":0,"comment_status":"closed","ping_status":"closed","template":"","meta":{"_et_pb_use_builder":"","_et_pb_old_content":"","_et_gb_content_width":"","footnotes":""},"class_list":["post-923","page","type-page","status-publish","hentry"],"_links":{"self":[{"href":"https:\/\/3itserver.com.br\/capoeiras\/wp-json\/wp\/v2\/pages\/923","targetHints":{"allow":["GET"]}}],"collection":[{"href":"https:\/\/3itserver.com.br\/capoeiras\/wp-json\/wp\/v2\/pages"}],"about":[{"href":"https:\/\/3itserver.com.br\/capoeiras\/wp-json\/wp\/v2\/types\/page"}],"author":[{"embeddable":true,"href":"https:\/\/3itserver.com.br\/capoeiras\/wp-json\/wp\/v2\/users\/1"}],"replies":[{"embeddable":true,"href":"https:\/\/3itserver.com.br\/capoeiras\/wp-json\/wp\/v2\/comments?post=923"}],"version-history":[{"count":2,"href":"https:\/\/3itserver.com.br\/capoeiras\/wp-json\/wp\/v2\/pages\/923\/revisions"}],"predecessor-version":[{"id":1079,"href":"https:\/\/3itserver.com.br\/capoeiras\/wp-json\/wp\/v2\/pages\/923\/revisions\/1079"}],"up":[{"embeddable":true,"href":"https:\/\/3itserver.com.br\/capoeiras\/wp-json\/wp\/v2\/pages\/1863"}],"wp:attachment":[{"href":"https:\/\/3itserver.com.br\/capoeiras\/wp-json\/wp\/v2\/media?parent=923"}],"curies":[{"name":"wp","href":"https:\/\/api.w.org\/{rel}","templated":true}]}}