{"id":658,"date":"2022-05-18T11:47:17","date_gmt":"2022-05-18T14:47:17","guid":{"rendered":"https:\/\/3itserver.com.br\/capoeiras\/?page_id=658"},"modified":"2025-09-30T08:45:00","modified_gmt":"2025-09-30T11:45:00","slug":"informacoes-concernentes-a-procedimentos-licitatorios-e-contratos-administrativos","status":"publish","type":"page","link":"https:\/\/3itserver.com.br\/capoeiras\/transparencia\/informacoes-concernentes-a-procedimentos-licitatorios-e-contratos-administrativos\/","title":{"rendered":"Informa\u00e7\u00f5es Concernentes a Procedimentos Licitat\u00f3rios e Contratos Administrativos"},"content":{"rendered":"<div class=\"table-2\">\n<table id=\"datatables\" class=\"hover\" width=\"100%\">\n<thead>\n<tr>\n<th>Ano<\/th>\n<th>N\u00fam.<\/th>\n<th>Objeto<\/th>\n<th>Visualizar<\/th>\n<\/tr>\n<\/thead>\n<tbody>\n<tr>\n<td>2025<\/td>\n<td>009<\/td>\n<td>Contrata\u00e7\u00e3o de empresa para o fornecimento parcelado de material de limpeza e higiene, para manuten\u00e7\u00e3o das atividades do Instituto de Previd\u00eancia dos Servidores Municipais de Capoeiras.<\/td>\n<td><a href=\"https:\/\/3itserver.com.br\/capoeiras\/wp-content\/uploads\/2025\/09\/CONTRATO_09_2025.pdf\" target=\"_blank\" rel=\"noopener\"><i class=\"fa fa-file\" data-raofz=\"13\"><\/i> Visualizar<\/a><\/td>\n<\/tr>\n<tr>\n<td>2025<\/td>\n<td>008<\/td>\n<td>Contrata\u00e7\u00e3o de empresa para fornecimento parcelado de Combust\u00edvel, tipo gasolina comum, destinado ao ve\u00edculo pertencente ao Instituto de Previd\u00eancia dos Servidores Municipais de Capoeiras.<\/td>\n<td><a href=\"https:\/\/3itserver.com.br\/capoeiras\/wp-content\/uploads\/2025\/09\/CONTRATO_08_2025.pdf\" target=\"_blank\" rel=\"noopener\"><i class=\"fa fa-file\" data-raofz=\"13\"><\/i> Visualizar<\/a><\/td>\n<\/tr>\n<tr>\n<td>2025<\/td>\n<td>007<\/td>\n<td>Contrata\u00e7\u00e3o de empresa na aquisi\u00e7\u00e3o parcelada de g\u00eaneros aliment\u00edcios para manuten\u00e7\u00e3o das atividades do Instituto de Previd\u00eancia dos Servidores Municipais de Capoeiras.<\/td>\n<td><a href=\"https:\/\/3itserver.com.br\/capoeiras\/wp-content\/uploads\/2025\/09\/CONTRATO_007_2025.pdf\" target=\"_blank\" rel=\"noopener\"><i class=\"fa fa-file\" data-raofz=\"13\"><\/i> Visualizar<\/a><\/td>\n<\/tr>\n<tr>\n<td>2025<\/td>\n<td>006<\/td>\n<td>Referente a presta\u00e7\u00e3o de servi\u00e7os t\u00e9cnicos especializados de advocacia, que entre si celebram o instituto de previd\u00eancia dos servidores municipais de Capoeiras e Barros Advogados Associados.<\/td>\n<td><a href=\"https:\/\/3itserver.com.br\/capoeiras\/wp-content\/uploads\/2025\/09\/CONTRATO_06_2025.pdf\" target=\"_blank\" rel=\"noopener\"><i class=\"fa fa-file\" data-raofz=\"13\"><\/i> Visualizar<\/a><\/td>\n<\/tr>\n<tr>\n<td>2025<\/td>\n<td>005<\/td>\n<td>Contrato N\u00ba 005\/2025 &#8211; Contrata\u00e7\u00e3o de Empresa Especializada nos servi\u00e7os de cess\u00e3o de uso dos sistemas integrados, Portal da Transpar\u00eancia, Funcionalidades do Sistema, Assessoramento e Suporte, Integra\u00e7\u00e3o com o sistema cont\u00e1bil, Integra\u00e7\u00e3o com REMESSA-TCE, Rob\u00f4, monitoramento de atualiza\u00e7\u00f5es, Portal da Transpar\u00eancia adapt\u00e1vel, Integra\u00e7\u00e3o com outros sistemas online<\/td>\n<td><a href=\"https:\/\/3itserver.com.br\/capoeiras\/wp-content\/uploads\/2025\/09\/CONTRATO_05_2025.pdf\" target=\"_blank\" rel=\"noopener\"><i class=\"fa fa-file\" data-raofz=\"13\"><\/i> Visualizar<\/a><\/td>\n<\/tr>\n<tr>\n<td>2025<\/td>\n<td>004<\/td>\n<td>Contrato Administrativo N\u00b0 004\/2025, que fazem entre si a uni\u00e3o, por interm\u00e9dio da presta\u00e7\u00e3o de servi\u00e7os especializado em assessoria para apoio administrativo em ato de pessoal, licenciamento do software de folha de pagamento e recursos humanos junto, firmado entre o INSTITUTO DE PREVID\u00caNCIA DOS SERVIDORES MUNICIPAIS DE CAPOEIRAS E A J C ALBUQUERQUE CAVALCANTE EIRELI.<\/td>\n<td><a href=\"https:\/\/3itserver.com.br\/capoeiras\/wp-content\/uploads\/2025\/09\/CONTRATO_04_2025.pdf\" target=\"_blank\" rel=\"noopener\"><i class=\"fa fa-file\" data-raofz=\"13\"><\/i> Visualizar<\/a><\/td>\n<\/tr>\n<tr>\n<td>2025<\/td>\n<td>003<\/td>\n<td>Contrato Administrativo N\u00b0 003\/2025, que fazem entre si a uni\u00e3o, por interm\u00e9dio da presta\u00e7\u00e3o de servi\u00e7os de t\u00e9cnicos especializados na realiza\u00e7\u00e3o de pol\u00edtica de investimentos junto, firmado entre o INSTITUTO DE PREVID\u00caNCIA DOS SERVIDORES MUNICIPAIS DE CAPOEIRAS e a ASSPREV &#8211; ASSESSORIA EM GEST\u00c3O PREVIDENCI\u00c1RIA PARA OS RPPS.<\/td>\n<td><a href=\"https:\/\/3itserver.com.br\/capoeiras\/wp-content\/uploads\/2025\/09\/CONTRATO_03_2025-1.pdf\" target=\"_blank\" rel=\"noopener\"><i class=\"fa fa-file\" data-raofz=\"13\"><\/i> Visualizar<\/a><\/td>\n<\/tr>\n<tr>\n<td>2025<\/td>\n<td>002<\/td>\n<td>Contrato Administrativo N\u00b0 002\/2025, que fazem entre si a uni\u00e3o, por interm\u00e9dio da presta\u00e7\u00e3o de servi\u00e7os t\u00e9cnicos especializados na realiza\u00e7\u00e3o de pol\u00edtica de investimentos junto, firmado entre o INSTITUTO DE PREVID\u00caNCIA DOS SERVIDORES MUNICIPAIS DE CAPOEIRAS e a NUI CONSULTORIA EMPRESARIAL LTDA.<\/td>\n<td><a href=\"https:\/\/3itserver.com.br\/capoeiras\/wp-content\/uploads\/2025\/09\/CONTRATO_02_2025.pdf\" target=\"_blank\" rel=\"noopener\"><i class=\"fa fa-file\" data-raofz=\"13\"><\/i> Visualizar<\/a><\/td>\n<\/tr>\n<tr>\n<td>2025<\/td>\n<td>001<\/td>\n<td>Contrato Administrativo n\u00b0 001\/2025, que fazem entre si a uni\u00e3o, por interm\u00e9dio da presta\u00e7\u00e3o de servi\u00e7os t\u00e9cnicos especializados em fornecimento de software gerenciador de previd\u00eancia social com loca\u00e7\u00e3o de sistema integrado de gest\u00e3o previdenci\u00e1ria, junto, firmado entre o INSTITUTO DE PREVID\u00caNCIA DOS SERVIDORES MUNICIPAIS DE CAPOEIRAS e a 3IT CONSULTORIA LTDA-ME.<\/td>\n<td><a href=\"https:\/\/3itserver.com.br\/capoeiras\/wp-content\/uploads\/2025\/09\/CONTRATO_01_2025.pdf\" target=\"_blank\" rel=\"noopener\"><i class=\"fa fa-file\" data-raofz=\"13\"><\/i> Visualizar<\/a><\/td>\n<\/tr>\n<tr>\n<td>2024<\/td>\n<td>006<\/td>\n<td>Contrato Administrativo N\u00b0 006\/2024, que fazem entre si uni\u00e3o, por interm\u00e9dio da presta\u00e7\u00e3o de servi\u00e7os t\u00e9cnicos especializados na realiza\u00e7\u00e3o de pol\u00edtica de investimentos junto, firmado entre o INSTITUTO DE PREVID\u00caNCIA DOS SERVIDORES MUNICIPAIS DE CAPOEIRAS e a NUI CONSULTORIA EMPRESARIAL LTDA.<\/td>\n<td><a href=\"https:\/\/3itserver.com.br\/capoeiras\/wp-content\/uploads\/2025\/02\/CONTRATO_006_2024.pdf\" target=\"_blank\" rel=\"noopener\"><i class=\"fa fa-file\" data-raofz=\"13\"><\/i> Visualizar<\/a><\/td>\n<\/tr>\n<tr>\n<td>2024<\/td>\n<td>005<\/td>\n<td>Contrato Administrativo N\u00b0 005\/2024 que fazem entre si a uni\u00e3o, por interm\u00e9dio da presta\u00e7\u00e3o de servi\u00e7os t\u00e9cnicos especializados para realiza\u00e7\u00e3o de estudo atuarial, firmado entre o INSTITUTO DE PREVID\u00caNCIA DOS SERVIDORES MUNICIPAIS DE CAPOEIRAS e a ARIMA CONSULTORIA ATUARIAL, FINANCEIRA E MERCADOL\u00d3GICA LTDA.<\/td>\n<td><a href=\"https:\/\/3itserver.com.br\/capoeiras\/wp-content\/uploads\/2025\/02\/CONTRATO_005_2024.pdf\" target=\"_blank\" rel=\"noopener\"><i class=\"fa fa-file\" data-raofz=\"13\"><\/i> Visualizar<\/a><\/td>\n<\/tr>\n<tr>\n<td>2024<\/td>\n<td>004<\/td>\n<td>O objeto do presente instrumento \u00e9 a aquisi\u00e7\u00e3o parcelada de material de expediente para manuten\u00e7\u00e3o das atividades do Instituto de Previd\u00eancia dos Servidores Municipais de Capoeiras.<\/td>\n<td><a href=\"https:\/\/3itserver.com.br\/capoeiras\/wp-content\/uploads\/2024\/11\/CONTRATO_004_2024-TERMO-CONTRATO-QUE-ENTRE-SI-CELEBRAM-O-INSTITUTO-DE-PREVID\u00caNCIA-DOS-SERVIDORES-DECAPOEIRAS-E-A-EMPRESA-E-ANDREIA-V-DE-ALMEIDA-IZIDIO-C.pdf\" target=\"_blank\" rel=\"noopener\"><i class=\"fa fa-file\" data-raofz=\"13\"><\/i> Visualizar<\/a><\/td>\n<\/tr>\n<tr>\n<td>2024<\/td>\n<td>003<\/td>\n<td>O objeto do presente instrumento \u00e9 a aquisi\u00e7\u00e3o parcelada de material de limpeza e higiene para manuten\u00e7\u00e3o das atividades do Instituto de Previd\u00eancia dos Servidores Municipais de Capoeiras.<\/td>\n<td><a href=\"https:\/\/3itserver.com.br\/capoeiras\/wp-content\/uploads\/2024\/11\/CONTRATO_003_2024-TERMO-CONTRATO-QUE-ENTRE-SI-CELEBRAM-o-INSTITUTO-DE-PREVID\u00caNCIA-DOS-SERVIDORES-DE.pdf\" target=\"_blank\" rel=\"noopener\"><i class=\"fa fa-file\" data-raofz=\"13\"><\/i> Visualizar<\/a><\/td>\n<\/tr>\n<tr>\n<td>2024<\/td>\n<td>002<\/td>\n<td>O objeto do presente instrumento \u00e9 a Aquisi\u00e7\u00e3o parcelada de generos aliment\u00edcios para manuten\u00e7\u00e3o das atividades do Instituto de Previd\u00eancia dos Servidores Municipais de Capoeiras.<\/td>\n<td><a href=\"https:\/\/3itserver.com.br\/capoeiras\/wp-content\/uploads\/2024\/11\/CONTRATO_002_2024-TERMO-CONTRATO-QUE-ENTRE-SI-CELEBRAM-o-INSTITUTO-DE-PREVID\u00caNCIA-DOS-SERVIDORES-DE.pdf\" target=\"_blank\" rel=\"noopener\"><i class=\"fa fa-file\" data-raofz=\"13\"><\/i> Visualizar<\/a><\/td>\n<\/tr>\n<tr>\n<td>2024<\/td>\n<td>001<\/td>\n<td>O objeto do presente instrumento \u00e9 a Contrata\u00e7\u00e3o de empresa para fornecimento parcelado de Combust\u00edvel, tipo gasolina comum, destinado ao ve\u00edculo pertencente ao Instituto de Previd\u00eancia dos Servidores Municipais de Capoeiras nas condi\u00e7\u00f5es estabelecidas no Termo de Refer\u00eancia.<\/td>\n<td><a href=\"https:\/\/3itserver.com.br\/capoeiras\/wp-content\/uploads\/2024\/11\/CONTRATO_001_2024-TERMO-CONTRATO-QUE-ENTRE-SI-CELEBRAM-O-INSTITUTO-DE-PREVID\u00caNCIA-DOS-SERVIDORES-DE-CAPOEIRAS-E-A-EMPRESA-E-JOAQUIM-DA-SILVA-COMO-MELHO.pdf\" target=\"_blank\" rel=\"noopener\"><i class=\"fa fa-file\" data-raofz=\"13\"><\/i> Visualizar<\/a><\/td>\n<\/tr>\n<tr>\n<td>2022<\/td>\n<td>002<\/td>\n<td>SEGUNDO TERMO DE PRORROGA\u00c7\u00c3O AO CONTRATO DE PRESTA\u00c7\u00c3O DE SERVI\u00c7OS FIRMADO EM JANEIRO DE 2022.O presente aditivo altera as cl\u00e1usulas: segunda, terceira e quarta do contrato original, celebrado em 10\/01\/2022. passando a viger os termos que seguem:<\/td>\n<td><a href=\"https:\/\/3itserver.com.br\/capoeiras\/wp-content\/uploads\/2024\/11\/SEGUNDO-TERMO-DE-PRORROGA\u00c7\u00c3O-AO-CONTRATO-DE-PRESTA\u00c7\u00c3O-DE-SERVI\u00c7OES-FIRMADO-EM-JANEIRO-DE-2022.pdf\" target=\"_blank\" rel=\"noopener\"><i class=\"fa fa-file\" data-raofz=\"13\"><\/i> Visualizar<\/a><\/td>\n<\/tr>\n<tr>\n<td>2022<\/td>\n<td>001<\/td>\n<td>PRIMEIRO TERMO DE PRORROGA\u00c7\u00c3O AO CONTRATO DE PRESTA\u00c7\u00c3O DE SERVI\u00c7OS FIRMADO EM JANEIRO DE 2022O presente aditivo altera as cl\u00e1usulas: segunda, terceira e quarta do contrato original, celebrado em 10\/01\/2022. passando a viger os termos que seguem:<\/td>\n<td><a href=\"https:\/\/3itserver.com.br\/capoeiras\/wp-content\/uploads\/2024\/11\/PRIMEIRO-TERMO-DE-PROROGRA\u00c7\u00c3O-AO-CONTRATO-DE-PRESTA\u00c7\u00c3O-DE-SERVI\u00c7OS-FIRMADO-EM-AJNEIRO-DE-2022.pdf\" target=\"_blank\" rel=\"noopener\"><i class=\"fa fa-file\" data-raofz=\"13\"><\/i> Visualizar<\/a><\/td>\n<\/tr>\n<tr>\n<td>2023<\/td>\n<td>011<\/td>\n<td>Contrato de presta\u00e7\u00e3o de servi\u00e7os que entre si celebram Instituto de Previd\u00eancia dos Servidores Municipais de Capoeiras\/ PE IPSEC, e a empresa J C Albuquerque Cavalcante Eireli, na forma abaixo:<\/td>\n<td><a href=\"https:\/\/3itserver.com.br\/capoeiras\/wp-content\/uploads\/2024\/02\/CONTRATO_011_2023.pdf\" target=\"_blank\" rel=\"noopener\"><i class=\"fa fa-file\" data-raofz=\"13\"><\/i> Visualizar<\/a><\/td>\n<\/tr>\n<tr>\n<td>2023<\/td>\n<td>010<\/td>\n<td>Contrato de presta\u00e7\u00e3o de servi\u00e7os que entre si celebram Instituto de Previd\u00eancia dos Servidores Municipais de Capoeiras\/ PE IPSEC, e a empresa Assprev &#8211; Assessoria, na forma abaixo:<\/td>\n<td><a href=\"https:\/\/3itserver.com.br\/capoeiras\/wp-content\/uploads\/2024\/02\/CONTRATO_010_2023.pdf\" target=\"_blank\" rel=\"noopener\"><i class=\"fa fa-file\" data-raofz=\"13\"><\/i> Visualizar<\/a><\/td>\n<\/tr>\n<tr>\n<td>2023<\/td>\n<td>009<\/td>\n<td>Contrato de presta\u00e7\u00e3o de servi\u00e7os que entre si celebram Instituto de Previd\u00eancia dos Servidores Municipais de Capoeiras\/ PE IPSEC, e a empresa 3IT Consultoria LTDA-ME, na forma abaixo:<\/td>\n<td><a href=\"https:\/\/3itserver.com.br\/capoeiras\/wp-content\/uploads\/2024\/02\/CONTRATO_09_2023.pdf\" target=\"_blank\" rel=\"noopener\"><i class=\"fa fa-file\" data-raofz=\"13\"><\/i> Visualizar<\/a><\/td>\n<\/tr>\n<tr>\n<td>2023<\/td>\n<td>008<\/td>\n<td>Contrato de presta\u00e7\u00e3o de servi\u00e7os que entre si celebram Instituto de Previd\u00eancia dos Servidores Municipais de Capoeiras\/ PE IPSEC, e a empresa Tenospft Tecnologioa LTDA, na forma abaixo:<\/td>\n<td><a href=\"https:\/\/3itserver.com.br\/capoeiras\/wp-content\/uploads\/2024\/02\/CONTRATO_08_2023.pdf\" target=\"_blank\" rel=\"noopener\"><i class=\"fa fa-file\" data-raofz=\"13\"><\/i> Visualizar<\/a><\/td>\n<\/tr>\n<tr>\n<td>2023<\/td>\n<td>007<\/td>\n<td>Contrato de presta\u00e7\u00e3o de servi\u00e7os que entre si celebram Instituto de Previd\u00eancia dos Servidores Municipais de Capoeiras\/ PE IPSEC, e a empresa privada Arima Consultoria Atuarial, Financeira e Mercadol\u00f3gica LTDA, na forma abaixo:<\/td>\n<td><a href=\"https:\/\/3itserver.com.br\/capoeiras\/wp-content\/uploads\/2024\/02\/CONTRATO_07_2023.pdf\" target=\"_blank\" rel=\"noopener\"><i class=\"fa fa-file\" data-raofz=\"13\"><\/i> Visualizar<\/a><\/td>\n<\/tr>\n<tr>\n<td>2023<\/td>\n<td>006<\/td>\n<td>Contrato de presta\u00e7\u00e3o de servi\u00e7os que entre si celebram Instituto de Previd\u00eancia dos Servidores Municipais de Capoeiras\/ PE IPSEC, e a empresa NUI Consultoira Empresarial LTDA, na forma abaixo:<\/td>\n<td><a href=\"https:\/\/3itserver.com.br\/capoeiras\/wp-content\/uploads\/2024\/02\/CONTRATO_06_2023.pdf\" target=\"_blank\" rel=\"noopener\"><i class=\"fa fa-file\" data-raofz=\"13\"><\/i> Visualizar<\/a><\/td>\n<\/tr>\n<tr>\n<td>2023<\/td>\n<td>005<\/td>\n<td>Contrato de presta\u00e7\u00e3o de servi\u00e7os que entre si celebram Instituto de Previd\u00eancia dos Servidores Municipais de Capoeiras\/ PE IPSEC, e a Empresa Consultoria Atuarial, privada: ARIMA Financeira e Mercadol\u00f3gica Ltda, na forma abaixo:<\/td>\n<td><a href=\"https:\/\/3itserver.com.br\/capoeiras\/wp-content\/uploads\/2023\/03\/Contrato_005_2023.pdf\" target=\"_blank\" rel=\"noopener\"><i class=\"fa fa-file\" data-raofz=\"13\"><\/i> Visualizar<\/a><\/td>\n<\/tr>\n<tr>\n<td>2023<\/td>\n<td>004<\/td>\n<td>Termo de Contrato que entre si celebram de um lado a INTITUTO DE PREVID\u00caNCIA DOS SERVIDORES MUNICIPAIS DE CAPOEIRAS.IPSEC e do outro a empresa: TENOSOFT TECNOLOGIA LTDA, para presta\u00e7\u00e3o de servi\u00e7os, como melhor abaixo se declaram:<\/td>\n<td><a href=\"https:\/\/3itserver.com.br\/capoeiras\/wp-content\/uploads\/2023\/03\/Contrato_004_2023.pdf\" target=\"_blank\" rel=\"noopener\"><i class=\"fa fa-file\" data-raofz=\"13\"><\/i> Visualizar<\/a><\/td>\n<\/tr>\n<tr>\n<td>2023<\/td>\n<td>003<\/td>\n<td>Contrato de Presta\u00e7\u00e3o de Servi\u00e7os, Que Entre Si Celebram o Instituto de Previd\u00eancia dos Servidores Municipais de Capoeiras &#8211; Ipsec e a Empresa Assprev &#8211; Assessoria Em Gest\u00e3o Previdenci\u00e1ria para os RPPS, na Forma Abaixo:<\/td>\n<td><a href=\"https:\/\/3itserver.com.br\/capoeiras\/wp-content\/uploads\/2023\/03\/Contrato_003_2023.pdf\" target=\"_blank\" rel=\"noopener\"><i class=\"fa fa-file\" data-raofz=\"13\"><\/i> Visualizar<\/a><\/td>\n<\/tr>\n<tr>\n<td>2023<\/td>\n<td>002<\/td>\n<td>Termo de Contrato Que Entre Si Celebram, Instituto de Previd\u00eancia dos Servidores Municipais de Capoeiras 3IT Consultoria Ltda-me, para o Fim Que a Seguir Declara:<\/td>\n<td><a href=\"https:\/\/3itserver.com.br\/capoeiras\/wp-content\/uploads\/2023\/03\/Contrato_002_2023.pdf\" target=\"_blank\" rel=\"noopener\"><i class=\"fa fa-file\" data-raofz=\"13\"><\/i> Visualizar<\/a><\/td>\n<\/tr>\n<tr>\n<td>2023<\/td>\n<td>001<\/td>\n<td>Contrato de Presta\u00e7\u00e3o de Servi\u00e7os para Apoio Administrativo, Que Entre Si Celebram de Um Lado Instituto de Previd\u00eancia dos Servidores Municipais de Capoeiras &#8211; Ipsec e de Outro Lado a Empresa &#8211; J C Albuquerque Cavalcante Eireli, Cnpj 32.421.517\/0001-40 Como Melhor Abaixo Se Declaram.<\/td>\n<td><a href=\"https:\/\/3itserver.com.br\/capoeiras\/wp-content\/uploads\/2023\/03\/Contrato_001_2023.pdf\" target=\"_blank\" rel=\"noopener\"><i class=\"fa fa-file\" data-raofz=\"13\"><\/i> Visualizar<\/a><\/td>\n<\/tr>\n<tr>\n<td>2022<\/td>\n<td>8807<\/td>\n<td>Contrato de Presta\u00e7\u00e3o de Servi\u00e7os Estrat\u00e9gicos de Tecnologia da Informa\u00e7\u00e3o, que entre si celebram Instituto de Previd\u00eancia dos Servidores Municipais de Capoeiras e a empresa de Tecnologia e Informa\u00e7\u00f5es da Previd\u00eancia DATAPREV S.A.<\/td>\n<td><a href=\"https:\/\/3itserver.com.br\/capoeiras\/wp-content\/uploads\/2022\/10\/Contrato-de-Ades\u00e3o-DATAPREV-8807.2022.pdf\" target=\"_blank\" rel=\"noopener\"><i class=\"fa fa-file\" data-raofz=\"13\"><\/i> Visualizar<\/a><\/td>\n<\/tr>\n<tr>\n<td>2022<\/td>\n<td>008<\/td>\n<td>Contrato de Presta\u00e7\u00e3o de Servi\u00e7os para Apoio Administrativo, que entre si celebram de um lado Instituto de Previd\u00eancia dos Servidores Municipais de Capoeiras &#8211; IPSEC e de outro lado a empresa &#8211; J C Albuquerque Cavalcante EIRELI, CNPJ 32.421.517\/0001-40.<\/td>\n<td><a href=\"https:\/\/3itserver.com.br\/capoeiras\/wp-content\/uploads\/2022\/10\/CONTRATO-08.2022.pdf\" target=\"_blank\" rel=\"noopener\"><i class=\"fa fa-file\" data-raofz=\"13\"><\/i> Visualizar<\/a><\/td>\n<\/tr>\n<tr>\n<td>2022<\/td>\n<td>007<\/td>\n<td>Contrato de Presta\u00e7\u00e3o de Servi\u00e7os Cont\u00e1beis que entre si celebram de um lado Instituto de Previd\u00eancia dos Servidores Municipais de Capoeiras &#8211; IPSEC e de outro lado a Empresa Infor Manager &#8211; Manuten\u00e7\u00e3o de Perif\u00e9ricos EiRELI, CNPJ 09.618.218\/0001-89.<\/td>\n<td><a href=\"https:\/\/3itserver.com.br\/capoeiras\/wp-content\/uploads\/2022\/10\/CONTRATO-07.2022.pdf\" target=\"_blank\" rel=\"noopener\"><i class=\"fa fa-file\" data-raofz=\"13\"><\/i> Visualizar<\/a><\/td>\n<\/tr>\n<tr>\n<td>2022<\/td>\n<td>005<\/td>\n<td>Contrato de Presta\u00e7\u00e3o de Servi\u00e7os para Apoio Administrativo, que entre si celebram de um lado Instituto de Previd\u00eancia dos Servidores Municipais de Capoeiras &#8211; IPSEC e de outro lado a Empresa J C Albuquerque Cavalcante EIRELI, CNPJ 32.421.517\/0001-40.<\/td>\n<td><a href=\"https:\/\/3itserver.com.br\/capoeiras\/wp-content\/uploads\/2022\/10\/CONTRATO-05.2022.pdf\" target=\"_blank\" rel=\"noopener\"><i class=\"fa fa-file\" data-raofz=\"13\"><\/i> Visualizar<\/a><\/td>\n<\/tr>\n<tr>\n<td>2022<\/td>\n<td>006<\/td>\n<td>Contrata\u00e7\u00e3o de empresa com o objetivo de prestar servi\u00e7os em consultoria e assessoria cont\u00e1bil, na \u00e1rea de contabilidade p\u00fablica, visando assessorar toda equipe de servidores, bem como, executar as atividades or\u00e7amentarias e cont\u00e1bil em conformidade com as Normas Brasileira de Contabilidade Aplicadas ao Setor P\u00fablico (NBCASP), para o Instituto de Previd\u00eancia dos Servidores Municipais de Capoeiras.<\/td>\n<td><a href=\"https:\/\/3itserver.com.br\/capoeiras\/wp-content\/uploads\/2022\/05\/CONTRATO_06_2022_IPSEC.pdf\" target=\"_blank\" rel=\"noopener\"><i class=\"fa fa-file\" data-raofz=\"13\"><\/i> Visualizar<\/a><\/td>\n<\/tr>\n<tr>\n<td>2022<\/td>\n<td>004<\/td>\n<td>01 (uma) Licen\u00e7a de uso de um Sistema Online de Gerenciamento, Publica\u00e7\u00e3o de documentos e Portal da Transpar\u00eancia, por meio de s\u00edtio espec\u00edfico na internet, em atendimento a Lei da Transpar\u00eancia LC n\u00ba 131\/2009, Lei de Acesso a Informa\u00e7\u00e3o n\u00ba 12.527\/2011, Resolu\u00e7\u00e3o vigente do TCE\/PE, Instru\u00e7\u00f5es Normativas do TCU, avalia\u00e7\u00f5es do MPF e da CGU, no per\u00edodo de 10 de Janeiro \u00e0 31 de Dezembro de 2022.<\/td>\n<td><a href=\"https:\/\/3itserver.com.br\/capoeiras\/wp-content\/uploads\/2022\/05\/CONTRATO_04_2022_IPSEC.pdf\" target=\"_blank\" rel=\"noopener\"><i class=\"fa fa-file\" data-raofz=\"13\"><\/i> Visualizar<\/a><\/td>\n<\/tr>\n<tr>\n<td>2022<\/td>\n<td>003<\/td>\n<td>O objeto do presente contrato \u00e9 a contrata\u00e7\u00e3o de profissional especializado em assessoria e consultoria previdenci\u00e1ria para a an\u00e1lise de documentos, visando o encaminhamento de informa\u00e7\u00f5es, junto ao sistema CADPREV-WEB da Secretaria de Pol\u00edticas de Previd\u00eancia do Minist\u00e9rio da Fazenda, para a regulariza\u00e7\u00e3o e manuten\u00e7\u00e3o dos crit\u00e9rios \u201cDemonstrativo de Informa\u00e7\u00f5es Previdenci\u00e1rias e Repasses &#8211; DIPR &#8211; Encaminhamento \u00e0 SPPS\u201d, Demonstrativo das Aplica\u00e7\u00f5es e Investimentos dos Recursos &#8211; DAIR\u201d e \u201cDemonstrativo da Pol\u00edtica de Investimentos &#8211; DPIN\u201d, bem como levantamento de dados, prepara\u00e7\u00e3o, encaminhamento, acompanhamento dos documentos necess\u00e1rios para elabora\u00e7\u00e3o de documentos e defesa nas auditorias diretas ou indiretas da Secretaria de Previd\u00eancia, do Minist\u00e9rio da Economia e do Tribunal de Contas do Estado de Pernambuco, na pessoa da empresa ASSPREV &#8211; Assessoria e Consultoria em Gest\u00e3o Previd\u00eanci\u00e1ria para o RPPS, para o Instituto de Previd\u00eancia dos Servidores Municipais de Capoeiras &#8211; IPSEC<\/td>\n<td><a href=\"https:\/\/3itserver.com.br\/capoeiras\/wp-content\/uploads\/2022\/05\/CONTRATO_03_2022_IPSEC.pdf\" target=\"_blank\" rel=\"noopener\"><i class=\"fa fa-file\" data-raofz=\"13\"><\/i> Visualizar<\/a><\/td>\n<\/tr>\n<tr>\n<td>2022<\/td>\n<td>002<\/td>\n<td>O presente contrato tem por objeto Loca\u00e7\u00e3o de software para gest\u00e3o do RPPS, desenvolvimento de site, aplicativo para os servidores p\u00fablicos para acesso de informa\u00e7\u00f5es de contra cheques, previs\u00e3o de aposentadoria, fale com o gestor, andamento de processo, entre outros.<\/td>\n<td><a href=\"https:\/\/3itserver.com.br\/capoeiras\/wp-content\/uploads\/2022\/05\/CONTRATO_02_2022_IPSEC.pdf\" target=\"_blank\" rel=\"noopener\"><i class=\"fa fa-file\" data-raofz=\"13\"><\/i> Visualizar<\/a><\/td>\n<\/tr>\n<tr>\n<td>2022<\/td>\n<td>001<\/td>\n<td>Realiza\u00e7\u00e3o de reavalia\u00e7\u00e3o atuarial anual referente ao exerc\u00edcio de 2022, ano base 2021, a ser realizada nos termos da Lei Federal n.\u00ba 9717 de 27 de novembro de 1998, e conforme regras e limites da Portaria MF n.\u00ba, 464 de 19 de novembro de 2018, referente ao Instituto de Previd\u00eancia dos Servidores Municipais de Capoeiras, para assegurar a transpar\u00eancia, solv\u00eancia, liquidez e observ\u00e2ncia do equil\u00edbrio financeiro e atuarial previsto no art. 40 da Constitui\u00e7\u00e3o Federal, no art. 69 da Lei Complementar n\u00ba 101, de 4 de maio de 2000, e no art. 1\u00ba da Lei n\u00ba 9.717, de 1998.<\/td>\n<td><a href=\"https:\/\/3itserver.com.br\/capoeiras\/wp-content\/uploads\/2022\/05\/CONTRATO_001_2022_IPSEC.pdf\" target=\"_blank\" rel=\"noopener\"><i class=\"fa fa-file\" data-raofz=\"13\"><\/i> Visualizar<\/a><\/td>\n<\/tr>\n<\/tbody>\n<\/table>\n<\/div>\n","protected":false},"excerpt":{"rendered":"<p>Ano N\u00fam. Objeto Visualizar 2025 009 Contrata\u00e7\u00e3o de empresa para o fornecimento parcelado de material de limpeza e higiene, para manuten\u00e7\u00e3o das atividades do Instituto de Previd\u00eancia dos Servidores Municipais de Capoeiras. Visualizar 2025 008 Contrata\u00e7\u00e3o de empresa para fornecimento parcelado de Combust\u00edvel, tipo gasolina comum, destinado ao ve\u00edculo pertencente ao Instituto de Previd\u00eancia dos [&hellip;]<\/p>\n","protected":false},"author":1,"featured_media":0,"parent":239,"menu_order":0,"comment_status":"closed","ping_status":"closed","template":"","meta":{"_et_pb_use_builder":"","_et_pb_old_content":"","_et_gb_content_width":"","footnotes":""},"class_list":["post-658","page","type-page","status-publish","hentry"],"_links":{"self":[{"href":"https:\/\/3itserver.com.br\/capoeiras\/wp-json\/wp\/v2\/pages\/658","targetHints":{"allow":["GET"]}}],"collection":[{"href":"https:\/\/3itserver.com.br\/capoeiras\/wp-json\/wp\/v2\/pages"}],"about":[{"href":"https:\/\/3itserver.com.br\/capoeiras\/wp-json\/wp\/v2\/types\/page"}],"author":[{"embeddable":true,"href":"https:\/\/3itserver.com.br\/capoeiras\/wp-json\/wp\/v2\/users\/1"}],"replies":[{"embeddable":true,"href":"https:\/\/3itserver.com.br\/capoeiras\/wp-json\/wp\/v2\/comments?post=658"}],"version-history":[{"count":10,"href":"https:\/\/3itserver.com.br\/capoeiras\/wp-json\/wp\/v2\/pages\/658\/revisions"}],"predecessor-version":[{"id":2124,"href":"https:\/\/3itserver.com.br\/capoeiras\/wp-json\/wp\/v2\/pages\/658\/revisions\/2124"}],"up":[{"embeddable":true,"href":"https:\/\/3itserver.com.br\/capoeiras\/wp-json\/wp\/v2\/pages\/239"}],"wp:attachment":[{"href":"https:\/\/3itserver.com.br\/capoeiras\/wp-json\/wp\/v2\/media?parent=658"}],"curies":[{"name":"wp","href":"https:\/\/api.w.org\/{rel}","templated":true}]}}