{"id":465,"date":"2020-10-28T15:21:17","date_gmt":"2020-10-28T18:21:17","guid":{"rendered":"https:\/\/3itserver.com.br\/capoeiras\/?page_id=465"},"modified":"2025-10-22T12:15:59","modified_gmt":"2025-10-22T15:15:59","slug":"dipr","status":"publish","type":"page","link":"https:\/\/3itserver.com.br\/capoeiras\/transparencia\/dipr\/","title":{"rendered":"Demonstrativos &#8211; DIPR"},"content":{"rendered":"<div class=\"table-2\">\n<table id=\"datatables\" class=\"hover\" width=\"100%\">\n<thead>\n<tr>\n<th>Ano<\/th>\n<th>M\u00eas<\/th>\n<th>Descri\u00e7\u00e3o<\/th>\n<th>Demonstrativo<\/th>\n<th>Declara\u00e7\u00e3o<\/th>\n<\/tr>\n<\/thead>\n<tbody>\n<tr>\n<td>2025<\/td>\n<td>07 | 08<\/td>\n<td>DIPR<\/td>\n<td><a href=\"https:\/\/3itserver.com.br\/capoeiras\/wp-content\/uploads\/2025\/10\/DIPR_3o_BI_2025.pdf\" target=\"_blank\" rel=\"noopener\"><i class=\"fa fa-file\" data-raofz=\"13\"><\/i> Demonstrativo<\/a><\/td>\n<td>&#8211;<\/td>\n<\/tr>\n<tr>\n<td>2025<\/td>\n<td>05 | 06<\/td>\n<td>DIPR<\/td>\n<td><a href=\"https:\/\/3itserver.com.br\/capoeiras\/wp-content\/uploads\/2025\/09\/DIPR-05.06-2025.pdf\" target=\"_blank\" rel=\"noopener\"><i class=\"fa fa-file\" data-raofz=\"13\"><\/i> Demonstrativo<\/a><\/td>\n<td>&#8211;<\/td>\n<\/tr>\n<tr>\n<td>2025<\/td>\n<td>03 | 04<\/td>\n<td>DIPR<\/td>\n<td><a href=\"https:\/\/3itserver.com.br\/capoeiras\/wp-content\/uploads\/2025\/09\/DIPR_2o_BI_2025.pdf\" target=\"_blank\" rel=\"noopener\"><i class=\"fa fa-file\" data-raofz=\"13\"><\/i> Demonstrativo<\/a><\/td>\n<td>&#8211;<\/td>\n<\/tr>\n<tr>\n<td>2025<\/td>\n<td>01 | 02<\/td>\n<td>DIPR<\/td>\n<td><a href=\"https:\/\/3itserver.com.br\/capoeiras\/wp-content\/uploads\/2025\/09\/DIPR_1o_BI_2025.pdf\" target=\"_blank\" rel=\"noopener\"><i class=\"fa fa-file\" data-raofz=\"13\"><\/i> Demonstrativo<\/a><\/td>\n<td>&#8211;<\/td>\n<\/tr>\n<tr>\n<td>2024<\/td>\n<td>09 | 10<\/td>\n<td>DIPR<\/td>\n<td><a href=\"https:\/\/3itserver.com.br\/capoeiras\/wp-content\/uploads\/2025\/02\/DIPR_5_BIMESTRE.pdf\" target=\"_blank\" rel=\"noopener\"><i class=\"fa fa-file\" data-raofz=\"13\"><\/i> Demonstrativo<\/a><\/td>\n<td>&#8211;<\/td>\n<\/tr>\n<tr>\n<td>2024<\/td>\n<td>07 | 08<\/td>\n<td>DIPR<\/td>\n<td><a href=\"https:\/\/3itserver.com.br\/capoeiras\/wp-content\/uploads\/2024\/11\/DIPR_4_2024.pdf\" target=\"_blank\" rel=\"noopener\"><i class=\"fa fa-file\" data-raofz=\"13\"><\/i> Demonstrativo<\/a><\/td>\n<td>&#8211;<\/td>\n<\/tr>\n<tr>\n<td>2024<\/td>\n<td>05 | 06<\/td>\n<td>DIPR<\/td>\n<td><a href=\"https:\/\/3itserver.com.br\/capoeiras\/wp-content\/uploads\/2024\/08\/DIPR_3_2024.pdf\" target=\"_blank\" rel=\"noopener\"><i class=\"fa fa-file\" data-raofz=\"13\"><\/i> Demonstrativo<\/a><\/td>\n<td>&#8211;<\/td>\n<\/tr>\n<tr>\n<td>2024<\/td>\n<td>03 | 04<\/td>\n<td>DIPR<\/td>\n<td><a href=\"https:\/\/3itserver.com.br\/capoeiras\/wp-content\/uploads\/2024\/08\/DIPR_2_2024.pdf\" target=\"_blank\" rel=\"noopener\"><i class=\"fa fa-file\" data-raofz=\"13\"><\/i> Demonstrativo<\/a><\/td>\n<td>&#8211;<\/td>\n<\/tr>\n<tr>\n<td>2024<\/td>\n<td>01 | 02<\/td>\n<td>DIPR<\/td>\n<td><a href=\"https:\/\/3itserver.com.br\/capoeiras\/wp-content\/uploads\/2024\/08\/DIPR_1_2024.pdf\" target=\"_blank\" rel=\"noopener\"><i class=\"fa fa-file\" data-raofz=\"13\"><\/i> Demonstrativo<\/a><\/td>\n<td>&#8211;<\/td>\n<\/tr>\n<tr>\n<td>2023<\/td>\n<td>11 | 12<\/td>\n<td>DIPR<\/td>\n<td><a href=\"https:\/\/3itserver.com.br\/capoeiras\/wp-content\/uploads\/2024\/02\/DIPR_6_BIMESTRE_2023.pdf\" target=\"_blank\" rel=\"noopener\"><i class=\"fa fa-file\" data-raofz=\"13\"><\/i> Demonstrativo<\/a><\/td>\n<td>&#8211;<\/td>\n<\/tr>\n<tr>\n<td>2023<\/td>\n<td>09 | 10<\/td>\n<td>DIPR<\/td>\n<td><a href=\"https:\/\/3itserver.com.br\/capoeiras\/wp-content\/uploads\/2024\/01\/DIPR_SETEMBRO_OUTUBRO_2023.pdf\" target=\"_blank\" rel=\"noopener\"><i class=\"fa fa-file\" data-raofz=\"13\"><\/i> Demonstrativo<\/a><\/td>\n<td>&#8211;<\/td>\n<\/tr>\n<tr>\n<td>2023<\/td>\n<td>07 | 08<\/td>\n<td>DIPR<\/td>\n<td><a href=\"https:\/\/3itserver.com.br\/capoeiras\/wp-content\/uploads\/2023\/11\/DIPR_JULHO_AGOSTO1.pdf\" target=\"_blank\" rel=\"noopener\"><i class=\"fa fa-file\" data-raofz=\"13\"><\/i> Demonstrativo<\/a><\/td>\n<td>&#8211;<\/td>\n<\/tr>\n<tr>\n<td>2023<\/td>\n<td>05 | 06<\/td>\n<td>DIPR<\/td>\n<td><a href=\"https:\/\/3itserver.com.br\/capoeiras\/wp-content\/uploads\/2023\/08\/10-DIPR_3_MAIO_JUNHO.pdf\" target=\"_blank\" rel=\"noopener\"><i class=\"fa fa-file\" data-raofz=\"13\"><\/i> Demonstrativo<\/a><\/td>\n<td>&#8211;<\/td>\n<\/tr>\n<tr>\n<td>2023<\/td>\n<td>03 | 04<\/td>\n<td>DIPR<\/td>\n<td><a href=\"https:\/\/3itserver.com.br\/capoeiras\/wp-content\/uploads\/2023\/08\/9-DIPR_2_MAR\u00c7O_ABRIL.pdf\" target=\"_blank\" rel=\"noopener\"><i class=\"fa fa-file\" data-raofz=\"13\"><\/i> Demonstrativo<\/a><\/td>\n<td>&#8211;<\/td>\n<\/tr>\n<tr>\n<td>2023<\/td>\n<td>01 | 02<\/td>\n<td>DIPR<\/td>\n<td><a href=\"https:\/\/3itserver.com.br\/capoeiras\/wp-content\/uploads\/2023\/05\/DIPR_JANEIRO_FEVEREIRO_2023.pdf\" target=\"_blank\" rel=\"noopener\"><i class=\"fa fa-file\" data-raofz=\"13\"><\/i> Demonstrativo<\/a><\/td>\n<td>&#8211;<\/td>\n<\/tr>\n<tr>\n<td>2022<\/td>\n<td>11 | 12<\/td>\n<td>DIPR<\/td>\n<td><a href=\"https:\/\/3itserver.com.br\/capoeiras\/wp-content\/uploads\/2023\/02\/DIPR_novembro_dezembro_2022.pdf\" target=\"_blank\" rel=\"noopener\"><i class=\"fa fa-file\" data-raofz=\"13\"><\/i> Demonstrativo<\/a><\/td>\n<td>&#8211;<\/td>\n<\/tr>\n<tr>\n<td>2022<\/td>\n<td>09 | 10<\/td>\n<td>DIPR<\/td>\n<td><a href=\"https:\/\/3itserver.com.br\/capoeiras\/wp-content\/uploads\/2023\/01\/DIPR_SETEMBRO_OUTUBRO.pdf\" target=\"_blank\" rel=\"noopener\"><i class=\"fa fa-file\" data-raofz=\"13\"><\/i> Demonstrativo<\/a><\/td>\n<td>&#8211;<\/td>\n<\/tr>\n<tr>\n<td>2022<\/td>\n<td>07 | 08<\/td>\n<td>DIPR<\/td>\n<td><a href=\"https:\/\/3itserver.com.br\/capoeiras\/wp-content\/uploads\/2023\/01\/DIPR_JULHO_AGOSTO.pdf\" target=\"_blank\" rel=\"noopener\"><i class=\"fa fa-file\" data-raofz=\"13\"><\/i> Demonstrativo<\/a><\/td>\n<td>&#8211;<\/td>\n<\/tr>\n<tr>\n<td>2022<\/td>\n<td>05 | 06<\/td>\n<td>DIPR<\/td>\n<td><a href=\"https:\/\/3itserver.com.br\/capoeiras\/wp-content\/uploads\/2022\/10\/DIPR-BIM-03.2022.pdf\" target=\"_blank\" rel=\"noopener\"><i class=\"fa fa-file\" data-raofz=\"13\"><\/i> Demonstrativo<\/a><\/td>\n<td>&#8211;<\/td>\n<\/tr>\n<tr>\n<td>2022<\/td>\n<td>03 | 04<\/td>\n<td>DIPR<\/td>\n<td><a href=\"https:\/\/3itserver.com.br\/capoeiras\/wp-content\/uploads\/2022\/10\/DIPR-BIM-02.2022.pdf\" target=\"_blank\" rel=\"noopener\"><i class=\"fa fa-file\" data-raofz=\"13\"><\/i> Demonstrativo<\/a><\/td>\n<td>&#8211;<\/td>\n<\/tr>\n<tr>\n<td>2022<\/td>\n<td>01 | 02<\/td>\n<td>DIPR<\/td>\n<td><a href=\"https:\/\/3itserver.com.br\/capoeiras\/wp-content\/uploads\/2022\/10\/DIPR-BIM-01.2022.pdf\" target=\"_blank\" rel=\"noopener\"><i class=\"fa fa-file\" data-raofz=\"13\"><\/i> Demonstrativo<\/a><\/td>\n<td>&#8211;<\/td>\n<\/tr>\n<tr>\n<td>2021<\/td>\n<td>11 | 12<\/td>\n<td>DIPR<\/td>\n<td><a href=\"https:\/\/3itserver.com.br\/capoeiras\/wp-content\/uploads\/2022\/06\/DEMONSTRATIVO_DIRP_NOVEMBRO_DEZEMBRO_2021.pdf\" target=\"_blank\" rel=\"noopener\"><i class=\"fa fa-file\" data-raofz=\"13\"><\/i> Demonstrativo<\/a><\/td>\n<td><a href=\"https:\/\/3itserver.com.br\/capoeiras\/wp-content\/uploads\/2022\/06\/DEMONSTRATIVO_DIRP_NOVEMBRO_DEZEMBRO_2021.pdf\" target=\"_blank\" rel=\"noopener\"><i class=\"fa fa-file\" data-raofz=\"13\"><\/i> Declara\u00e7\u00e3o<\/a><\/td>\n<\/tr>\n<tr>\n<td>2021<\/td>\n<td>09 | 10<\/td>\n<td>DIPR<\/td>\n<td><a href=\"https:\/\/3itserver.com.br\/capoeiras\/wp-content\/uploads\/2022\/06\/DEMONSTRATIVO_DIPR_SETEMBRO_OUTUBRO_2021.pdf\" target=\"_blank\" rel=\"noopener\"><i class=\"fa fa-file\" data-raofz=\"13\"><\/i> Demonstrativo<\/a><\/td>\n<td><a href=\"https:\/\/3itserver.com.br\/capoeiras\/wp-content\/uploads\/2022\/06\/DECLARA\u00c7\u00c3O_DIPR_SETEMBRO_OUTUBRO_2021.pdf\" target=\"_blank\" rel=\"noopener\"><i class=\"fa fa-file\" data-raofz=\"13\"><\/i> Declara\u00e7\u00e3o<\/a><\/td>\n<\/tr>\n<tr>\n<td>2021<\/td>\n<td>07 | 08<\/td>\n<td>DIPR<\/td>\n<td><a href=\"https:\/\/3itserver.com.br\/capoeiras\/wp-content\/uploads\/2022\/06\/DEMONSTRATIVO_DIPR_JULHO_AGOSTO_2021.pdf\" target=\"_blank\" rel=\"noopener\"><i class=\"fa fa-file\" data-raofz=\"13\"><\/i> Demonstrativo<\/a><\/td>\n<td><a href=\"https:\/\/3itserver.com.br\/capoeiras\/wp-content\/uploads\/2022\/06\/DECLARA\u00c7\u00c3O_DIPR_JULHO_AGOSTO_2021.pdf\" target=\"_blank\" rel=\"noopener\"><i class=\"fa fa-file\" data-raofz=\"13\"><\/i> Declara\u00e7\u00e3o<\/a><\/td>\n<\/tr>\n<tr>\n<td>2021<\/td>\n<td>05 | 06<\/td>\n<td>DIPR<\/td>\n<td><a href=\"https:\/\/3itserver.com.br\/capoeiras\/wp-content\/uploads\/2022\/06\/DEMONSTRATIVO_DIPR_MAIO_JUNHO_2021.pdf\" target=\"_blank\" rel=\"noopener\"><i class=\"fa fa-file\" data-raofz=\"13\"><\/i> Demonstrativo<\/a><\/td>\n<td><a href=\"https:\/\/3itserver.com.br\/capoeiras\/wp-content\/uploads\/2022\/06\/DECLARA\u00c7\u00c3O_DIPR_MAIO_JUNHO_2021.pdf\" target=\"_blank\" rel=\"noopener\"><i class=\"fa fa-file\" data-raofz=\"13\"><\/i> Declara\u00e7\u00e3o<\/a><\/td>\n<\/tr>\n<tr>\n<td>2021<\/td>\n<td>03 | 04<\/td>\n<td>DIPR<\/td>\n<td><a href=\"https:\/\/3itserver.com.br\/capoeiras\/wp-content\/uploads\/2022\/06\/DEMONSTRATIVO_DIPR_MAR\u00c7O_ABRIL_2021.pdf\" target=\"_blank\" rel=\"noopener\"><i class=\"fa fa-file\" data-raofz=\"13\"><\/i> Demonstrativo<\/a><\/td>\n<td><a href=\"https:\/\/3itserver.com.br\/capoeiras\/wp-content\/uploads\/2022\/06\/DECLARA\u00c7\u00c3O_DIPR_MAR\u00c7O_ABRIL_2021.pdf\" target=\"_blank\" rel=\"noopener\"><i class=\"fa fa-file\" data-raofz=\"13\"><\/i> Declara\u00e7\u00e3o<\/a><\/td>\n<\/tr>\n<tr>\n<td>2021<\/td>\n<td>01 | 02<\/td>\n<td>DIPR<\/td>\n<td><a href=\"https:\/\/3itserver.com.br\/capoeiras\/wp-content\/uploads\/2022\/06\/DEMONSTRATIVO_DIPR_JANEIRO_FEVEREIRO_2021.pdf\" target=\"_blank\" rel=\"noopener\"><i class=\"fa fa-file\" data-raofz=\"13\"><\/i> Demonstrativo<\/a><\/td>\n<td><a href=\"https:\/\/3itserver.com.br\/capoeiras\/wp-content\/uploads\/2022\/06\/DECLARA\u00c7\u00c3O_DIPR_JANEIRO_FEVEREIRO_2021.pdf\" target=\"_blank\" rel=\"noopener\"><i class=\"fa fa-file\" data-raofz=\"13\"><\/i> Declara\u00e7\u00e3o<\/a><\/td>\n<\/tr>\n<tr>\n<td>2020<\/td>\n<td>11 | 12<\/td>\n<td>DIPR<\/td>\n<td><a href=\"https:\/\/3itserver.com.br\/capoeiras\/wp-content\/uploads\/2022\/06\/DEMONSTRATIVO_DIPR_NOVEMBRO_DEZEMBRO_2020.pdf\" target=\"_blank\" rel=\"noopener\"><i class=\"fa fa-file\" data-raofz=\"13\"><\/i> Demonstrativo<\/a><\/td>\n<td><a href=\"https:\/\/3itserver.com.br\/capoeiras\/wp-content\/uploads\/2022\/06\/DECLARA\u00c7\u00c3O_DIPR_NOVEMBRO_DEZEMBRO_2020.pdf\" target=\"_blank\" rel=\"noopener\"><i class=\"fa fa-file\" data-raofz=\"13\"><\/i> Declara\u00e7\u00e3o<\/a><\/td>\n<\/tr>\n<tr>\n<td>2020<\/td>\n<td>09 | 10<\/td>\n<td>DIPR<\/td>\n<td><a href=\"https:\/\/3itserver.com.br\/capoeiras\/wp-content\/uploads\/2022\/06\/DEMONSTRATIVO_DIPR_SETEMBRO_OUTUBRO_2020.pdf\" target=\"_blank\" rel=\"noopener\"><i class=\"fa fa-file\" data-raofz=\"13\"><\/i> Demonstrativo<\/a><\/td>\n<td><a href=\"https:\/\/3itserver.com.br\/capoeiras\/wp-content\/uploads\/2022\/06\/DECLARA\u00c7\u00c3O_DIPR_SETEMBRO_OUTUBRO_2020.pdf\" target=\"_blank\" rel=\"noopener\"><i class=\"fa fa-file\" data-raofz=\"13\"><\/i> Declara\u00e7\u00e3o<\/a><\/td>\n<\/tr>\n<tr>\n<td>2020<\/td>\n<td>07 | 08<\/td>\n<td>DIPR<\/td>\n<td><a href=\"https:\/\/3itserver.com.br\/capoeiras\/wp-content\/uploads\/2022\/06\/DEMONSTRATIVO_DIPR_JULHO_AGOSTO_2020.pdf\" target=\"_blank\" rel=\"noopener\"><i class=\"fa fa-file\" data-raofz=\"13\"><\/i> Demonstrativo<\/a><\/td>\n<td><a href=\"https:\/\/3itserver.com.br\/capoeiras\/wp-content\/uploads\/2022\/06\/DECLARA\u00c7\u00c3O_DIPR_JULHO_AGOSTO_2020.pdf\" target=\"_blank\" rel=\"noopener\"><i class=\"fa fa-file\" data-raofz=\"13\"><\/i> Declara\u00e7\u00e3o<\/a><\/td>\n<\/tr>\n<tr>\n<td>2020<\/td>\n<td>05 | 06<\/td>\n<td>DIPR<\/td>\n<td><a href=\"https:\/\/3itserver.com.br\/capoeiras\/wp-content\/uploads\/2022\/06\/DEMONSTRATIVO_DIPR_MAIO_JUNHO_2020.pdf\" target=\"_blank\" rel=\"noopener\"><i class=\"fa fa-file\" data-raofz=\"13\"><\/i> Demonstrativo<\/a><\/td>\n<td><a href=\"https:\/\/3itserver.com.br\/capoeiras\/wp-content\/uploads\/2022\/06\/DECLARA\u00c7\u00c3O_DIPR_MAIO_JUNHO_2020.pdf\" target=\"_blank\" rel=\"noopener\"><i class=\"fa fa-file\" data-raofz=\"13\"><\/i> Declara\u00e7\u00e3o<\/a><\/td>\n<\/tr>\n<tr>\n<td>2020<\/td>\n<td>03 | 04<\/td>\n<td>DIPR<\/td>\n<td><a href=\"https:\/\/3itserver.com.br\/capoeiras\/wp-content\/uploads\/2022\/06\/DEMONSTRATIVO_DIPR_MAR\u00c7O_ABRIL_2020.pdf\" target=\"_blank\" rel=\"noopener\"><i class=\"fa fa-file\" data-raofz=\"13\"><\/i> Demonstrativo<\/a><\/td>\n<td><a href=\"https:\/\/3itserver.com.br\/capoeiras\/wp-content\/uploads\/2022\/06\/DECLARA\u00c7\u00c3O_DIPR_MAR\u00c7O_ABRIL_2020.pdf\" target=\"_blank\" rel=\"noopener\"><i class=\"fa fa-file\" data-raofz=\"13\"><\/i> Declara\u00e7\u00e3o<\/a><\/td>\n<\/tr>\n<tr>\n<td>2020<\/td>\n<td>01 | 02<\/td>\n<td>DIPR<\/td>\n<td><a href=\"https:\/\/3itserver.com.br\/capoeiras\/wp-content\/uploads\/2022\/06\/DEMONSTRATIVO_DIPR_JANEIRO_FEVEREIRO_2020.pdf\" target=\"_blank\" rel=\"noopener\"><i class=\"fa fa-file\" data-raofz=\"13\"><\/i> Demonstrativo<\/a><\/td>\n<td><a href=\"https:\/\/3itserver.com.br\/capoeiras\/wp-content\/uploads\/2022\/06\/DECLARA\u00c7\u00c3O_DIPR_JANEIRO_FEVEREIRO_2020.pdf\" target=\"_blank\" rel=\"noopener\"><i class=\"fa fa-file\" data-raofz=\"13\"><\/i> Declara\u00e7\u00e3o<\/a><\/td>\n<\/tr>\n<tr>\n<td>2019<\/td>\n<td>11 | 12<\/td>\n<td>DIPR<\/td>\n<td><a href=\"https:\/\/3itserver.com.br\/capoeiras\/wp-content\/uploads\/2022\/06\/DEMONSTRATIVO_DIPR_NOVEMBRO_DEZEMBRO_2019.pdf\" target=\"_blank\" rel=\"noopener\"><i class=\"fa fa-file\" data-raofz=\"13\"><\/i> Demonstrativo<\/a><\/td>\n<td><a href=\"https:\/\/3itserver.com.br\/capoeiras\/wp-content\/uploads\/2022\/06\/DECLARA\u00c7\u00c3O_DIPR_NOVEMBRO_DEZEMBRO_2019.pdf\" target=\"_blank\" rel=\"noopener\"><i class=\"fa fa-file\" data-raofz=\"13\"><\/i> Declara\u00e7\u00e3o<\/a><\/td>\n<\/tr>\n<tr>\n<td>2019<\/td>\n<td>09 | 10<\/td>\n<td>DIPR<\/td>\n<td><a href=\"https:\/\/3itserver.com.br\/capoeiras\/wp-content\/uploads\/2022\/06\/DEMONSTRATIVO_DIPR_SETEMBRO_OUTUBRO_2019.pdf\" target=\"_blank\" rel=\"noopener\"><i class=\"fa fa-file\" data-raofz=\"13\"><\/i> Demonstrativo<\/a><\/td>\n<td><a href=\"https:\/\/3itserver.com.br\/capoeiras\/wp-content\/uploads\/2022\/06\/DECLARA\u00c7\u00c3O_DIPR_SETEMBRO_OUTUBRO_2019.pdf\" target=\"_blank\" rel=\"noopener\"><i class=\"fa fa-file\" data-raofz=\"13\"><\/i> Declara\u00e7\u00e3o<\/a><\/td>\n<\/tr>\n<tr>\n<td>2019<\/td>\n<td>07 | 08<\/td>\n<td>DIPR<\/td>\n<td><a href=\"https:\/\/3itserver.com.br\/capoeiras\/wp-content\/uploads\/2022\/06\/DEMONSTRATIVO_DIPR_JULHO_AGOSTO_2019.pdf\" target=\"_blank\" rel=\"noopener\"><i class=\"fa fa-file\" data-raofz=\"13\"><\/i> Demonstrativo<\/a><\/td>\n<td><a href=\"https:\/\/3itserver.com.br\/capoeiras\/wp-content\/uploads\/2022\/06\/DECLARA\u00c7\u00c3O_DIPR_JULHO_AGOSTO_2019.pdf\" target=\"_blank\" rel=\"noopener\"><i class=\"fa fa-file\" data-raofz=\"13\"><\/i> Declara\u00e7\u00e3o<\/a><\/td>\n<\/tr>\n<tr>\n<td>2019<\/td>\n<td>05 | 06<\/td>\n<td>DIPR<\/td>\n<td><a href=\"https:\/\/3itserver.com.br\/capoeiras\/wp-content\/uploads\/2022\/06\/DEMONSTRATIVO_DIPR_MAIO_JUNHO_2019.pdf\" target=\"_blank\" rel=\"noopener\"><i class=\"fa fa-file\" data-raofz=\"13\"><\/i> Demonstrativo<\/a><\/td>\n<td><a href=\"https:\/\/3itserver.com.br\/capoeiras\/wp-content\/uploads\/2022\/06\/DECLARA\u00c7\u00c3O_DIPR_MAIO_JUNHO_2019.pdf\" target=\"_blank\" rel=\"noopener\"><i class=\"fa fa-file\" data-raofz=\"13\"><\/i> Declara\u00e7\u00e3o<\/a><\/td>\n<\/tr>\n<tr>\n<td>2019<\/td>\n<td>03 | 04<\/td>\n<td>DIPR<\/td>\n<td><a href=\"https:\/\/3itserver.com.br\/capoeiras\/wp-content\/uploads\/2022\/06\/DEMONSTRATIVO_DIPR_MAR\u00c7O_ABRIL_2019.pdf\" target=\"_blank\" rel=\"noopener\"><i class=\"fa fa-file\" data-raofz=\"13\"><\/i> Demonstrativo<\/a><\/td>\n<td><a href=\"https:\/\/3itserver.com.br\/capoeiras\/wp-content\/uploads\/2022\/06\/DECLARA\u00c7\u00c3O_DIPR_MAR\u00c7O_ABRIL_2019.pdf\" target=\"_blank\" rel=\"noopener\"><i class=\"fa fa-file\" data-raofz=\"13\"><\/i> Declara\u00e7\u00e3o<\/a><\/td>\n<\/tr>\n<tr>\n<td>2019<\/td>\n<td>01 | 02<\/td>\n<td>DIPR<\/td>\n<td><a href=\"https:\/\/3itserver.com.br\/capoeiras\/wp-content\/uploads\/2022\/06\/DEMONSTRATIVO_DIPR_JANEIRO_FEVEREIRO_2019.pdf\" target=\"_blank\" rel=\"noopener\"><i class=\"fa fa-file\" data-raofz=\"13\"><\/i> Demonstrativo<\/a><\/td>\n<td><a href=\"https:\/\/3itserver.com.br\/capoeiras\/wp-content\/uploads\/2022\/06\/DECLARA\u00c7\u00c3O_DIPR_JANEIRO_FEVEREIRO_2019.pdf\" target=\"_blank\" rel=\"noopener\"><i class=\"fa fa-file\" data-raofz=\"13\"><\/i> Declara\u00e7\u00e3o<\/a><\/td>\n<\/tr>\n<tr>\n<td>2018<\/td>\n<td>11 | 12<\/td>\n<td>DIPR<\/td>\n<td><a href=\"https:\/\/3itserver.com.br\/capoeiras\/wp-content\/uploads\/2022\/06\/DEMONSTRATIVO_DIPR_NOVEMBRO_DEZEMBRO_2018.pdf\" target=\"_blank\" rel=\"noopener\"><i class=\"fa fa-file\" data-raofz=\"13\"><\/i> Demonstrativo<\/a><\/td>\n<td><a href=\"https:\/\/3itserver.com.br\/capoeiras\/wp-content\/uploads\/2022\/06\/DECLARA\u00c7\u00c3O_DIPR_NOVEMBRO_DEZEMBRO_2018.pdf\" target=\"_blank\" rel=\"noopener\"><i class=\"fa fa-file\" data-raofz=\"13\"><\/i> Declara\u00e7\u00e3o<\/a><\/td>\n<\/tr>\n<tr>\n<td>2018<\/td>\n<td>09 | 10<\/td>\n<td>DIPR<\/td>\n<td><a href=\"https:\/\/3itserver.com.br\/capoeiras\/wp-content\/uploads\/2022\/06\/DEMONSTRATIVO_DIPR_SETEMBRO_OUTUBRO_2018.pdf\" target=\"_blank\" rel=\"noopener\"><i class=\"fa fa-file\" data-raofz=\"13\"><\/i> Demonstrativo<\/a><\/td>\n<td><a href=\"https:\/\/3itserver.com.br\/capoeiras\/wp-content\/uploads\/2022\/06\/DECLARA\u00c7\u00c3O_DIPR_SETEMBRO_OUTUBRO_2018.pdf\" target=\"_blank\" rel=\"noopener\"><i class=\"fa fa-file\" data-raofz=\"13\"><\/i> Declara\u00e7\u00e3o<\/a><\/td>\n<\/tr>\n<tr>\n<td>2018<\/td>\n<td>07 | 08<\/td>\n<td>DIPR<\/td>\n<td><a href=\"https:\/\/3itserver.com.br\/capoeiras\/wp-content\/uploads\/2022\/06\/DEMONSTRATIVO_DIPR_JULHO_AGOSTO_2018.pdf\" target=\"_blank\" rel=\"noopener\"><i class=\"fa fa-file\" data-raofz=\"13\"><\/i> Demonstrativo<\/a><\/td>\n<td><a href=\"https:\/\/3itserver.com.br\/capoeiras\/wp-content\/uploads\/2022\/06\/DECLARA\u00c7\u00c3O_DIPR_JULHO_AGOSTO_2018.pdf\" target=\"_blank\" rel=\"noopener\"><i class=\"fa fa-file\" data-raofz=\"13\"><\/i> Declara\u00e7\u00e3o<\/a><\/td>\n<\/tr>\n<tr>\n<td>2018<\/td>\n<td>05 | 06<\/td>\n<td>DIPR<\/td>\n<td><a href=\"https:\/\/3itserver.com.br\/capoeiras\/wp-content\/uploads\/2022\/06\/DEMONSTRATIVO_DIPR_MAIO_JUNHO_2018.pdf\" target=\"_blank\" rel=\"noopener\"><i class=\"fa fa-file\" data-raofz=\"13\"><\/i> Demonstrativo<\/a><\/td>\n<td><a href=\"https:\/\/3itserver.com.br\/capoeiras\/wp-content\/uploads\/2022\/06\/DECLARA\u00c7\u00c3O_DIPR_MAIO_JUNHO_2018.pdf\" target=\"_blank\" rel=\"noopener\"><i class=\"fa fa-file\" data-raofz=\"13\"><\/i> Declara\u00e7\u00e3o<\/a><\/td>\n<\/tr>\n<tr>\n<td>2018<\/td>\n<td>03 | 04<\/td>\n<td>DIPR<\/td>\n<td><a href=\"https:\/\/3itserver.com.br\/capoeiras\/wp-content\/uploads\/2022\/06\/DEMONSTRATIVO_DIPR_MAR\u00c7O_ABRIL_2018.pdf\" target=\"_blank\" rel=\"noopener\"><i class=\"fa fa-file\" data-raofz=\"13\"><\/i> Demonstrativo<\/a><\/td>\n<td><a href=\"https:\/\/3itserver.com.br\/capoeiras\/wp-content\/uploads\/2022\/06\/DECLARA\u00c7\u00c3O_DIPR_MAR\u00c7O_ABRIL_2018.pdf\" target=\"_blank\" rel=\"noopener\"><i class=\"fa fa-file\" data-raofz=\"13\"><\/i> Declara\u00e7\u00e3o<\/a><\/td>\n<\/tr>\n<tr>\n<td>2018<\/td>\n<td>01 | 02<\/td>\n<td>DIPR<\/td>\n<td><a href=\"https:\/\/3itserver.com.br\/capoeiras\/wp-content\/uploads\/2022\/06\/DEMONSTRATIVO_DIPR_JANEIRO_FEVEREIRO_2018.pdf\" target=\"_blank\" rel=\"noopener\"><i class=\"fa fa-file\" data-raofz=\"13\"><\/i> Demonstrativo<\/a><\/td>\n<td><a href=\"https:\/\/3itserver.com.br\/capoeiras\/wp-content\/uploads\/2022\/06\/DECLARA\u00c7\u00c3O_DIPR_JANEIRO_FEVEREIRO_2018.pdf\" target=\"_blank\" rel=\"noopener\"><i class=\"fa fa-file\" data-raofz=\"13\"><\/i> Declara\u00e7\u00e3o<\/a><\/td>\n<\/tr>\n<tr>\n<td>2017<\/td>\n<td>11 | 12<\/td>\n<td>DIPR<\/td>\n<td><a href=\"https:\/\/3itserver.com.br\/capoeiras\/wp-content\/uploads\/2022\/06\/DEMONSTRATIVO_DIPR_NOVEMBRO_DEZEMBRO_2017.pdf\" target=\"_blank\" rel=\"noopener\"><i class=\"fa fa-file\" data-raofz=\"13\"><\/i> Demonstrativo<\/a><\/td>\n<td><a href=\"https:\/\/3itserver.com.br\/capoeiras\/wp-content\/uploads\/2022\/06\/DECLARA\u00c7\u00c3O_DIPR_NOVEMBRO_DEZEMBRO_2017.pdf\" target=\"_blank\" rel=\"noopener\"><i class=\"fa fa-file\" data-raofz=\"13\"><\/i> Declara\u00e7\u00e3o<\/a><\/td>\n<\/tr>\n<tr>\n<td>2017<\/td>\n<td>09 | 10<\/td>\n<td>DIPR<\/td>\n<td><a href=\"https:\/\/3itserver.com.br\/capoeiras\/wp-content\/uploads\/2022\/06\/DEMONSTRATIVO_DIPR_SETEMBRO_OUTUBRO_2017.pdf\" target=\"_blank\" rel=\"noopener\"><i class=\"fa fa-file\" data-raofz=\"13\"><\/i> Demonstrativo<\/a><\/td>\n<td><a href=\"https:\/\/3itserver.com.br\/capoeiras\/wp-content\/uploads\/2022\/06\/DECLARA\u00c7\u00c3O_DIPR_SETEMBRO_OUTUBRO_2017.pdf\" target=\"_blank\" rel=\"noopener\"><i class=\"fa fa-file\" data-raofz=\"13\"><\/i> Declara\u00e7\u00e3o<\/a><\/td>\n<\/tr>\n<tr>\n<td>2017<\/td>\n<td>07 | 08<\/td>\n<td>DIPR<\/td>\n<td><a href=\"https:\/\/3itserver.com.br\/capoeiras\/wp-content\/uploads\/2022\/06\/DEMONSTRATIVO_DIPR_JULHO_AGOSTO_2017.pdf\" target=\"_blank\" rel=\"noopener\"><i class=\"fa fa-file\" data-raofz=\"13\"><\/i> Demonstrativo<\/a><\/td>\n<td><a href=\"https:\/\/3itserver.com.br\/capoeiras\/wp-content\/uploads\/2022\/06\/DECLARA\u00c7\u00c3O_DIPR_JULHO_AGOSTO_2017.pdf\" target=\"_blank\" rel=\"noopener\"><i class=\"fa fa-file\" data-raofz=\"13\"><\/i> Declara\u00e7\u00e3o<\/a><\/td>\n<\/tr>\n<tr>\n<td>2017<\/td>\n<td>05 | 06<\/td>\n<td>DIPR<\/td>\n<td><a href=\"https:\/\/3itserver.com.br\/capoeiras\/wp-content\/uploads\/2020\/10\/3_mai_jun_dipr.pdf\" target=\"_blank\" rel=\"noopener\"><i class=\"fa fa-file\" data-raofz=\"13\"><\/i> Demonstrativo<\/a><\/td>\n<td><a href=\"https:\/\/3itserver.com.br\/capoeiras\/wp-content\/uploads\/2020\/10\/3_dpir_ver.pdf\" target=\"_blank\" rel=\"noopener\"><i class=\"fa fa-file\" data-raofz=\"13\"><\/i> Declara\u00e7\u00e3o<\/a><\/td>\n<\/tr>\n<tr>\n<td>2017<\/td>\n<td>03 | 04<\/td>\n<td>DIPR<\/td>\n<td><a href=\"https:\/\/3itserver.com.br\/capoeiras\/wp-content\/uploads\/2020\/10\/2_mar_abr_dipr.pdf\" target=\"_blank\" rel=\"noopener\"><i class=\"fa fa-file\" data-raofz=\"13\"><\/i> Demonstrativo<\/a><\/td>\n<td>&#8211;<\/td>\n<\/tr>\n<tr>\n<td>2017<\/td>\n<td>01 | 02<\/td>\n<td>DIPR<\/td>\n<td><a href=\"https:\/\/3itserver.com.br\/capoeiras\/wp-content\/uploads\/2020\/10\/1_jan_fev_dipr.pdf\" target=\"_blank\" rel=\"noopener\"><i class=\"fa fa-file\" data-raofz=\"13\"><\/i> Demonstrativo<\/a><\/td>\n<td><a href=\"https:\/\/3itserver.com.br\/capoeiras\/wp-content\/uploads\/2020\/10\/1_dpir_ver.pdf\" target=\"_blank\" rel=\"noopener\"><i class=\"fa fa-file\" data-raofz=\"13\"><\/i> Declara\u00e7\u00e3o<\/a><\/td>\n<\/tr>\n<\/tbody>\n<\/table>\n<\/div>\n","protected":false},"excerpt":{"rendered":"<p>Ano M\u00eas Descri\u00e7\u00e3o Demonstrativo Declara\u00e7\u00e3o 2025 07 | 08 DIPR Demonstrativo &#8211; 2025 05 | 06 DIPR Demonstrativo &#8211; 2025 03 | 04 DIPR Demonstrativo &#8211; 2025 01 | 02 DIPR Demonstrativo &#8211; 2024 09 | 10 DIPR Demonstrativo &#8211; 2024 07 | 08 DIPR Demonstrativo &#8211; 2024 05 | 06 DIPR Demonstrativo &#8211; 2024 [&hellip;]<\/p>\n","protected":false},"author":1,"featured_media":0,"parent":239,"menu_order":0,"comment_status":"closed","ping_status":"closed","template":"","meta":{"_et_pb_use_builder":"","_et_pb_old_content":"","_et_gb_content_width":"","footnotes":""},"class_list":["post-465","page","type-page","status-publish","hentry"],"_links":{"self":[{"href":"https:\/\/3itserver.com.br\/capoeiras\/wp-json\/wp\/v2\/pages\/465","targetHints":{"allow":["GET"]}}],"collection":[{"href":"https:\/\/3itserver.com.br\/capoeiras\/wp-json\/wp\/v2\/pages"}],"about":[{"href":"https:\/\/3itserver.com.br\/capoeiras\/wp-json\/wp\/v2\/types\/page"}],"author":[{"embeddable":true,"href":"https:\/\/3itserver.com.br\/capoeiras\/wp-json\/wp\/v2\/users\/1"}],"replies":[{"embeddable":true,"href":"https:\/\/3itserver.com.br\/capoeiras\/wp-json\/wp\/v2\/comments?post=465"}],"version-history":[{"count":25,"href":"https:\/\/3itserver.com.br\/capoeiras\/wp-json\/wp\/v2\/pages\/465\/revisions"}],"predecessor-version":[{"id":2151,"href":"https:\/\/3itserver.com.br\/capoeiras\/wp-json\/wp\/v2\/pages\/465\/revisions\/2151"}],"up":[{"embeddable":true,"href":"https:\/\/3itserver.com.br\/capoeiras\/wp-json\/wp\/v2\/pages\/239"}],"wp:attachment":[{"href":"https:\/\/3itserver.com.br\/capoeiras\/wp-json\/wp\/v2\/media?parent=465"}],"curies":[{"name":"wp","href":"https:\/\/api.w.org\/{rel}","templated":true}]}}