{"id":426,"date":"2020-10-28T14:12:34","date_gmt":"2020-10-28T17:12:34","guid":{"rendered":"https:\/\/3itserver.com.br\/capoeiras\/?page_id=426"},"modified":"2025-09-29T11:48:49","modified_gmt":"2025-09-29T14:48:49","slug":"crp","status":"publish","type":"page","link":"https:\/\/3itserver.com.br\/capoeiras\/transparencia\/crp\/","title":{"rendered":"CRP"},"content":{"rendered":"<div class=\"table-2\">\n<table id=\"datatables\" class=\"hover\" width=\"100%\">\n<thead>\n<tr>\n<th>Emiss\u00e3o<\/th>\n<th>Validade<\/th>\n<th>Descri\u00e7\u00e3o<\/th>\n<th>Visualizar<\/th>\n<\/tr>\n<\/thead>\n<tbody>\n<tr>\n<td><span style=\"display: table-column;\">20250611<\/span>11\/06\/2025<\/td>\n<td><span style=\"display: table-column;\">20251208<\/span>08\/12\/2025<\/td>\n<td>Certificado de Regularidade Previdenci\u00e1ria &#8211; CRP<\/td>\n<td><a href=\"https:\/\/3itserver.com.br\/capoeiras\/wp-content\/uploads\/2025\/09\/CRP-08122025.pdf\" target=\"_blank\" rel=\"noopener\"><i class=\"fa fa-file\" data-raofz=\"13\"><\/i> Visualizar<\/a><\/td>\n<\/tr>\n<tr>\n<td><span style=\"display: table-column;\">20250528<\/span>28\/05\/2025<\/td>\n<td><span style=\"display: table-column;\">20251124<\/span>24\/11\/2025<\/td>\n<td>Certificado de Regularidade Previdenci\u00e1ria &#8211; CRP<\/td>\n<td><a href=\"https:\/\/3itserver.com.br\/capoeiras\/wp-content\/uploads\/2025\/09\/CRP-24112025.pdf\" target=\"_blank\" rel=\"noopener\"><i class=\"fa fa-file\" data-raofz=\"13\"><\/i> Visualizar<\/a><\/td>\n<\/tr>\n<tr>\n<td><span style=\"display: table-column;\">20241129<\/span>29\/11\/2024<\/td>\n<td><span style=\"display: table-column;\">20240528<\/span>28\/05\/2025<\/td>\n<td>Certificado de Regularidade Previdenci\u00e1ria &#8211; CRP<\/td>\n<td><a href=\"https:\/\/3itserver.com.br\/capoeiras\/wp-content\/uploads\/2025\/02\/CRP.pdf\" target=\"_blank\" rel=\"noopener\"><i class=\"fa fa-file\" data-raofz=\"13\"><\/i> Visualizar<\/a><\/td>\n<\/tr>\n<tr>\n<td><span style=\"display: table-column;\">20240602<\/span>02\/06\/2024<\/td>\n<td><span style=\"display: table-column;\">20241129<\/span>29\/11\/2024<\/td>\n<td>Certificado de Regularidade Previdenci\u00e1ria &#8211; CRP<\/td>\n<td><a href=\"https:\/\/3itserver.com.br\/capoeiras\/wp-content\/uploads\/2024\/08\/CRP_01_2024.pdf\" target=\"_blank\" rel=\"noopener\"><i class=\"fa fa-file\" data-raofz=\"13\"><\/i> Visualizar<\/a><\/td>\n<\/tr>\n<tr>\n<td><span style=\"display: table-column;\">20231205<\/span>05\/12\/2023<\/td>\n<td><span style=\"display: table-column;\">20240602<\/span>02\/06\/2024<\/td>\n<td>Certificado de Regularidade Previdenci\u00e1ria &#8211; CRP<\/td>\n<td><a href=\"https:\/\/3itserver.com.br\/capoeiras\/wp-content\/uploads\/2024\/01\/CRP_02_2023.pdf\" target=\"_blank\" rel=\"noopener\"><i class=\"fa fa-file\" data-raofz=\"13\"><\/i> Visualizar<\/a><\/td>\n<\/tr>\n<tr>\n<td><span style=\"display: table-column;\">20230608<\/span>08\/06\/2023<\/td>\n<td><span style=\"display: table-column;\">20231205<\/span>05\/12\/2023<\/td>\n<td>Certificado de Regularidade Previdenci\u00e1ria &#8211; CRP<\/td>\n<td><a href=\"https:\/\/3itserver.com.br\/capoeiras\/wp-content\/uploads\/2023\/06\/CRP.pdf\" target=\"_blank\" rel=\"noopener\"><i class=\"fa fa-file\" data-raofz=\"13\"><\/i> Visualizar<\/a><\/td>\n<\/tr>\n<tr>\n<td><span style=\"display: table-column;\">20221210<\/span>12\/10\/2022<\/td>\n<td><span style=\"display: table-column;\">20230608<\/span>08\/06\/2023<\/td>\n<td>Certificado de Regularidade Previdenci\u00e1ria &#8211; CRP<\/td>\n<td><a href=\"https:\/\/3itserver.com.br\/capoeiras\/wp-content\/uploads\/2023\/01\/10-CRP.pdf\" target=\"_blank\" rel=\"noopener\"><i class=\"fa fa-file\" data-raofz=\"13\"><\/i> Visualizar<\/a><\/td>\n<\/tr>\n<tr>\n<td><span style=\"display: table-column;\">20220613<\/span>13\/06\/2022<\/td>\n<td><span style=\"display: table-column;\">20221210<\/span>10\/12\/2022<\/td>\n<td>Certificado de Regularidade Previdenci\u00e1ria &#8211; CRP<\/td>\n<td><a href=\"https:\/\/3itserver.com.br\/capoeiras\/wp-content\/uploads\/2022\/07\/CRP_capoeiras_02.pdf\" target=\"_blank\" rel=\"noopener\"><i class=\"fa fa-file\" data-raofz=\"13\"><\/i> Visualizar<\/a><\/td>\n<\/tr>\n<tr>\n<td><span style=\"display: table-column;\">20211215<\/span>15\/12\/2021<\/td>\n<td><span style=\"display: table-column;\">20220613<\/span>13\/06\/2022<\/td>\n<td>Certificado de Regularidade Previdenci\u00e1ria &#8211; CRP<\/td>\n<td><a href=\"https:\/\/3itserver.com.br\/capoeiras\/wp-content\/uploads\/2022\/06\/CRP-13.06.2022.pdf\" target=\"_blank\" rel=\"noopener\"><i class=\"fa fa-file\" data-raofz=\"13\"><\/i> Visualizar<\/a><\/td>\n<\/tr>\n<tr>\n<td><span style=\"display: table-column;\">20170213<\/span>13\/02\/2017<\/td>\n<td><span style=\"display: table-column;\">20170812<\/span>12\/08\/2017<\/td>\n<td>Certificado de Regularidade Previdenci\u00e1ria &#8211; CRP<\/td>\n<td><a href=\"https:\/\/3itserver.com.br\/capoeiras\/wp-content\/uploads\/2020\/10\/CRP.pdf\" target=\"_blank\" rel=\"noopener\"><i class=\"fa fa-file\" data-raofz=\"13\"><\/i> Visualizar<\/a><\/td>\n<\/tr>\n<tr>\n<td><span style=\"display: table-column;\">20170812<\/span>12\/08\/2017<\/td>\n<td><span style=\"display: table-column;\">20180208<\/span>08\/02\/2018<\/td>\n<td>Certificado de Regularidade Previdenci\u00e1ria &#8211; CRP<\/td>\n<td><a href=\"https:\/\/3itserver.com.br\/capoeiras\/wp-content\/uploads\/2020\/10\/pdfresizer.com-pdf-crop.pdf\" target=\"_blank\" rel=\"noopener\"><i class=\"fa fa-file\" data-raofz=\"13\"><\/i> Visualizar<\/a><\/td>\n<\/tr>\n<\/tbody>\n<\/table>\n<\/div>\n","protected":false},"excerpt":{"rendered":"<p>Emiss\u00e3o Validade Descri\u00e7\u00e3o Visualizar 2025061111\/06\/2025 2025120808\/12\/2025 Certificado de Regularidade Previdenci\u00e1ria &#8211; CRP Visualizar 2025052828\/05\/2025 2025112424\/11\/2025 Certificado de Regularidade Previdenci\u00e1ria &#8211; CRP Visualizar 2024112929\/11\/2024 2024052828\/05\/2025 Certificado de Regularidade Previdenci\u00e1ria &#8211; CRP Visualizar 2024060202\/06\/2024 2024112929\/11\/2024 Certificado de Regularidade Previdenci\u00e1ria &#8211; CRP Visualizar 2023120505\/12\/2023 2024060202\/06\/2024 Certificado de Regularidade Previdenci\u00e1ria &#8211; CRP Visualizar 2023060808\/06\/2023 2023120505\/12\/2023 Certificado de Regularidade Previdenci\u00e1ria [&hellip;]<\/p>\n","protected":false},"author":1,"featured_media":0,"parent":239,"menu_order":0,"comment_status":"closed","ping_status":"closed","template":"","meta":{"_et_pb_use_builder":"","_et_pb_old_content":"","_et_gb_content_width":"","footnotes":""},"class_list":["post-426","page","type-page","status-publish","hentry"],"_links":{"self":[{"href":"https:\/\/3itserver.com.br\/capoeiras\/wp-json\/wp\/v2\/pages\/426","targetHints":{"allow":["GET"]}}],"collection":[{"href":"https:\/\/3itserver.com.br\/capoeiras\/wp-json\/wp\/v2\/pages"}],"about":[{"href":"https:\/\/3itserver.com.br\/capoeiras\/wp-json\/wp\/v2\/types\/page"}],"author":[{"embeddable":true,"href":"https:\/\/3itserver.com.br\/capoeiras\/wp-json\/wp\/v2\/users\/1"}],"replies":[{"embeddable":true,"href":"https:\/\/3itserver.com.br\/capoeiras\/wp-json\/wp\/v2\/comments?post=426"}],"version-history":[{"count":12,"href":"https:\/\/3itserver.com.br\/capoeiras\/wp-json\/wp\/v2\/pages\/426\/revisions"}],"predecessor-version":[{"id":2031,"href":"https:\/\/3itserver.com.br\/capoeiras\/wp-json\/wp\/v2\/pages\/426\/revisions\/2031"}],"up":[{"embeddable":true,"href":"https:\/\/3itserver.com.br\/capoeiras\/wp-json\/wp\/v2\/pages\/239"}],"wp:attachment":[{"href":"https:\/\/3itserver.com.br\/capoeiras\/wp-json\/wp\/v2\/media?parent=426"}],"curies":[{"name":"wp","href":"https:\/\/api.w.org\/{rel}","templated":true}]}}