{"id":389,"date":"2020-10-28T13:23:57","date_gmt":"2020-10-28T16:23:57","guid":{"rendered":"https:\/\/3itserver.com.br\/capoeiras\/?page_id=389"},"modified":"2025-05-26T23:24:36","modified_gmt":"2025-05-27T02:24:36","slug":"politica-de-investimentos","status":"publish","type":"page","link":"https:\/\/3itserver.com.br\/capoeiras\/transparencia\/politica-de-investimentos\/","title":{"rendered":"Pol\u00edtica de Investimentos"},"content":{"rendered":"<div class=\"table-2\">\n<table id=\"datatables\" class=\"hover\" width=\"100%\">\n<thead>\n<tr>\n<th>Ano<\/th>\n<th>Descri\u00e7\u00e3o<\/th>\n<th>Visualizar<\/th>\n<\/tr>\n<\/thead>\n<tbody>\n<tr>\n<td>2024<\/td>\n<td>Pol\u00edtica de Investimentos<\/td>\n<td><a href=\"https:\/\/3itserver.com.br\/capoeiras\/wp-content\/uploads\/2024\/01\/POLITICA_DE_INVESTIMENTOS_2024_ASSINADA.pdf\" target=\"_blank\" rel=\"noopener\"><i class=\"fa fa-file\" data-raofz=\"13\"><\/i> Visualizar<\/a><\/td>\n<\/tr>\n<tr>\n<td>2023<\/td>\n<td>Pol\u00edtica de Investimentos<\/td>\n<td><a href=\"https:\/\/3itserver.com.br\/capoeiras\/wp-content\/uploads\/2023\/02\/POLITICA_DE_INVESTIMENTO_2023_compressed.pdf\" target=\"_blank\" rel=\"noopener\"><i class=\"fa fa-file\" data-raofz=\"13\"><\/i> Visualizar<\/a><\/td>\n<\/tr>\n<tr>\n<td>2022<\/td>\n<td>Pol\u00edtica de Investimentos<\/td>\n<td><a href=\"https:\/\/3itserver.com.br\/capoeiras\/wp-content\/uploads\/2022\/06\/POLITICA_DE_INVESTIMENTOS_2022.pdf\" target=\"_blank\" rel=\"noopener\"><i class=\"fa fa-file\" data-raofz=\"13\"><\/i> Visualizar<\/a><\/td>\n<\/tr>\n<tr>\n<td>2021<\/td>\n<td>Pol\u00edtica de Investimentos<\/td>\n<td><a href=\"https:\/\/3itserver.com.br\/capoeiras\/wp-content\/uploads\/2022\/06\/POLITICA_DE_INVESTIMENTOS_2021.pdf\" target=\"_blank\" rel=\"noopener\"><i class=\"fa fa-file\" data-raofz=\"13\"><\/i> Visualizar<\/a><\/td>\n<\/tr>\n<tr>\n<td>2020<\/td>\n<td>Pol\u00edtica de Investimentos<\/td>\n<td><a href=\"https:\/\/3itserver.com.br\/capoeiras\/wp-content\/uploads\/2022\/06\/POLITICA_DE_INVESTIMENTOS_2020.pdf\" target=\"_blank\" rel=\"noopener\"><i class=\"fa fa-file\" data-raofz=\"13\"><\/i> Visualizar<\/a><\/td>\n<\/tr>\n<tr>\n<td>2019<\/td>\n<td>Pol\u00edtica de Investimentos<\/td>\n<td><a href=\"https:\/\/3itserver.com.br\/capoeiras\/wp-content\/uploads\/2022\/06\/POLITICA_DE_INVESTIMENTOS_2019.pdf\" target=\"_blank\" rel=\"noopener\"><i class=\"fa fa-file\" data-raofz=\"13\"><\/i> Visualizar<\/a><\/td>\n<\/tr>\n<tr>\n<td>2017<\/td>\n<td>Demonstrativo &#8211; Pol\u00edtica de Investimentos<\/td>\n<td><a href=\"https:\/\/3itserver.com.br\/capoeiras\/wp-content\/uploads\/2020\/10\/demonstrativo_politicas_de_investimentos.pdf\" target=\"_blank\" rel=\"noopener\"><i class=\"fa fa-file\" data-raofz=\"13\"><\/i> Visualizar<\/a><\/td>\n<\/tr>\n<tr>\n<td>2017<\/td>\n<td>Pol\u00edtica de Investimentos<\/td>\n<td><a href=\"https:\/\/3itserver.com.br\/capoeiras\/wp-content\/uploads\/2020\/10\/politica_investimentos.pdf\" target=\"_blank\" rel=\"noopener\"><i class=\"fa fa-file\" data-raofz=\"13\"><\/i> Visualizar<\/a><\/td>\n<\/tr>\n<\/tbody>\n<\/table>\n<\/div>\n","protected":false},"excerpt":{"rendered":"<p>Ano Descri\u00e7\u00e3o Visualizar 2024 Pol\u00edtica de Investimentos Visualizar 2023 Pol\u00edtica de Investimentos Visualizar 2022 Pol\u00edtica de Investimentos Visualizar 2021 Pol\u00edtica de Investimentos Visualizar 2020 Pol\u00edtica de Investimentos Visualizar 2019 Pol\u00edtica de Investimentos Visualizar 2017 Demonstrativo &#8211; Pol\u00edtica de Investimentos Visualizar 2017 Pol\u00edtica de Investimentos Visualizar<\/p>\n","protected":false},"author":1,"featured_media":0,"parent":239,"menu_order":0,"comment_status":"closed","ping_status":"closed","template":"","meta":{"_et_pb_use_builder":"","_et_pb_old_content":"","_et_gb_content_width":"","footnotes":""},"class_list":["post-389","page","type-page","status-publish","hentry"],"_links":{"self":[{"href":"https:\/\/3itserver.com.br\/capoeiras\/wp-json\/wp\/v2\/pages\/389","targetHints":{"allow":["GET"]}}],"collection":[{"href":"https:\/\/3itserver.com.br\/capoeiras\/wp-json\/wp\/v2\/pages"}],"about":[{"href":"https:\/\/3itserver.com.br\/capoeiras\/wp-json\/wp\/v2\/types\/page"}],"author":[{"embeddable":true,"href":"https:\/\/3itserver.com.br\/capoeiras\/wp-json\/wp\/v2\/users\/1"}],"replies":[{"embeddable":true,"href":"https:\/\/3itserver.com.br\/capoeiras\/wp-json\/wp\/v2\/comments?post=389"}],"version-history":[{"count":7,"href":"https:\/\/3itserver.com.br\/capoeiras\/wp-json\/wp\/v2\/pages\/389\/revisions"}],"predecessor-version":[{"id":1382,"href":"https:\/\/3itserver.com.br\/capoeiras\/wp-json\/wp\/v2\/pages\/389\/revisions\/1382"}],"up":[{"embeddable":true,"href":"https:\/\/3itserver.com.br\/capoeiras\/wp-json\/wp\/v2\/pages\/239"}],"wp:attachment":[{"href":"https:\/\/3itserver.com.br\/capoeiras\/wp-json\/wp\/v2\/media?parent=389"}],"curies":[{"name":"wp","href":"https:\/\/api.w.org\/{rel}","templated":true}]}}