{"id":242,"date":"2020-01-16T13:54:28","date_gmt":"2020-01-16T16:54:28","guid":{"rendered":"http:\/\/ipseccapoeiras.com.br\/\/?page_id=242"},"modified":"2025-02-05T11:56:41","modified_gmt":"2025-02-05T14:56:41","slug":"demonstrativos-dpin","status":"publish","type":"page","link":"https:\/\/3itserver.com.br\/capoeiras\/transparencia\/demonstrativos-dpin\/","title":{"rendered":"Demonstrativos &#8211; DPIN"},"content":{"rendered":"<table id=\"datatables\" class=\"hover\" width=\"100%\">\n<thead>\n<tr>\n<th>Ano<\/th>\n<th>Descri\u00e7\u00e3o<\/th>\n<th>Visualizar<\/th>\n<\/tr>\n<\/thead>\n<tbody>\n<tr>\n<td>2025<\/td>\n<td>Demonstrativo da Pol\u00edtica de Investimentos<\/td>\n<td><a href=\"https:\/\/3itserver.com.br\/capoeiras\/wp-content\/uploads\/2025\/02\/DPIN_2025.pdf\" target=\"_blank\" rel=\"noopener\"><i class=\"fa fa-file\" data-raofz=\"13\"><\/i> Visualizar<\/a><\/td>\n<\/tr>\n<tr>\n<td>2024<\/td>\n<td>Demonstrativo da Pol\u00edtica de Investimentos<\/td>\n<td><a href=\"https:\/\/3itserver.com.br\/capoeiras\/wp-content\/uploads\/2024\/01\/DPIN_2024.pdf\" target=\"_blank\" rel=\"noopener\"><i class=\"fa fa-file\" data-raofz=\"13\"><\/i> Visualizar<\/a><\/td>\n<\/tr>\n<tr>\n<td>2023<\/td>\n<td>Demonstrativo da Pol\u00edtica de Investimentos<\/td>\n<td><a href=\"https:\/\/3itserver.com.br\/capoeiras\/wp-content\/uploads\/2023\/05\/DPIN_2023.pdf\" target=\"_blank\" rel=\"noopener\"><i class=\"fa fa-file\" data-raofz=\"13\"><\/i> Visualizar<\/a><\/td>\n<\/tr>\n<tr>\n<td>2022<\/td>\n<td>Demonstrativo da Pol\u00edtica de Investimentos<\/td>\n<td><a href=\"https:\/\/3itserver.com.br\/capoeiras\/wp-content\/uploads\/2022\/06\/DPIN_2022.pdf\" target=\"_blank\" rel=\"noopener\"><i class=\"fa fa-file\" data-raofz=\"13\"><\/i> Visualizar<\/a><\/td>\n<\/tr>\n<tr>\n<td>2021<\/td>\n<td>Demonstrativo da Pol\u00edtica de Investimentos<\/td>\n<td><a href=\"https:\/\/3itserver.com.br\/capoeiras\/wp-content\/uploads\/2022\/06\/DPIN_2021.pdf\" target=\"_blank\" rel=\"noopener\"><i class=\"fa fa-file\" data-raofz=\"13\"><\/i> Visualizar<\/a><\/td>\n<\/tr>\n<tr>\n<td>2020<\/td>\n<td>Demonstrativo da Pol\u00edtica de Investimentos<\/td>\n<td><a href=\"https:\/\/3itserver.com.br\/capoeiras\/wp-content\/uploads\/2022\/06\/DPIN_2020.pdf\" target=\"_blank\" rel=\"noopener\"><i class=\"fa fa-file\" data-raofz=\"13\"><\/i> Visualizar<\/a><\/td>\n<\/tr>\n<tr>\n<td>2019<\/td>\n<td>Demonstrativo da Pol\u00edtica de Investimentos<\/td>\n<td><a href=\"https:\/\/3itserver.com.br\/capoeiras\/wp-content\/uploads\/2022\/06\/DPIN_2019.pdf\" target=\"_blank\" rel=\"noopener\"><i class=\"fa fa-file\" data-raofz=\"13\"><\/i> Visualizar<\/a><\/td>\n<\/tr>\n<p><!--\n\n\n<tr>\n\n\n<td>2016<\/td>\n\n\n\n\n<td>Demonstrativo da Pol\u00edtica de Investimentos<\/td>\n\n\n\n\n<td><a href=\"http:\/\/ipseccapoeiras.com.br\/\/wp-content\/uploads\/2020\/01\/P.A.I.-2016-Assinado-1-girado.pdf\" target=\"_blank\">Visualizar<\/a><\/td>\n\n\n<\/tr>\n\n\n\n\n<tr>\n\n\n<td>2015<\/td>\n\n\n\n\n<td>Demonstrativo da Pol\u00edtica de Investimentos<\/td>\n\n\n\n\n<td><a href=\"http:\/\/ipseccapoeiras.com.br\/\/wp-content\/uploads\/2020\/01\/P.A.I.-2015-Assinado-1-girado.pdf\" target=\"_blank\">Visualizar<\/a><\/td>\n\n\n<\/tr>\n\n--><br \/>\n<\/tbody>\n<\/table>\n","protected":false},"excerpt":{"rendered":"<p>Ano Descri\u00e7\u00e3o Visualizar 2025 Demonstrativo da Pol\u00edtica de Investimentos Visualizar 2024 Demonstrativo da Pol\u00edtica de Investimentos Visualizar 2023 Demonstrativo da Pol\u00edtica de Investimentos Visualizar 2022 Demonstrativo da Pol\u00edtica de Investimentos Visualizar 2021 Demonstrativo da Pol\u00edtica de Investimentos Visualizar 2020 Demonstrativo da Pol\u00edtica de Investimentos Visualizar 2019 Demonstrativo da Pol\u00edtica de Investimentos Visualizar<\/p>\n","protected":false},"author":1,"featured_media":0,"parent":239,"menu_order":0,"comment_status":"closed","ping_status":"closed","template":"","meta":{"_et_pb_use_builder":"","_et_pb_old_content":"","_et_gb_content_width":"","footnotes":""},"class_list":["post-242","page","type-page","status-publish","hentry"],"_links":{"self":[{"href":"https:\/\/3itserver.com.br\/capoeiras\/wp-json\/wp\/v2\/pages\/242","targetHints":{"allow":["GET"]}}],"collection":[{"href":"https:\/\/3itserver.com.br\/capoeiras\/wp-json\/wp\/v2\/pages"}],"about":[{"href":"https:\/\/3itserver.com.br\/capoeiras\/wp-json\/wp\/v2\/types\/page"}],"author":[{"embeddable":true,"href":"https:\/\/3itserver.com.br\/capoeiras\/wp-json\/wp\/v2\/users\/1"}],"replies":[{"embeddable":true,"href":"https:\/\/3itserver.com.br\/capoeiras\/wp-json\/wp\/v2\/comments?post=242"}],"version-history":[{"count":8,"href":"https:\/\/3itserver.com.br\/capoeiras\/wp-json\/wp\/v2\/pages\/242\/revisions"}],"predecessor-version":[{"id":1693,"href":"https:\/\/3itserver.com.br\/capoeiras\/wp-json\/wp\/v2\/pages\/242\/revisions\/1693"}],"up":[{"embeddable":true,"href":"https:\/\/3itserver.com.br\/capoeiras\/wp-json\/wp\/v2\/pages\/239"}],"wp:attachment":[{"href":"https:\/\/3itserver.com.br\/capoeiras\/wp-json\/wp\/v2\/media?parent=242"}],"curies":[{"name":"wp","href":"https:\/\/api.w.org\/{rel}","templated":true}]}}