{"id":239,"date":"2020-01-16T15:21:09","date_gmt":"2020-01-16T18:21:09","guid":{"rendered":"http:\/\/ipseccapoeiras.com.br\/\/?page_id=239"},"modified":"2025-09-30T08:54:12","modified_gmt":"2025-09-30T11:54:12","slug":"transparencia","status":"publish","type":"page","link":"https:\/\/3itserver.com.br\/capoeiras\/transparencia\/","title":{"rendered":"Transpar\u00eancia"},"content":{"rendered":"\n<blockquote class=\"wp-block-quote is-layout-flow wp-block-quote-is-layout-flow\">\n<p>Ac\u00f3rd\u00e3os das Decis\u00f5es do Tribunal de Contas &#8211; Contas Anuais do RPPS e o Parecer Pr\u00e9vio das Contas de Governo<\/p>\n<\/blockquote>\n\n\n\n<blockquote class=\"wp-block-quote is-layout-flow wp-block-quote-is-layout-flow\">\n<p>Avalia\u00e7\u00e3o Atuarial<\/p>\n<\/blockquote>\n\n\n\n<blockquote class=\"wp-block-quote is-layout-flow wp-block-quote-is-layout-flow\">\n<p><a href=\"https:\/\/3itserver.com.br\/capoeiras\/transparencia\/balancetes\">Balancetes<\/a><\/p>\n<\/blockquote>\n\n\n\n<blockquote class=\"wp-block-quote is-layout-flow wp-block-quote-is-layout-flow\">\n<p><a href=\"https:\/\/3itserver.com.br\/capoeiras\/transparencia\/certidoes-negativas-de-tributos\/\">Certid\u00f5es Negativas de Tributos<\/a><\/p>\n<\/blockquote>\n\n\n\n<blockquote class=\"wp-block-quote is-layout-flow wp-block-quote-is-layout-flow\">\n<p>Composi\u00e7\u00e3o Mensal da Carteira de Investimentos<\/p>\n<\/blockquote>\n\n\n\n<blockquote class=\"wp-block-quote is-layout-flow wp-block-quote-is-layout-flow\">\n<p><a href=\"https:\/\/3itserver.com.br\/capoeiras\/transparencia\/extratos-bancarios-mensais\">Extratos Banc\u00e1rios Mensais<\/a><\/p>\n<\/blockquote>\n\n\n\n<blockquote class=\"wp-block-quote is-layout-flow wp-block-quote-is-layout-flow\">\n<p><a href=\"https:\/\/3itserver.com.br\/capoeiras\/transparencia\/extratos-mensais-de-investimentos\">Extratos Mensais de Investimentos<\/a><\/p>\n<\/blockquote>\n\n\n\n<blockquote class=\"wp-block-quote is-layout-flow wp-block-quote-is-layout-flow\">\n<p><a href=\"https:\/\/3itserver.com.br\/capoeiras\/transparencia\/aprs\/\">APR<\/a><\/p>\n<\/blockquote>\n\n\n\n<blockquote class=\"wp-block-quote is-layout-flow wp-block-quote-is-layout-flow\">\n<p><a href=\"https:\/\/cadprev.previdencia.gov.br\/Cadprev\/pages\/index.xhtml\" target=\"_blank\" rel=\"noreferrer noopener\">CADPREV<\/a><\/p>\n<\/blockquote>\n\n\n\n<blockquote class=\"wp-block-quote is-layout-flow wp-block-quote-is-layout-flow\">\n<p><a href=\"https:\/\/cadprev.previdencia.gov.br\/Cadprev\/pages\/publico\/comprovanteRepasse\/pesquisarEnteComprovanteRepasse.xhtml\" target=\"_blank\" rel=\"noreferrer noopener\">Comprovante de Repasse<\/a><\/p>\n<\/blockquote>\n\n\n\n<blockquote class=\"wp-block-quote is-layout-flow wp-block-quote-is-layout-flow\">\n<p><a href=\"https:\/\/3itserver.com.br\/capoeiras\/transparencia\/crp\/\" target=\"_blank\" rel=\"noreferrer noopener\">CRP<\/a><\/p>\n<\/blockquote>\n\n\n\n<blockquote class=\"wp-block-quote is-layout-flow wp-block-quote-is-layout-flow\">\n<p><a href=\"https:\/\/3itserver.com.br\/capoeiras\/transparencia\/dair\/\">DAIR<\/a><\/p>\n<\/blockquote>\n\n\n\n<blockquote class=\"wp-block-quote is-layout-flow wp-block-quote-is-layout-flow\">\n<p><a href=\"https:\/\/3itserver.com.br\/capoeiras\/transparencia\/dipr\/\">DIPR<\/a><\/p>\n<\/blockquote>\n\n\n\n<blockquote class=\"wp-block-quote is-layout-flow wp-block-quote-is-layout-flow\">\n<p><a href=\"https:\/\/3itserver.com.br\/capoeiras\/transparencia\/demonstrativos-dpin\/\">DPIN<\/a><\/p>\n<\/blockquote>\n\n\n\n<blockquote class=\"wp-block-quote is-layout-flow wp-block-quote-is-layout-flow\">\n<p><a href=\"https:\/\/3itserver.com.br\/capoeiras\/transparencia\/draa\/\">DRAA<\/a><\/p>\n<\/blockquote>\n\n\n\n<blockquote class=\"wp-block-quote is-layout-flow wp-block-quote-is-layout-flow\">\n<p>Demonstra\u00e7\u00f5es Financeiras e Cont\u00e1beis<\/p>\n<\/blockquote>\n\n\n\n<blockquote class=\"wp-block-quote is-layout-flow wp-block-quote-is-layout-flow\">\n<p><a href=\"https:\/\/3itserver.com.br\/capoeiras\/transparencia\/informacoes-concernentes-a-procedimentos-licitatorios-e-contratos-administrativos\">Informa\u00e7\u00f5es Concernentes a Procedimentos Licitat\u00f3rios e Contratos Administrativos<\/a><\/p>\n<\/blockquote>\n\n\n\n<blockquote class=\"wp-block-quote is-layout-flow wp-block-quote-is-layout-flow\">\n<p>Plano de A\u00e7\u00e3o Anual<\/p>\n<\/blockquote>\n\n\n\n<blockquote class=\"wp-block-quote is-layout-flow wp-block-quote-is-layout-flow\">\n<p><a href=\"https:\/\/3itserver.com.br\/capoeiras\/transparencia\/politica-de-investimentos\/\">Pol\u00edtica de Investimentos<\/a><\/p>\n<\/blockquote>\n\n\n\n<blockquote class=\"wp-block-quote is-layout-flow wp-block-quote-is-layout-flow\">\n<p>Rela\u00e7\u00e3o de Entidades Credenciadas<\/p>\n<\/blockquote>\n\n\n\n<blockquote class=\"wp-block-quote is-layout-flow wp-block-quote-is-layout-flow\">\n<p>Relat\u00f3rio de Avalia\u00e7\u00e3o do Passivo Judicial<\/p>\n<\/blockquote>\n\n\n\n<blockquote class=\"wp-block-quote is-layout-flow wp-block-quote-is-layout-flow\">\n<p>Relat\u00f3rios Mensais e Anuais dos Investimentos<\/p>\n<\/blockquote>\n","protected":false},"excerpt":{"rendered":"<p>Ac\u00f3rd\u00e3os das Decis\u00f5es do Tribunal de Contas &#8211; Contas Anuais do RPPS e o Parecer Pr\u00e9vio das Contas de Governo Avalia\u00e7\u00e3o Atuarial Balancetes Certid\u00f5es Negativas de Tributos Composi\u00e7\u00e3o Mensal da Carteira de Investimentos Extratos Banc\u00e1rios Mensais Extratos Mensais de Investimentos APR CADPREV Comprovante de Repasse CRP DAIR DIPR DPIN DRAA Demonstra\u00e7\u00f5es Financeiras e Cont\u00e1beis Informa\u00e7\u00f5es [&hellip;]<\/p>\n","protected":false},"author":1,"featured_media":0,"parent":0,"menu_order":0,"comment_status":"closed","ping_status":"closed","template":"","meta":{"_et_pb_use_builder":"","_et_pb_old_content":"","_et_gb_content_width":"","footnotes":""},"class_list":["post-239","page","type-page","status-publish","hentry"],"_links":{"self":[{"href":"https:\/\/3itserver.com.br\/capoeiras\/wp-json\/wp\/v2\/pages\/239","targetHints":{"allow":["GET"]}}],"collection":[{"href":"https:\/\/3itserver.com.br\/capoeiras\/wp-json\/wp\/v2\/pages"}],"about":[{"href":"https:\/\/3itserver.com.br\/capoeiras\/wp-json\/wp\/v2\/types\/page"}],"author":[{"embeddable":true,"href":"https:\/\/3itserver.com.br\/capoeiras\/wp-json\/wp\/v2\/users\/1"}],"replies":[{"embeddable":true,"href":"https:\/\/3itserver.com.br\/capoeiras\/wp-json\/wp\/v2\/comments?post=239"}],"version-history":[{"count":11,"href":"https:\/\/3itserver.com.br\/capoeiras\/wp-json\/wp\/v2\/pages\/239\/revisions"}],"predecessor-version":[{"id":2130,"href":"https:\/\/3itserver.com.br\/capoeiras\/wp-json\/wp\/v2\/pages\/239\/revisions\/2130"}],"wp:attachment":[{"href":"https:\/\/3itserver.com.br\/capoeiras\/wp-json\/wp\/v2\/media?parent=239"}],"curies":[{"name":"wp","href":"https:\/\/api.w.org\/{rel}","templated":true}]}}