{"id":1891,"date":"2025-05-27T07:40:58","date_gmt":"2025-05-27T10:40:58","guid":{"rendered":"https:\/\/3itserver.com.br\/capoeiras\/?page_id=1891"},"modified":"2025-05-27T07:41:39","modified_gmt":"2025-05-27T10:41:39","slug":"conheca-a-cidade","status":"publish","type":"page","link":"https:\/\/3itserver.com.br\/capoeiras\/institucional\/conheca-a-cidade\/","title":{"rendered":"Conhe\u00e7a a cidade"},"content":{"rendered":"\n<h3>Uma breve hist\u00f3ria de Capoeiras:<\/h3>\n<p>Capoeiras faz parte do estado de Pernambuco. Administrativamente, o munic\u00edpio \u00e9 formado pelo distrito sede e pelos povoados de Mani\u00e7oba, Alegre e Riacho do Mel. Primitivamente as terras pertenciam ao munic\u00edpio de S\u00e3o Bento do Una. O distrito foi criado em 24 de Dezembro de 1901. Foi emancipado em 1963 pela Lei estadual no 4998, de 21 de Dezembro de 1963, assinada pelo governador Miguel Arraes de Alencar. Distrito criado com a denomina\u00e7\u00e3o de Capoeiras, pela lei municipal no 31, de 24-12-1901, subordinado ao munic\u00edpio de S\u00e3o Bento. Em divis\u00e3o administrativa referente ao ano de 1911, o distrito de Capoeiras figura no munic\u00edpio de S\u00e3o Bento.<\/p>\n<p>Posteriormente, pelo decreto-lei estadual no 235, de 09-12-1938, o munic\u00edpio de S\u00e3o Bento passou a denominar-se S\u00e3o Bento do Una e o distrito de Capoeiras passa a pertencer ao munic\u00edpio de S\u00e3o Bento do Una.<\/p>\n<p>Elevado \u00e0 categoria de munic\u00edpio com a denomina\u00e7\u00e3o de Capoeiras, pela lei estadual no 4998, de 21-12-1963, desmembrado de S\u00e3o Bento do Una. Sede no antigo distrito de Capoeiras. Constitu\u00eddo do distrito sede. Instalado em 08-07-1964.<\/p>\n<p>Capoeiras est\u00e1 inserida nos dom\u00ednios das Bacias Hidrogr\u00e1ficas dos Rios Una, Munda\u00fa e do Grupo de Bacias de Pequenos Rios Interiores. Os principais tribut\u00e1rios s\u00e3o o Rio Una e os riachos do Mimoso, do Mocambo, Pau-Ferro, da Pracinha, Bom Destino, do Mel Do Meio e S\u00e3o Pedro, todos de regime intermitente. O munic\u00edpio conta com os a\u00e7udes Gurj\u00e3o (4.700.000 m3) e Cajarana (2.594.000 m3). Possui uma \u00e1rea de 344,39 km2.<\/p>\n<p>Confrontando com os seguintes munic\u00edpios ao norte: S\u00e3o Bento do Uma, sul: Garanhuns, leste: Jucati e oeste: Caet\u00e9s e Pesqueira.<\/p>\n<p>Capoeiras foi fundado em 24 de dezembro de 1901. Com data de anivers\u00e1rio em 21 de dezembro.<\/p>\n<p>Deste modo, no plano econ\u00f4mico\/cultura, temos dados importantes quando ao cultivo de milho, feij\u00e3o, mandioca e mamona, que constitu\u00edram-se em elementos fundamentais para o munic\u00edpio, destacando-se tamb\u00e9m a feira livre onde comercializava-se todo tipo de mercadorias, tornando-se centro de compras da regi\u00e3o, fator que perdura at\u00e9 a atualidade. Tendo a agricultura como um sustent\u00e1culo econ\u00f4mico, a lavoura \u00e9 preponderante para a economia regional.<\/p>\n<p>O rebanho bovino do munic\u00edpio \u00e9 de grande valia hist\u00f3rica e economicamente considerando um dos principais \u00edndices da pecu\u00e1ria do Estado.<\/p>\n<p>Deste modo, Capoeiras tamb\u00e9m t\u00eam seus pontos tur\u00edsticos, suas manifesta\u00e7\u00f5es folcl\u00f3ricas, suas tradi\u00e7\u00f5es, podendo falar nas festas que unem harmonicamente os conterr\u00e2neos, a \u201cFesta de S\u00e3o Jos\u00e9\u201d (tradicional festa do padroeiro \u2013 com prociss\u00e3o, leil\u00e3o, atra\u00e7\u00f5es musicais e muita divers\u00e3o), que ocorre em mar\u00e7o; tamb\u00e9m, a \u201cFesta do Estudante\u201d, que acontece no m\u00eas de setembro.<\/p>\n<p>Como ponto tur\u00edstico do munic\u00edpio, erguido no ponto mais alto de Capoeiras, o Monumento em Homenagem a Frei Dami\u00e3o de Bozzano fica situado a apenas 1 km do centro da cidade. Movimenta centenas de fi\u00e9is todos os anos, durante a celebra\u00e7\u00e3o do anivers\u00e1rio do frei, quando \u00e9 celerada a tradicional missa campal. Al\u00e9m de ser um ponto de interesse religioso, o monumento oferece uma vista privilegiada da cidade.<\/p>\n","protected":false},"excerpt":{"rendered":"<p>Uma breve hist\u00f3ria de Capoeiras: Capoeiras faz parte do estado de Pernambuco. Administrativamente, o munic\u00edpio \u00e9 formado pelo distrito sede e pelos povoados de Mani\u00e7oba, Alegre e Riacho do Mel. Primitivamente as terras pertenciam ao munic\u00edpio de S\u00e3o Bento do Una. O distrito foi criado em 24 de Dezembro de 1901. Foi emancipado em 1963 [&hellip;]<\/p>\n","protected":false},"author":1,"featured_media":0,"parent":226,"menu_order":0,"comment_status":"closed","ping_status":"closed","template":"","meta":{"_et_pb_use_builder":"off","_et_pb_old_content":"","_et_gb_content_width":"","footnotes":""},"class_list":["post-1891","page","type-page","status-publish","hentry"],"_links":{"self":[{"href":"https:\/\/3itserver.com.br\/capoeiras\/wp-json\/wp\/v2\/pages\/1891","targetHints":{"allow":["GET"]}}],"collection":[{"href":"https:\/\/3itserver.com.br\/capoeiras\/wp-json\/wp\/v2\/pages"}],"about":[{"href":"https:\/\/3itserver.com.br\/capoeiras\/wp-json\/wp\/v2\/types\/page"}],"author":[{"embeddable":true,"href":"https:\/\/3itserver.com.br\/capoeiras\/wp-json\/wp\/v2\/users\/1"}],"replies":[{"embeddable":true,"href":"https:\/\/3itserver.com.br\/capoeiras\/wp-json\/wp\/v2\/comments?post=1891"}],"version-history":[{"count":1,"href":"https:\/\/3itserver.com.br\/capoeiras\/wp-json\/wp\/v2\/pages\/1891\/revisions"}],"predecessor-version":[{"id":1893,"href":"https:\/\/3itserver.com.br\/capoeiras\/wp-json\/wp\/v2\/pages\/1891\/revisions\/1893"}],"up":[{"embeddable":true,"href":"https:\/\/3itserver.com.br\/capoeiras\/wp-json\/wp\/v2\/pages\/226"}],"wp:attachment":[{"href":"https:\/\/3itserver.com.br\/capoeiras\/wp-json\/wp\/v2\/media?parent=1891"}],"curies":[{"name":"wp","href":"https:\/\/api.w.org\/{rel}","templated":true}]}}