{"id":140,"date":"2019-02-19T16:40:03","date_gmt":"2019-02-19T19:40:03","guid":{"rendered":"http:\/\/ipseccapoeiras.com.br\/\/?page_id=140"},"modified":"2025-09-30T11:54:02","modified_gmt":"2025-09-30T14:54:02","slug":"governanca-corporativa","status":"publish","type":"page","link":"https:\/\/3itserver.com.br\/capoeiras\/governanca-corporativa\/","title":{"rendered":"Governan\u00e7a Corporativa"},"content":{"rendered":"\n<blockquote class=\"wp-block-quote is-layout-flow wp-block-quote-is-layout-flow\">\n<p><a href=\"https:\/\/3itserver.com.br\/capoeiras\/governanca-corporativa\/beneficios-concedidos\/\">Benef\u00edcios Concedidos<\/a><\/p>\n<\/blockquote>\n\n\n\n<blockquote class=\"wp-block-quote is-layout-flow wp-block-quote-is-layout-flow\">\n<p>Comit\u00ea de Investimentos<\/p>\n<cite>&#8211; Atas de Reuni\u00f5es<br>&#8211; Calend\u00e1rio de Reuni\u00f5es<br>&#8211; Membros<br>&#8211; Portarias<br>&#8211; Regimento Interno<\/cite><\/blockquote>\n\n\n\n<blockquote class=\"wp-block-quote is-layout-flow wp-block-quote-is-layout-flow\">\n<p>Conselho Deliberativo<\/p>\n<cite><a href=\"https:\/\/3itserver.com.br\/capoeiras\/governanca-corporativa\/conselho-deliberativo\/atas-de-reunioes\/\">&#8211; Atas de Reuni\u00f5es<\/a><br><a href=\"https:\/\/3itserver.com.br\/capoeiras\/governanca-corporativa\/conselho-deliberativo\/calendario-de-reunioes\/\">&#8211; Calend\u00e1rio de Reuni\u00f5es<\/a><br>&#8211; Membros<br><a href=\"https:\/\/3itserver.com.br\/capoeiras\/governanca-corporativa\/conselho-deliberativo\/portarias\/\">&#8211; Portarias<\/a><br>&#8211; Regimento Interno<\/cite><\/blockquote>\n\n\n\n<blockquote class=\"wp-block-quote is-layout-flow wp-block-quote-is-layout-flow\">\n<p>Conselho Fiscal<\/p>\n<cite>&#8211; <a href=\"https:\/\/3itserver.com.br\/capoeiras\/governanca-corporativa\/conselho-deliberativo\/atas-de-reunioes\/\">Atas de Reuni\u00f5es<\/a><br>&#8211; <a href=\"https:\/\/3itserver.com.br\/capoeiras\/governanca-corporativa\/conselho-deliberativo\/calendario-de-reunioes\/\">Calend\u00e1rio de Reuni\u00f5es<\/a><br>&#8211; Membros<br>&#8211; Portarias<br>&#8211; Regimento Interno<\/cite><\/blockquote>\n\n\n\n<blockquote class=\"wp-block-quote is-layout-flow wp-block-quote-is-layout-flow\">\n<p>Diretoria Executiva<\/p>\n<cite>&#8211; Atas de Reuni\u00f5es<br>&#8211; Calend\u00e1rio de Reuni\u00f5es<br>&#8211; Membros<br>&#8211; Portarias<br>&#8211; Regimento Interno<\/cite><\/blockquote>\n\n\n\n<blockquote class=\"wp-block-quote is-layout-flow wp-block-quote-is-layout-flow\">\n<p>C\u00f3digo de \u00c9tica<\/p>\n<\/blockquote>\n\n\n\n<blockquote class=\"wp-block-quote is-layout-flow wp-block-quote-is-layout-flow\">\n<p>Defini\u00e7\u00e3o de Limites de Al\u00e7adas<\/p>\n<\/blockquote>\n\n\n\n<blockquote class=\"wp-block-quote is-layout-flow wp-block-quote-is-layout-flow\">\n<p><a href=\"https:\/\/3sic.app.br\/#\/982375\">e-Sic<\/a><\/p>\n<\/blockquote>\n\n\n\n<blockquote class=\"wp-block-quote is-layout-flow wp-block-quote-is-layout-flow\">\n<p>Gest\u00e3o de Pessoas<\/p>\n<\/blockquote>\n\n\n\n<blockquote class=\"wp-block-quote is-layout-flow wp-block-quote-is-layout-flow\">\n<p><a href=\"https:\/\/3itserver.com.br\/capoeiras\/governanca-corporativa\/legislacao\/\">Legisla\u00e7\u00e3o<\/a><\/p>\n<\/blockquote>\n\n\n\n<blockquote class=\"wp-block-quote is-layout-flow wp-block-quote-is-layout-flow\">\n<p>Mandato, Representa\u00e7\u00e3o e Recondu\u00e7\u00e3o (Conselhos)<\/p>\n<\/blockquote>\n\n\n\n<blockquote class=\"wp-block-quote is-layout-flow wp-block-quote-is-layout-flow\">\n<p><a href=\"https:\/\/3sic.app.br\/#\/982375\/ouvidoria\">Ouvidoria<\/a><\/p>\n<\/blockquote>\n\n\n\n<blockquote class=\"wp-block-quote is-layout-flow wp-block-quote-is-layout-flow\">\n<p><a href=\"https:\/\/3itserver.com.br\/capoeiras\/pesquisa-de-satisfacao\/\">Pesquisa de Satisfa\u00e7\u00e3o<\/a><\/p>\n<\/blockquote>\n\n\n\n<blockquote class=\"wp-block-quote is-layout-flow wp-block-quote-is-layout-flow\">\n<p>Planejamento Estrat\u00e9gico<\/p>\n<\/blockquote>\n\n\n\n<blockquote class=\"wp-block-quote is-layout-flow wp-block-quote-is-layout-flow\">\n<p>Pol\u00edticas Previdenci\u00e1rias de Sa\u00fade e Seguran\u00e7a do Servidor<\/p>\n<\/blockquote>\n\n\n\n<blockquote class=\"wp-block-quote is-layout-flow wp-block-quote-is-layout-flow\">\n<p>Relat\u00f3rio de Gest\u00e3o Atuarial<\/p>\n<\/blockquote>\n\n\n\n<blockquote class=\"wp-block-quote is-layout-flow wp-block-quote-is-layout-flow\">\n<p>Relat\u00f3rio de Governan\u00e7a Corporativa<\/p>\n<\/blockquote>\n\n\n\n<blockquote class=\"wp-block-quote is-layout-flow wp-block-quote-is-layout-flow\">\n<p>Segrega\u00e7\u00e3o das Atividades<\/p>\n<\/blockquote>\n","protected":false},"excerpt":{"rendered":"<p>Benef\u00edcios Concedidos Comit\u00ea de Investimentos &#8211; Atas de Reuni\u00f5es&#8211; Calend\u00e1rio de Reuni\u00f5es&#8211; Membros&#8211; Portarias&#8211; Regimento Interno Conselho Deliberativo &#8211; Atas de Reuni\u00f5es&#8211; Calend\u00e1rio de Reuni\u00f5es&#8211; Membros&#8211; Portarias&#8211; Regimento Interno Conselho Fiscal &#8211; Atas de Reuni\u00f5es&#8211; Calend\u00e1rio de Reuni\u00f5es&#8211; Membros&#8211; Portarias&#8211; Regimento Interno Diretoria Executiva &#8211; Atas de Reuni\u00f5es&#8211; Calend\u00e1rio de Reuni\u00f5es&#8211; Membros&#8211; Portarias&#8211; Regimento Interno [&hellip;]<\/p>\n","protected":false},"author":1,"featured_media":0,"parent":0,"menu_order":0,"comment_status":"closed","ping_status":"closed","template":"","meta":{"_et_pb_use_builder":"","_et_pb_old_content":"","_et_gb_content_width":"","footnotes":""},"class_list":["post-140","page","type-page","status-publish","hentry"],"_links":{"self":[{"href":"https:\/\/3itserver.com.br\/capoeiras\/wp-json\/wp\/v2\/pages\/140","targetHints":{"allow":["GET"]}}],"collection":[{"href":"https:\/\/3itserver.com.br\/capoeiras\/wp-json\/wp\/v2\/pages"}],"about":[{"href":"https:\/\/3itserver.com.br\/capoeiras\/wp-json\/wp\/v2\/types\/page"}],"author":[{"embeddable":true,"href":"https:\/\/3itserver.com.br\/capoeiras\/wp-json\/wp\/v2\/users\/1"}],"replies":[{"embeddable":true,"href":"https:\/\/3itserver.com.br\/capoeiras\/wp-json\/wp\/v2\/comments?post=140"}],"version-history":[{"count":12,"href":"https:\/\/3itserver.com.br\/capoeiras\/wp-json\/wp\/v2\/pages\/140\/revisions"}],"predecessor-version":[{"id":2133,"href":"https:\/\/3itserver.com.br\/capoeiras\/wp-json\/wp\/v2\/pages\/140\/revisions\/2133"}],"wp:attachment":[{"href":"https:\/\/3itserver.com.br\/capoeiras\/wp-json\/wp\/v2\/media?parent=140"}],"curies":[{"name":"wp","href":"https:\/\/api.w.org\/{rel}","templated":true}]}}